{"id":4716,"date":"2022-11-14T14:59:57","date_gmt":"2022-11-14T13:59:57","guid":{"rendered":"https:\/\/antcube.shop\/produkt\/gittereinsatz-acryl-50-mm-klar-fein\/"},"modified":"2026-04-05T19:45:28","modified_gmt":"2026-04-05T17:45:28","slug":"siatka-wkladka-akrylowa-50-mm-przezroczysta-drobna","status":"publish","type":"product","link":"https:\/\/antcube.shop\/pl\/produkt\/siatka-wkladka-akrylowa-50-mm-przezroczysta-drobna\/","title":{"rendered":"Wk\u0142adka do siatki akrylowa 50 mm - przezroczysta - drobna"},"content":{"rendered":"<p><strong>Ilo\u015b\u0107:<\/strong> 1 szt.<\/p>\n<p><strong>Wymiary:<\/strong> 60x10mm<\/p>\n<p><strong>Kolor:<\/strong> jasne<\/p>\n<p><strong>Materia\u0142:<\/strong> tworzywo sztuczne, stal nierdzewna<\/p>\n<p><strong>Opis:<\/strong> kratka wentylacyjna o \u015brednicy wtyczki 50mm do zamykania otwor\u00f3w o \u015brednicy 50mm. Zawiera artyku\u0142: \"Wk\u0142adka siatkowa akrylowa 50 mm - przezroczysta\" po\u0142\u0105czona z bardzo drobn\u0105, bardzo wytrzyma\u0142\u0105 siatk\u0105 ze stali nierdzewnej (0,2-0,3 mm), kt\u00f3ra uniemo\u017cliwia nawet ma\u0142ym mr\u00f3wkom przebicie si\u0119 przez szerokie szczeliny wentylacyjne wk\u0142adki siatkowej. Nadaje si\u0119 r\u00f3wnie\u017c do bardzo silnych gatunk\u00f3w gryz\u0105cych, takich jak mr\u00f3wki dr\u0105\u017c\u0105ce li\u015bcie!<\/p>","protected":false},"excerpt":{"rendered":"<p>Do otwor\u00f3w\/otwor\u00f3w o \u015brednicy 50mm.<\/p>","protected":false},"featured_media":4809,"comment_status":"open","ping_status":"closed","template":"","meta":{"_acf_changed":false,"content-type":"","_monsterinsights_skip_tracking":false,"_monsterinsights_sitenote_active":false,"_monsterinsights_sitenote_note":"","_monsterinsights_sitenote_category":0},"product_brand":[],"product_cat":[238],"product_tag":[],"class_list":{"0":"post-4716","1":"product","2":"type-product","3":"status-publish","4":"has-post-thumbnail","6":"product_cat-grid-caps-plugs-and-inserts","8":"first","9":"instock","10":"taxable","11":"shipping-taxable","12":"purchasable","13":"product-type-simple"},"acf":[],"aioseo_notices":[],"jetpack_sharing_enabled":true,"_links":{"self":[{"href":"https:\/\/antcube.shop\/pl\/wp-json\/wp\/v2\/product\/4716","targetHints":{"allow":["GET"]}}],"collection":[{"href":"https:\/\/antcube.shop\/pl\/wp-json\/wp\/v2\/product"}],"about":[{"href":"https:\/\/antcube.shop\/pl\/wp-json\/wp\/v2\/types\/product"}],"replies":[{"embeddable":true,"href":"https:\/\/antcube.shop\/pl\/wp-json\/wp\/v2\/comments?post=4716"}],"wp:featuredmedia":[{"embeddable":true,"href":"https:\/\/antcube.shop\/pl\/wp-json\/wp\/v2\/media\/4809"}],"wp:attachment":[{"href":"https:\/\/antcube.shop\/pl\/wp-json\/wp\/v2\/media?parent=4716"}],"wp:term":[{"taxonomy":"product_brand","embeddable":true,"href":"https:\/\/antcube.shop\/pl\/wp-json\/wp\/v2\/product_brand?post=4716"},{"taxonomy":"product_cat","embeddable":true,"href":"https:\/\/antcube.shop\/pl\/wp-json\/wp\/v2\/product_cat?post=4716"},{"taxonomy":"product_tag","embeddable":true,"href":"https:\/\/antcube.shop\/pl\/wp-json\/wp\/v2\/product_tag?post=4716"}],"curies":[{"name":"wp","href":"https:\/\/api.w.org\/{rel}","templated":true}]}}