{"id":4715,"date":"2022-11-14T14:59:42","date_gmt":"2022-11-14T13:59:42","guid":{"rendered":"https:\/\/antcube.shop\/produkt\/nadelstreu-klein-20g\/"},"modified":"2026-04-05T12:30:17","modified_gmt":"2026-04-05T10:30:17","slug":"needle-litter-small-20g","status":"publish","type":"product","link":"https:\/\/antcube.shop\/pl\/produkt\/needle-litter-small-20g\/","title":{"rendered":"\u015aci\u00f3\u0142ka z igie\u0142 - ma\u0142a - 20g"},"content":{"rendered":"<p><strong>Wymiary (d\u0142ugo\u015b\u0107):<\/strong> 7-12 mm<\/p>\n<p><strong>Materia\u0142:<\/strong> ig\u0142y modrzewiowe. Produkt naturalny<\/p>\n<p><strong>Kolor:<\/strong> Be\u017cowy, ciemnobr\u0105zowy, zielony<\/p>\n<p><strong>Opis:<\/strong> Suszone ig\u0142y do cel\u00f3w dekoracyjnych.<\/p>\n<p><strong>Uwaga:<\/strong> W zale\u017cno\u015bci od stopnia wysuszenia igie\u0142, mog\u0105 one mie\u0107 kolor zielony, be\u017cowy lub br\u0105zowy do ciemnobr\u0105zowego. Ig\u0142y b\u0119d\u0105 nadal wysycha\u0107 i traci\u0107 kolor w miar\u0119 up\u0142ywu czasu, osi\u0105gaj\u0105c najp\u00f3\u017aniej br\u0105zowy odcie\u0144.<\/p>","protected":false},"excerpt":{"rendered":"<p><strong>D\u0142ugo\u015b\u0107: <\/strong>7-12 mm<\/p>","protected":false},"featured_media":4942,"comment_status":"open","ping_status":"closed","template":"","meta":{"_acf_changed":false,"content-type":"","_monsterinsights_skip_tracking":false,"_monsterinsights_sitenote_active":false,"_monsterinsights_sitenote_note":"","_monsterinsights_sitenote_category":0},"product_brand":[],"product_cat":[95,98,101],"product_tag":[],"class_list":{"0":"post-4715","1":"product","2":"type-product","3":"status-publish","4":"has-post-thumbnail","6":"product_cat-accessories-for-ants","7":"product_cat-decoration","8":"product_cat-forest","10":"first","11":"instock","12":"taxable","13":"shipping-taxable","14":"purchasable","15":"product-type-simple"},"acf":[],"aioseo_notices":[],"jetpack_sharing_enabled":true,"_links":{"self":[{"href":"https:\/\/antcube.shop\/pl\/wp-json\/wp\/v2\/product\/4715","targetHints":{"allow":["GET"]}}],"collection":[{"href":"https:\/\/antcube.shop\/pl\/wp-json\/wp\/v2\/product"}],"about":[{"href":"https:\/\/antcube.shop\/pl\/wp-json\/wp\/v2\/types\/product"}],"replies":[{"embeddable":true,"href":"https:\/\/antcube.shop\/pl\/wp-json\/wp\/v2\/comments?post=4715"}],"wp:featuredmedia":[{"embeddable":true,"href":"https:\/\/antcube.shop\/pl\/wp-json\/wp\/v2\/media\/4942"}],"wp:attachment":[{"href":"https:\/\/antcube.shop\/pl\/wp-json\/wp\/v2\/media?parent=4715"}],"wp:term":[{"taxonomy":"product_brand","embeddable":true,"href":"https:\/\/antcube.shop\/pl\/wp-json\/wp\/v2\/product_brand?post=4715"},{"taxonomy":"product_cat","embeddable":true,"href":"https:\/\/antcube.shop\/pl\/wp-json\/wp\/v2\/product_cat?post=4715"},{"taxonomy":"product_tag","embeddable":true,"href":"https:\/\/antcube.shop\/pl\/wp-json\/wp\/v2\/product_tag?post=4715"}],"curies":[{"name":"wp","href":"https:\/\/api.w.org\/{rel}","templated":true}]}}