{"id":4714,"date":"2022-11-14T14:59:26","date_gmt":"2022-11-14T13:59:26","guid":{"rendered":"https:\/\/antcube.shop\/produkt\/fichtennadeln-100g\/"},"modified":"2026-04-01T13:27:54","modified_gmt":"2026-04-01T11:27:54","slug":"fichtennadeln-100g","status":"publish","type":"product","link":"https:\/\/antcube.shop\/pl\/produkt\/fichtennadeln-100g\/","title":{"rendered":"Ig\u0142y \u015bwierkowe 100g"},"content":{"rendered":"<p><strong>D\u0142ugo\u015b\u0107:<\/strong> 2cm<\/p>\n<p><strong>Opis:<\/strong> ig\u0142y zosta\u0142y oczyszczone i s\u0105 wolne od szkodliwych substancji, wi\u0119c mo\u017cna je od razu wykorzysta\u0107 do dekoracji.<\/p>\n<p><strong>Uwaga:<\/strong> w zale\u017cno\u015bci od stopnia wysuszenia ig\u0142y mog\u0105 mie\u0107 zabarwienie zielone, be\u017cowe lub br\u0105zowe do ciemnobr\u0105zowego. Ig\u0142y z czasem b\u0119d\u0105 nadal schn\u0105\u0107 i traci\u0107 kolor, najp\u00f3\u017aniej osi\u0105gaj\u0105c br\u0105zowy odcie\u0144.<\/p>","protected":false},"excerpt":{"rendered":"<p>d\u0142ugo\u015b\u0107: 2 cm<\/p>","protected":false},"featured_media":4947,"comment_status":"open","ping_status":"closed","template":"","meta":{"_acf_changed":false,"content-type":"","_monsterinsights_skip_tracking":false,"_monsterinsights_sitenote_active":false,"_monsterinsights_sitenote_note":"","_monsterinsights_sitenote_category":0},"product_brand":[],"product_cat":[95,98,101],"product_tag":[],"class_list":{"0":"post-4714","1":"product","2":"type-product","3":"status-publish","4":"has-post-thumbnail","6":"product_cat-accessories-for-ants","7":"product_cat-decoration","8":"product_cat-forest","10":"first","11":"instock","12":"taxable","13":"shipping-taxable","14":"purchasable","15":"product-type-simple"},"acf":[],"aioseo_notices":[],"jetpack_sharing_enabled":true,"_links":{"self":[{"href":"https:\/\/antcube.shop\/pl\/wp-json\/wp\/v2\/product\/4714","targetHints":{"allow":["GET"]}}],"collection":[{"href":"https:\/\/antcube.shop\/pl\/wp-json\/wp\/v2\/product"}],"about":[{"href":"https:\/\/antcube.shop\/pl\/wp-json\/wp\/v2\/types\/product"}],"replies":[{"embeddable":true,"href":"https:\/\/antcube.shop\/pl\/wp-json\/wp\/v2\/comments?post=4714"}],"wp:featuredmedia":[{"embeddable":true,"href":"https:\/\/antcube.shop\/pl\/wp-json\/wp\/v2\/media\/4947"}],"wp:attachment":[{"href":"https:\/\/antcube.shop\/pl\/wp-json\/wp\/v2\/media?parent=4714"}],"wp:term":[{"taxonomy":"product_brand","embeddable":true,"href":"https:\/\/antcube.shop\/pl\/wp-json\/wp\/v2\/product_brand?post=4714"},{"taxonomy":"product_cat","embeddable":true,"href":"https:\/\/antcube.shop\/pl\/wp-json\/wp\/v2\/product_cat?post=4714"},{"taxonomy":"product_tag","embeddable":true,"href":"https:\/\/antcube.shop\/pl\/wp-json\/wp\/v2\/product_tag?post=4714"}],"curies":[{"name":"wp","href":"https:\/\/api.w.org\/{rel}","templated":true}]}}