{"id":4712,"date":"2022-11-14T14:58:33","date_gmt":"2022-11-14T13:58:33","guid":{"rendered":"https:\/\/antcube.shop\/produkt\/humus-ziegel-brick-650g-ergibt-8-9l\/"},"modified":"2026-04-15T09:42:37","modified_gmt":"2026-04-15T07:42:37","slug":"humus-brick-650g-resulting-in-8-9l","status":"publish","type":"product","link":"https:\/\/antcube.shop\/pl\/produkt\/humus-brick-650g-resulting-in-8-9l\/","title":{"rendered":"Ceg\u0142a do humusu 650g - co daje 8-9l"},"content":{"rendered":"<p><strong>Zawarto\u015b\u0107 \/ obj\u0119to\u015b\u0107:<\/strong> Z 650g robi si\u0119 8-10 litr\u00f3w.<\/p>\n<p><strong>Opis:<\/strong> Formicarium Humus sk\u0142ada si\u0119 z naturalnej pr\u00f3chnicy z w\u0142\u00f3kna kokosowego, kt\u00f3ra zosta\u0142a sprasowana w cegie\u0142k\u0119. W po\u0142\u0105czeniu z wod\u0105 ceg\u0142a humusu p\u0119cznieje do oko\u0142o 8-10 razy swojej obj\u0119to\u015bci. Ten daj\u0105cy si\u0119 zakopa\u0107 humus formicarium jest doskona\u0142y dla mr\u00f3wek z region\u00f3w tropikalnych i mo\u017ce by\u0107 stosowany zar\u00f3wno na sucho, jak i na wilgotno. Formicarium Humus jest produktem czysto naturalnym, gwarantowanym, wolnym od wszelkich chemikali\u00f3w, pestycyd\u00f3w i nawoz\u00f3w oraz 100% kompostowalnym.<\/p>\n<p>- 100% wykonany z ro\u015blinnych surowc\u00f3w odnawialnych<br \/>\n- wysoka ch\u0142onno\u015b\u0107<br \/>\n- du\u017ca pojemno\u015b\u0107 magazynowania wody<\/p>\n<p><strong>Instrukcje:<\/strong> namoczy\u0107 ceg\u0142\u0119 w 4-5 litrach ciep\u0142ej wody w pojemniku przez oko\u0142o 20-30 min. Je\u015bli ceg\u0142a nie jest jeszcze ca\u0142kowicie rozpuszczona, reszt\u0119 rozbi\u0107 r\u0119cznie. W razie potrzeby odcisn\u0105\u0107 nadmiar wody z humusu.<\/p>","protected":false},"excerpt":{"rendered":"<p>Zawarto\u015b\u0107 \/ obj\u0119to\u015b\u0107: 650g daje 8-10 litr\u00f3w. Opis: Humus Formicarium sk\u0142ada si\u0119 z naturalnej pr\u00f3chnicy z w\u0142\u00f3kna kokosowego, kt\u00f3ra zosta\u0142a sprasowana w cegie\u0142k\u0119. W po\u0142\u0105czeniu z wod\u0105 ceg\u0142a humusu p\u0119cznieje do oko\u0142o 8-10 razy wi\u0119kszej obj\u0119to\u015bci. Ten daj\u0105cy si\u0119 zakopa\u0107 humus formicarium jest doskona\u0142y dla mr\u00f3wek z region\u00f3w tropikalnych i mo\u017ce by\u0107 stosowany zar\u00f3wno na sucho","protected":false},"featured_media":4811,"comment_status":"open","ping_status":"closed","template":"","meta":{"_acf_changed":false,"content-type":"","_monsterinsights_skip_tracking":false,"_monsterinsights_sitenote_active":false,"_monsterinsights_sitenote_note":"","_monsterinsights_sitenote_category":0},"product_brand":[],"product_cat":[96],"product_tag":[],"class_list":{"0":"post-4712","1":"product","2":"type-product","3":"status-publish","4":"has-post-thumbnail","6":"product_cat-soil","8":"first","9":"instock","10":"taxable","11":"shipping-taxable","12":"purchasable","13":"product-type-simple"},"acf":[],"aioseo_notices":[],"jetpack_sharing_enabled":true,"_links":{"self":[{"href":"https:\/\/antcube.shop\/pl\/wp-json\/wp\/v2\/product\/4712","targetHints":{"allow":["GET"]}}],"collection":[{"href":"https:\/\/antcube.shop\/pl\/wp-json\/wp\/v2\/product"}],"about":[{"href":"https:\/\/antcube.shop\/pl\/wp-json\/wp\/v2\/types\/product"}],"replies":[{"embeddable":true,"href":"https:\/\/antcube.shop\/pl\/wp-json\/wp\/v2\/comments?post=4712"}],"wp:featuredmedia":[{"embeddable":true,"href":"https:\/\/antcube.shop\/pl\/wp-json\/wp\/v2\/media\/4811"}],"wp:attachment":[{"href":"https:\/\/antcube.shop\/pl\/wp-json\/wp\/v2\/media?parent=4712"}],"wp:term":[{"taxonomy":"product_brand","embeddable":true,"href":"https:\/\/antcube.shop\/pl\/wp-json\/wp\/v2\/product_brand?post=4712"},{"taxonomy":"product_cat","embeddable":true,"href":"https:\/\/antcube.shop\/pl\/wp-json\/wp\/v2\/product_cat?post=4712"},{"taxonomy":"product_tag","embeddable":true,"href":"https:\/\/antcube.shop\/pl\/wp-json\/wp\/v2\/product_tag?post=4712"}],"curies":[{"name":"wp","href":"https:\/\/api.w.org\/{rel}","templated":true}]}}