{"id":4710,"date":"2022-11-14T14:58:00","date_gmt":"2022-11-14T13:58:00","guid":{"rendered":"https:\/\/antcube.shop\/produkt\/bodengrund-sand-lehm-weis-1000g\/"},"modified":"2026-04-06T18:30:28","modified_gmt":"2026-04-06T16:30:28","slug":"podloze-piasek-glina-bialy-1000g","status":"publish","type":"product","link":"https:\/\/antcube.shop\/pl\/produkt\/podloze-piasek-glina-bialy-1000g\/","title":{"rendered":"Pod\u0142o\u017ce - Sand-Loam bia\u0142e - 1000g"},"content":{"rendered":"<p><strong>Tre\u015b\u0107:<\/strong> 1000g<\/p>\n<p><strong>Materia\u0142:<\/strong> piasek, wapno, spoiwo wapienne<\/p>\n<p><strong>Kolor:<\/strong> bia\u0142y<\/p>\n<p><strong>Proporcje mieszania:<\/strong> diggable<\/p>\n<p><strong>Opis:<\/strong> Ta gotowa mieszanka piaskowo-glinkowa jest produktem czysto naturalnym. Kolorystyka pochodzi z bia\u0142ego piasku wapiennego. Si\u0142a pochodzi z wi\u0105\u017c\u0105cej mieszanki wapiennej, kt\u00f3ra jest nieszkodliwa dla zwierz\u0105t.<\/p>\n<p><strong>Zastosowanie:<\/strong> Gleba kopana, mo\u017ce by\u0107 stosowana do budowy gniazda i areny! Ma zwi\u0119kszon\u0105 wytrzyma\u0142o\u015b\u0107 w por\u00f3wnaniu z ziemi\u0105 be\u017cow\u0105, r\u00f3wnie\u017c w stanie wilgotnym.<\/p>\n<p><strong>Uwaga:<\/strong> poniewa\u017c jest to produkt czysto naturalny, mog\u0105 wyst\u0119powa\u0107 niewielkie r\u00f3\u017cnice w kolorze i strukturze, na kt\u00f3re nie mamy wp\u0142ywu.<\/p>\n<p><strong>Wa\u017cne:<\/strong> Przed u\u017cyciem nale\u017cy zwil\u017cy\u0107 pod\u0142o\u017ce, aby mieszanka mog\u0142a si\u0119 po\u0142\u0105czy\u0107 i mocno osadzi\u0107 w mr\u00f3wczej zagrodzie. Ponadto zbyt suche i zakurzone pod\u0142o\u017ce mo\u017ce spowodowa\u0107 zablokowanie dr\u00f3g oddechowych mr\u00f3wek, a w najgorszym wypadku uduszenie si\u0119 zwierz\u0105t.<\/p>","protected":false},"excerpt":{"rendered":"<p>Naturalne pod\u0142o\u017ce - nadaj\u0105ce si\u0119 do kopania<\/p>","protected":false},"featured_media":5725,"comment_status":"open","ping_status":"closed","template":"","meta":{"_acf_changed":false,"content-type":"","_monsterinsights_skip_tracking":false,"_monsterinsights_sitenote_active":false,"_monsterinsights_sitenote_note":"","_monsterinsights_sitenote_category":0},"product_brand":[],"product_cat":[95,96],"product_tag":[],"class_list":{"0":"post-4710","1":"product","2":"type-product","3":"status-publish","4":"has-post-thumbnail","6":"product_cat-accessories-for-ants","7":"product_cat-soil","9":"first","10":"instock","11":"taxable","12":"shipping-taxable","13":"purchasable","14":"product-type-simple"},"acf":[],"aioseo_notices":[],"jetpack_sharing_enabled":true,"_links":{"self":[{"href":"https:\/\/antcube.shop\/pl\/wp-json\/wp\/v2\/product\/4710","targetHints":{"allow":["GET"]}}],"collection":[{"href":"https:\/\/antcube.shop\/pl\/wp-json\/wp\/v2\/product"}],"about":[{"href":"https:\/\/antcube.shop\/pl\/wp-json\/wp\/v2\/types\/product"}],"replies":[{"embeddable":true,"href":"https:\/\/antcube.shop\/pl\/wp-json\/wp\/v2\/comments?post=4710"}],"wp:featuredmedia":[{"embeddable":true,"href":"https:\/\/antcube.shop\/pl\/wp-json\/wp\/v2\/media\/5725"}],"wp:attachment":[{"href":"https:\/\/antcube.shop\/pl\/wp-json\/wp\/v2\/media?parent=4710"}],"wp:term":[{"taxonomy":"product_brand","embeddable":true,"href":"https:\/\/antcube.shop\/pl\/wp-json\/wp\/v2\/product_brand?post=4710"},{"taxonomy":"product_cat","embeddable":true,"href":"https:\/\/antcube.shop\/pl\/wp-json\/wp\/v2\/product_cat?post=4710"},{"taxonomy":"product_tag","embeddable":true,"href":"https:\/\/antcube.shop\/pl\/wp-json\/wp\/v2\/product_tag?post=4710"}],"curies":[{"name":"wp","href":"https:\/\/api.w.org\/{rel}","templated":true}]}}