{"id":4708,"date":"2022-11-14T14:57:30","date_gmt":"2022-11-14T13:57:30","guid":{"rendered":"https:\/\/antcube.shop\/produkt\/dekosteine-1000g-rot\/"},"modified":"2026-03-25T18:20:04","modified_gmt":"2026-03-25T17:20:04","slug":"decorative-stones-1000g-red","status":"publish","type":"product","link":"https:\/\/antcube.shop\/pl\/produkt\/decorative-stones-1000g-red\/","title":{"rendered":"Kamienie dekoracyjne 1000g - czerwone"},"content":{"rendered":"<p><strong>Tre\u015b\u0107\/obj\u0119to\u015b\u0107:<\/strong> 1000g<\/p>\n<p><strong>Wielko\u015b\u0107 ziarna:<\/strong> 8 - 16 mm<\/p>\n<p><strong>Kolor:<\/strong> czerwono-szary<\/p>\n<p><strong>Opis:<\/strong> Grys granitowy jest bardzo dekoracyjnym pod\u0142o\u017cem.<\/p>\n<p>&nbsp;<\/p>","protected":false},"excerpt":{"rendered":"<p>Granulacja: 8 - 16 mm<\/p>","protected":false},"featured_media":5518,"comment_status":"open","ping_status":"closed","template":"","meta":{"_acf_changed":false,"content-type":"","_monsterinsights_skip_tracking":false,"_monsterinsights_sitenote_active":false,"_monsterinsights_sitenote_note":"","_monsterinsights_sitenote_category":0},"product_brand":[],"product_cat":[98],"product_tag":[],"class_list":{"0":"post-4708","1":"product","2":"type-product","3":"status-publish","4":"has-post-thumbnail","6":"product_cat-decoration","8":"first","9":"instock","10":"taxable","11":"shipping-taxable","12":"purchasable","13":"product-type-simple"},"acf":[],"aioseo_notices":[],"jetpack_sharing_enabled":true,"_links":{"self":[{"href":"https:\/\/antcube.shop\/pl\/wp-json\/wp\/v2\/product\/4708","targetHints":{"allow":["GET"]}}],"collection":[{"href":"https:\/\/antcube.shop\/pl\/wp-json\/wp\/v2\/product"}],"about":[{"href":"https:\/\/antcube.shop\/pl\/wp-json\/wp\/v2\/types\/product"}],"replies":[{"embeddable":true,"href":"https:\/\/antcube.shop\/pl\/wp-json\/wp\/v2\/comments?post=4708"}],"wp:featuredmedia":[{"embeddable":true,"href":"https:\/\/antcube.shop\/pl\/wp-json\/wp\/v2\/media\/5518"}],"wp:attachment":[{"href":"https:\/\/antcube.shop\/pl\/wp-json\/wp\/v2\/media?parent=4708"}],"wp:term":[{"taxonomy":"product_brand","embeddable":true,"href":"https:\/\/antcube.shop\/pl\/wp-json\/wp\/v2\/product_brand?post=4708"},{"taxonomy":"product_cat","embeddable":true,"href":"https:\/\/antcube.shop\/pl\/wp-json\/wp\/v2\/product_cat?post=4708"},{"taxonomy":"product_tag","embeddable":true,"href":"https:\/\/antcube.shop\/pl\/wp-json\/wp\/v2\/product_tag?post=4708"}],"curies":[{"name":"wp","href":"https:\/\/api.w.org\/{rel}","templated":true}]}}