{"id":4702,"date":"2022-11-14T14:55:34","date_gmt":"2022-11-14T13:55:34","guid":{"rendered":"https:\/\/antcube.shop\/produkt\/antcube-ameisenarenaeinsatz-s-20x20\/"},"modified":"2025-10-18T22:49:11","modified_gmt":"2025-10-18T20:49:11","slug":"antcube-ant-arena-insert-s-20x20","status":"publish","type":"product","link":"https:\/\/antcube.shop\/pl\/produkt\/antcube-ant-arena-insert-s-20x20\/","title":{"rendered":"Wk\u0142adka do ANTCUBE ant arena - S - 20\u00d720"},"content":{"rendered":"<p><strong>Wymiary:<\/strong><br \/>\nna zewn\u0105trz: 190 x 14 x 176 mm<br \/>\nwn\u0119trze: 184 x 6 x 169 mm<\/p>\n<p><strong>Materia\u0142:<\/strong> szk\u0142o float<\/p>\n<p><strong>Kolor:<\/strong> przezroczysty<\/p>\n<p><strong>Zawarto\u015b\u0107:<\/strong><br \/>\n1x wk\u0142adka do areny mr\u00f3wek<br \/>\n1x pokrywa<br \/>\n1x punkty mocuj\u0105ce 2 szt.<\/p>\n<p><strong>Opis:<\/strong><br \/>\nTen wk\u0142ad gniazdowy mo\u017ce by\u0107 umieszczony wewn\u0105trz areny dla mr\u00f3wek ANTCUBE i wype\u0142niony materia\u0142em odpowiednim do kopania (np. mieszank\u0105 piasku i gliny lub Digfix). Cech\u0105 szczeg\u00f3ln\u0105 jest to, \u017ce mo\u017cna go wygodnie wyj\u0105\u0107 z areny, np. w celu przezimowania razem z mr\u00f3wkami. Jako wej\u015bcie i wyj\u015bcie oraz do wentylacji s\u0142u\u017c\u0105 dwa 10 mm otwory w dolnej cz\u0119\u015bci. Do zimowania mo\u017cna je zamkn\u0105\u0107 za pomoc\u0105 kork\u00f3w 10 mm. <strong>(nie s\u0105 one uwzgl\u0119dnione)<\/strong>.<\/p>\n<p><strong>Uwaga:<\/strong> Szk\u0142o jest ci\u0119te zgodnie z DIN 1249 z tolerancj\u0105 +\/- 1mm. W przypadku wyj\u0105tkowo ma\u0142ych gatunk\u00f3w mr\u00f3wek konieczna jest dodatkowa ochrona przed wy\u0142amaniem.<\/p>\n<p>&nbsp;<\/p>","protected":false},"excerpt":{"rendered":"<p>Wielko\u015b\u0107: <strong><span style=\"color: #ff9900;\">S<\/span><\/strong><\/p>","protected":false},"featured_media":4998,"comment_status":"open","ping_status":"closed","template":"","meta":{"_acf_changed":false,"content-type":"","_monsterinsights_skip_tracking":false,"_monsterinsights_sitenote_active":false,"_monsterinsights_sitenote_note":"","_monsterinsights_sitenote_category":0},"product_brand":[],"product_cat":[91,94],"product_tag":[],"class_list":{"0":"post-4702","1":"product","2":"type-product","3":"status-publish","4":"has-post-thumbnail","6":"product_cat-formicarium-modules","7":"product_cat-arena-inset","9":"first","10":"outofstock","11":"taxable","12":"shipping-taxable","13":"purchasable","14":"product-type-simple"},"acf":[],"aioseo_notices":[],"jetpack_sharing_enabled":true,"_links":{"self":[{"href":"https:\/\/antcube.shop\/pl\/wp-json\/wp\/v2\/product\/4702","targetHints":{"allow":["GET"]}}],"collection":[{"href":"https:\/\/antcube.shop\/pl\/wp-json\/wp\/v2\/product"}],"about":[{"href":"https:\/\/antcube.shop\/pl\/wp-json\/wp\/v2\/types\/product"}],"replies":[{"embeddable":true,"href":"https:\/\/antcube.shop\/pl\/wp-json\/wp\/v2\/comments?post=4702"}],"wp:featuredmedia":[{"embeddable":true,"href":"https:\/\/antcube.shop\/pl\/wp-json\/wp\/v2\/media\/4998"}],"wp:attachment":[{"href":"https:\/\/antcube.shop\/pl\/wp-json\/wp\/v2\/media?parent=4702"}],"wp:term":[{"taxonomy":"product_brand","embeddable":true,"href":"https:\/\/antcube.shop\/pl\/wp-json\/wp\/v2\/product_brand?post=4702"},{"taxonomy":"product_cat","embeddable":true,"href":"https:\/\/antcube.shop\/pl\/wp-json\/wp\/v2\/product_cat?post=4702"},{"taxonomy":"product_tag","embeddable":true,"href":"https:\/\/antcube.shop\/pl\/wp-json\/wp\/v2\/product_tag?post=4702"}],"curies":[{"name":"wp","href":"https:\/\/api.w.org\/{rel}","templated":true}]}}