{"id":4701,"date":"2022-11-14T14:55:18","date_gmt":"2022-11-14T13:55:18","guid":{"rendered":"https:\/\/antcube.shop\/produkt\/antcube-korknest-30x30-stehend\/"},"modified":"2026-04-04T19:29:24","modified_gmt":"2026-04-04T17:29:24","slug":"antcube-cork-nest-30x30-stand-2","status":"publish","type":"product","link":"https:\/\/antcube.shop\/pl\/produkt\/antcube-cork-nest-30x30-stand-2\/","title":{"rendered":"ANTCUBE - gniazdo korkowe 30\u00d730 - stoj\u0105ce"},"content":{"rendered":"<p><strong>Wymiary:<\/strong> 283 x 240 x 20 mm<\/p>\n<p><strong>Materia\u0142:<\/strong> Korek (drobny)<\/p>\n<p>Pasuje tylko do naszych mr\u00f3wczych farm w rozmiarze L<\/p>\n<p><strong>Opis:<\/strong> To gniazdo korkowe z prefabrykowanymi przej\u015bciami i komorami jest odpowiednie dla r\u00f3\u017cnych gatunk\u00f3w mr\u00f3wek, szczeg\u00f3lnie dla gatunk\u00f3w gnie\u017cd\u017c\u0105cych si\u0119 w (martwym) drewnie. Posiada otw\u00f3r umo\u017cliwiaj\u0105cy dost\u0119p do gniazda.<br \/>\nKorek jest chemicznie neutralny. Jego struktura jest nie tylko nieprzepuszczalna dla p\u0142yn\u00f3w, ale r\u00f3wnie\u017c nie powoduje \u017cadnych reakcji chemicznych i dlatego nie ulega zniszczeniu. Jednak zbyt du\u017ca ilo\u015b\u0107 wilgoci mo\u017ce na d\u0142u\u017csz\u0105 met\u0119 spowodowa\u0107 gnicie i skr\u00f3ci\u0107 \u017cywotno\u015b\u0107 gniazda. Mimo to, korek jest bardzo odporny na gnicie, atak grzyb\u00f3w i ple\u015bni. Wynika to z jego powierzchni i struktury, kt\u00f3re nie stanowi\u0105 dobrej po\u017cywki dla grzyb\u00f3w do kolonizacji. Jednak\u017ce, resztki pokarmu i odchody zwierz\u0105t, jak r\u00f3wnie\u017c inne substancje organiczne mog\u0105 sprzyja\u0107 rozwojowi ple\u015bni.<\/p>\n<p>Dlatego zalecamy trzymanie w korku g\u0142\u00f3wnie gatunk\u00f3w z suchych region\u00f3w. Gatunki z wilgotnych siedlisk mog\u0105 by\u0107 jednak trzymane w tym zestawie, poniewa\u017c gnicie nie jest problemem dla wi\u0119kszo\u015bci gatunk\u00f3w. R\u00f3wnie\u017c wiele mr\u00f3wek z Europy P\u00f3\u0142nocnej, takich jak Camponotus herculeanus czy Formica fusca, \u017cyje w spr\u00f3chnia\u0142ym drewnie.<\/p>","protected":false},"excerpt":{"rendered":"<p><strong>Wielko\u015b\u0107:<\/strong> 283 x 240 x 20 mm<\/p>","protected":false},"featured_media":5013,"comment_status":"open","ping_status":"closed","template":"","meta":{"_acf_changed":false,"content-type":"","_monsterinsights_skip_tracking":false,"_monsterinsights_sitenote_active":false,"_monsterinsights_sitenote_note":"","_monsterinsights_sitenote_category":0},"product_brand":[],"product_cat":[87,89],"product_tag":[],"class_list":{"0":"post-4701","1":"product","2":"type-product","3":"status-publish","4":"has-post-thumbnail","6":"product_cat-nest-insets","7":"product_cat-cork","9":"first","10":"instock","11":"taxable","12":"shipping-taxable","13":"purchasable","14":"product-type-simple"},"acf":[],"aioseo_notices":[],"jetpack_sharing_enabled":true,"_links":{"self":[{"href":"https:\/\/antcube.shop\/pl\/wp-json\/wp\/v2\/product\/4701","targetHints":{"allow":["GET"]}}],"collection":[{"href":"https:\/\/antcube.shop\/pl\/wp-json\/wp\/v2\/product"}],"about":[{"href":"https:\/\/antcube.shop\/pl\/wp-json\/wp\/v2\/types\/product"}],"replies":[{"embeddable":true,"href":"https:\/\/antcube.shop\/pl\/wp-json\/wp\/v2\/comments?post=4701"}],"wp:featuredmedia":[{"embeddable":true,"href":"https:\/\/antcube.shop\/pl\/wp-json\/wp\/v2\/media\/5013"}],"wp:attachment":[{"href":"https:\/\/antcube.shop\/pl\/wp-json\/wp\/v2\/media?parent=4701"}],"wp:term":[{"taxonomy":"product_brand","embeddable":true,"href":"https:\/\/antcube.shop\/pl\/wp-json\/wp\/v2\/product_brand?post=4701"},{"taxonomy":"product_cat","embeddable":true,"href":"https:\/\/antcube.shop\/pl\/wp-json\/wp\/v2\/product_cat?post=4701"},{"taxonomy":"product_tag","embeddable":true,"href":"https:\/\/antcube.shop\/pl\/wp-json\/wp\/v2\/product_tag?post=4701"}],"curies":[{"name":"wp","href":"https:\/\/api.w.org\/{rel}","templated":true}]}}