{"id":4698,"date":"2022-11-14T14:54:32","date_gmt":"2022-11-14T13:54:32","guid":{"rendered":"https:\/\/antcube.shop\/produkt\/antcube-digfix-platte-30x30-l\/"},"modified":"2026-04-07T13:50:08","modified_gmt":"2026-04-07T11:50:08","slug":"antcube-digfix-plate-30x30-l","status":"publish","type":"product","link":"https:\/\/antcube.shop\/pl\/produkt\/antcube-digfix-plate-30x30-l\/","title":{"rendered":"ANTCUBE - P\u0142yta Digfix 30\u00d730 - L"},"content":{"rendered":"<p><strong>Wymiary:<\/strong> 283x260x20 mm<\/p>\n<p><strong>Materia\u0142:<\/strong> Digfix<\/p>\n<p><strong>Opis:<\/strong> P\u0142yta Digfix wykonana jest z materia\u0142u zdolnego do gradacji i doskonale pasuje do naszych mr\u00f3wkowc\u00f3w ANTCUBE. Mo\u017cna j\u0105 stosowa\u0107 zar\u00f3wno na sucho jak i na mokro. Nadaje si\u0119 r\u00f3wnie\u017c dla wielu gatunk\u00f3w mr\u00f3wek, szczeg\u00f3lnie tych gnie\u017cd\u017c\u0105cych si\u0119 w piasku i w (martwym) drewnie. Mo\u017cna j\u0105 stosowa\u0107 zamiast mieszanek piaskowo-gliniastych lub wk\u0142ad\u00f3w gniazdowych z korka. Du\u017c\u0105 przewag\u0105 nad gniazdami korkowymi jest to, \u017ce Digfix nie ple\u015bnieje nawet po zamoczeniu. Oznacza to, \u017ce gatunki mr\u00f3wek o wysokich wymaganiach wilgotno\u015bciowych mog\u0105 by\u0107 bez problemu zaopatrywane w odpowiedni\u0105 ilo\u015b\u0107 wody. Digfix ma r\u00f3wnie\u017c t\u0119 zalet\u0119, \u017ce mr\u00f3wki kopi\u0105ce nie brudz\u0105 szyb gniazda ziemi\u0105 podczas kopania, co pozwala na doskona\u0142y wgl\u0105d do gniazda.<\/p>\n<p><strong>Uwaga:<\/strong> Naturalny odcie\u0144 koloru mo\u017ce waha\u0107 si\u0119 mi\u0119dzy zielonkawym\/szarawym br\u0105zem a ziemistym br\u0105zem. Odcie\u0144 nie ma wp\u0142ywu na jako\u015b\u0107.<br \/>\nZe wzgl\u0119du na produkcj\u0119 wymiary mog\u0105 si\u0119 r\u00f3\u017cni\u0107 o +\/- 1 mm<\/p>","protected":false},"excerpt":{"rendered":"<p>Wielko\u015b\u0107: <span style=\"color: #0000ff;\"><strong>L<\/strong><\/span><\/p>","protected":false},"featured_media":4966,"comment_status":"open","ping_status":"closed","template":"","meta":{"_acf_changed":false,"content-type":"","_monsterinsights_skip_tracking":false,"_monsterinsights_sitenote_active":false,"_monsterinsights_sitenote_note":"","_monsterinsights_sitenote_category":0},"product_brand":[],"product_cat":[87,88],"product_tag":[],"class_list":{"0":"post-4698","1":"product","2":"type-product","3":"status-publish","4":"has-post-thumbnail","6":"product_cat-nest-insets","7":"product_cat-digfix","9":"first","10":"instock","11":"taxable","12":"shipping-taxable","13":"purchasable","14":"product-type-simple"},"acf":[],"aioseo_notices":[],"jetpack_sharing_enabled":true,"_links":{"self":[{"href":"https:\/\/antcube.shop\/pl\/wp-json\/wp\/v2\/product\/4698","targetHints":{"allow":["GET"]}}],"collection":[{"href":"https:\/\/antcube.shop\/pl\/wp-json\/wp\/v2\/product"}],"about":[{"href":"https:\/\/antcube.shop\/pl\/wp-json\/wp\/v2\/types\/product"}],"replies":[{"embeddable":true,"href":"https:\/\/antcube.shop\/pl\/wp-json\/wp\/v2\/comments?post=4698"}],"wp:featuredmedia":[{"embeddable":true,"href":"https:\/\/antcube.shop\/pl\/wp-json\/wp\/v2\/media\/4966"}],"wp:attachment":[{"href":"https:\/\/antcube.shop\/pl\/wp-json\/wp\/v2\/media?parent=4698"}],"wp:term":[{"taxonomy":"product_brand","embeddable":true,"href":"https:\/\/antcube.shop\/pl\/wp-json\/wp\/v2\/product_brand?post=4698"},{"taxonomy":"product_cat","embeddable":true,"href":"https:\/\/antcube.shop\/pl\/wp-json\/wp\/v2\/product_cat?post=4698"},{"taxonomy":"product_tag","embeddable":true,"href":"https:\/\/antcube.shop\/pl\/wp-json\/wp\/v2\/product_tag?post=4698"}],"curies":[{"name":"wp","href":"https:\/\/api.w.org\/{rel}","templated":true}]}}