{"id":4694,"date":"2022-11-14T14:53:29","date_gmt":"2022-11-14T13:53:29","guid":{"rendered":"https:\/\/antcube.shop\/produkt\/antcube-einbauarena-30x30x20\/"},"modified":"2026-04-02T09:54:48","modified_gmt":"2026-04-02T07:54:48","slug":"antcube-einbauarena-30x30x20","status":"publish","type":"product","link":"https:\/\/antcube.shop\/pl\/produkt\/antcube-einbauarena-30x30x20\/","title":{"rendered":"ANTCUBE wyposa\u017cona arena 30x30x20"},"content":{"rendered":"<p>ANTCUBE dopasowana arena 30x30x20 cm z otworem 2x 27mm.<\/p>\n<p><strong>Wymiary:<\/strong> 300 x 300 x 200 mm; grubo\u015b\u0107 szk\u0142a 4 mm.<br \/>\n<strong>Materia\u0142:<\/strong> szk\u0142o float<\/p>\n<p><strong>Po\u0142\u0105czenie:<\/strong> 2x otw\u00f3r 27 mm<\/p>\n<p><strong>Opis:<\/strong> ANTCUBE fitted arena, zosta\u0142 opracowany tak, aby wygodnie umie\u015bci\u0107 go r\u00f3wnie\u017c w mniejszych przegr\u00f3dkach p\u00f3\u0142ki. Na przyk\u0142ad, idealnie pasuje do p\u00f3\u0142ki Kallax. Otwory (punkt centralny) znajduj\u0105 si\u0119 z przodu (po lewej i prawej stronie) na wysoko\u015bci 3cm i w odleg\u0142o\u015bci 3cm od zewn\u0119trznej kraw\u0119dzi. Dzi\u0119ki umiejscowieniu otwor\u00f3w 27mm z przodu, (a nie jak zwykle na bocznych oknach) mo\u017cna \u0142atwo doda\u0107 kolejne areny i farmy mr\u00f3wek bez utraty miejsca po bokach, czy blokowania dost\u0119pu do port\u00f3w. Pokrywa areny, rama zabezpieczaj\u0105ca przed wy\u0142amaniem, elementy \u0142\u0105cz\u0105ce takie jak z\u0142\u0105cza rurowe lub w\u0119\u017ce s\u0105 dost\u0119pne oddzielnie.<\/p>\n<p><strong>Uwaga:<\/strong> Szk\u0142o jest ci\u0119te zgodnie z DIN 1249 z tolerancj\u0105 +\/- 1mm. W przypadku wyj\u0105tkowo ma\u0142ych gatunk\u00f3w mr\u00f3wek konieczna jest dodatkowa ochrona przed wy\u0142amaniem.<\/p>","protected":false},"excerpt":{"rendered":"<p>Przy\u0142\u0105cze: 2x otw\u00f3r 27 mm<\/p>","protected":false},"featured_media":5042,"comment_status":"open","ping_status":"closed","template":"","meta":{"_acf_changed":false,"content-type":"","_monsterinsights_skip_tracking":false,"_monsterinsights_sitenote_active":false,"_monsterinsights_sitenote_note":"","_monsterinsights_sitenote_category":0},"product_brand":[],"product_cat":[85,86],"product_tag":[],"class_list":{"0":"post-4694","1":"product","2":"type-product","3":"status-publish","4":"has-post-thumbnail","6":"product_cat-ant-arenas","7":"product_cat-formicariums","9":"first","10":"instock","11":"taxable","12":"shipping-taxable","13":"purchasable","14":"product-type-simple"},"acf":[],"aioseo_notices":[],"jetpack_sharing_enabled":true,"_links":{"self":[{"href":"https:\/\/antcube.shop\/pl\/wp-json\/wp\/v2\/product\/4694","targetHints":{"allow":["GET"]}}],"collection":[{"href":"https:\/\/antcube.shop\/pl\/wp-json\/wp\/v2\/product"}],"about":[{"href":"https:\/\/antcube.shop\/pl\/wp-json\/wp\/v2\/types\/product"}],"replies":[{"embeddable":true,"href":"https:\/\/antcube.shop\/pl\/wp-json\/wp\/v2\/comments?post=4694"}],"wp:featuredmedia":[{"embeddable":true,"href":"https:\/\/antcube.shop\/pl\/wp-json\/wp\/v2\/media\/5042"}],"wp:attachment":[{"href":"https:\/\/antcube.shop\/pl\/wp-json\/wp\/v2\/media?parent=4694"}],"wp:term":[{"taxonomy":"product_brand","embeddable":true,"href":"https:\/\/antcube.shop\/pl\/wp-json\/wp\/v2\/product_brand?post=4694"},{"taxonomy":"product_cat","embeddable":true,"href":"https:\/\/antcube.shop\/pl\/wp-json\/wp\/v2\/product_cat?post=4694"},{"taxonomy":"product_tag","embeddable":true,"href":"https:\/\/antcube.shop\/pl\/wp-json\/wp\/v2\/product_tag?post=4694"}],"curies":[{"name":"wp","href":"https:\/\/api.w.org\/{rel}","templated":true}]}}