{"id":4686,"date":"2022-11-14T14:51:24","date_gmt":"2022-11-14T13:51:24","guid":{"rendered":"https:\/\/antcube.shop\/produkt\/durchgangsregler-32mm\/"},"modified":"2026-03-03T09:59:11","modified_gmt":"2026-03-03T08:59:11","slug":"regulator-przejscia-32mm","status":"publish","type":"product","link":"https:\/\/antcube.shop\/pl\/produkt\/regulator-przejscia-32mm\/","title":{"rendered":"Regulator przep\u0142ywu - 32mm"},"content":{"rendered":"<p><strong>Wymiary (LxWxH):<\/strong> 73 x 58 x 19 mm<\/p>\n<p><strong>Materia\u0142:<\/strong> Akryl<\/p>\n<p><strong>Kolor:<\/strong> Bezbarwny \/ przezroczysty \/ bezbarwny<\/p>\n<p><strong>Tre\u015b\u0107:<\/strong> 1 sztuka (sk\u0142ada si\u0119 z 10 pojedynczych cz\u0119\u015bci)<\/p>\n<p><strong>Opis:<\/strong><br \/>\nRegulator przep\u0142ywu jest pod\u0142\u0105czony do rury.<br \/>\nPrzej\u015bcie mo\u017cna otworzy\u0107 lub zamkn\u0105\u0107 r\u0119cznie.<\/p>\n<p><strong>Zastosowanie:<\/strong><br \/>\nDo pod\u0142\u0105czenia rur akrylowych o \u015brednicy 32 mm<\/p>\n<p><strong>Wskaz\u00f3wka:<\/strong><br \/>\nRegulator przej\u015bcia powinien by\u0107 mocno zatkany na pasuj\u0105cej rurce. Je\u015bli jest zbyt lu\u017any, rurk\u0119 mo\u017cna powi\u0119kszy\u0107 przezroczyst\u0105 ta\u015bm\u0105, aby zapewni\u0107 \u015bcis\u0142e dopasowanie.<\/p>","protected":false},"excerpt":{"rendered":"<p>Wymiary (d\u0142. x szer. x wys.): 95 x 76 x 20 mm Materia\u0142: Akryl Kolor: Bezbarwny \/ przezroczysty \/ bezbarwny Zawarto\u015b\u0107: 1 szt (sk\u0142ada si\u0119 z 10 pojedynczych cz\u0119\u015bci) Opis: Regulator przej\u015bcia jest pod\u0142\u0105czany do rury. Przej\u015bcie mo\u017cna otworzy\u0107 lub zamkn\u0105\u0107 r\u0119cznie. Zastosowanie: Do \u0142\u0105czenia rur akrylowych o \u015brednicy 50 mm Wskaz\u00f3wka: Regulator przej\u015bcia powinien by\u0107 mocno dokr\u0119cony.","protected":false},"featured_media":5074,"comment_status":"open","ping_status":"closed","template":"","meta":{"_acf_changed":false,"content-type":"","_monsterinsights_skip_tracking":false,"_monsterinsights_sitenote_active":false,"_monsterinsights_sitenote_note":"","_monsterinsights_sitenote_category":0},"product_brand":[],"product_cat":[345],"product_tag":[],"class_list":{"0":"post-4686","1":"product","2":"type-product","3":"status-publish","4":"has-post-thumbnail","6":"product_cat-pipe-connectors","8":"first","9":"instock","10":"taxable","11":"shipping-taxable","12":"purchasable","13":"product-type-simple"},"acf":[],"aioseo_notices":[],"jetpack_sharing_enabled":true,"_links":{"self":[{"href":"https:\/\/antcube.shop\/pl\/wp-json\/wp\/v2\/product\/4686","targetHints":{"allow":["GET"]}}],"collection":[{"href":"https:\/\/antcube.shop\/pl\/wp-json\/wp\/v2\/product"}],"about":[{"href":"https:\/\/antcube.shop\/pl\/wp-json\/wp\/v2\/types\/product"}],"replies":[{"embeddable":true,"href":"https:\/\/antcube.shop\/pl\/wp-json\/wp\/v2\/comments?post=4686"}],"wp:featuredmedia":[{"embeddable":true,"href":"https:\/\/antcube.shop\/pl\/wp-json\/wp\/v2\/media\/5074"}],"wp:attachment":[{"href":"https:\/\/antcube.shop\/pl\/wp-json\/wp\/v2\/media?parent=4686"}],"wp:term":[{"taxonomy":"product_brand","embeddable":true,"href":"https:\/\/antcube.shop\/pl\/wp-json\/wp\/v2\/product_brand?post=4686"},{"taxonomy":"product_cat","embeddable":true,"href":"https:\/\/antcube.shop\/pl\/wp-json\/wp\/v2\/product_cat?post=4686"},{"taxonomy":"product_tag","embeddable":true,"href":"https:\/\/antcube.shop\/pl\/wp-json\/wp\/v2\/product_tag?post=4686"}],"curies":[{"name":"wp","href":"https:\/\/api.w.org\/{rel}","templated":true}]}}