{"id":4681,"date":"2022-11-14T14:42:13","date_gmt":"2022-11-14T13:42:13","guid":{"rendered":"https:\/\/antcube.shop\/produkt\/antcube-rote-folie-40x20-selbstklebend\/"},"modified":"2025-10-19T04:49:11","modified_gmt":"2025-10-19T02:49:11","slug":"antcube-red-foil-40x20-self-adhesive","status":"publish","type":"product","link":"https:\/\/antcube.shop\/pl\/produkt\/antcube-red-foil-40x20-self-adhesive\/","title":{"rendered":"ANTCUBE - Folia czerwona 40\u00d720 - samoprzylepna"},"content":{"rendered":"<p><strong>Wymiary:<\/strong> 39x19cm<\/p>\n<p><strong>Materia\u0142:<\/strong> PVC<\/p>\n<p><strong>Opis:<\/strong> Czerwona, przezroczysta folia s\u0142u\u017cy do tego, aby mr\u00f3wki czu\u0142y si\u0119 jak pod ziemi\u0105. Dlatego zalecamy, aby produkt ten stosowa\u0107 przynajmniej cz\u0119\u015bciowo w obszarze gniazda. Mimo to mo\u017cna dobrze obserwowa\u0107 mr\u00f3wki w gnie\u017adzie. Precyzyjnie wyci\u0119ta dla ANTCUBE \"Ant farm 20x20cm S\/M\/L - stoj\u0105ca\".<\/p>","protected":false},"excerpt":{"rendered":"<p>Wymiary: 39x19cm Materia\u0142: PVC Opis: Czerwona przezroczysta folia s\u0142u\u017cy do zapewnienia mr\u00f3wkom wra\u017cenia przebywania pod ziemi\u0105. Dlatego zalecamy stosowanie tego produktu przynajmniej cz\u0119\u015bciowo w obszarze gniazda. Niemniej jednak mo\u017cna dobrze obserwowa\u0107 mr\u00f3wki w gnie\u017adzie. Precyzyjnie przyci\u0119ta do ANTCUBE \"Farma mr\u00f3wek 40x20cm S\/M\/L - stoj\u0105ca\". Ta folia filtracyjna<\/p>","protected":false},"featured_media":5108,"comment_status":"open","ping_status":"closed","template":"","meta":{"_acf_changed":false,"content-type":"","_monsterinsights_skip_tracking":false,"_monsterinsights_sitenote_active":false,"_monsterinsights_sitenote_note":"","_monsterinsights_sitenote_category":0},"product_brand":[],"product_cat":[239],"product_tag":[],"class_list":{"0":"post-4681","1":"product","2":"type-product","3":"status-publish","4":"has-post-thumbnail","6":"product_cat-useful-additions","8":"first","9":"outofstock","10":"taxable","11":"shipping-taxable","12":"purchasable","13":"product-type-simple"},"acf":[],"aioseo_notices":[],"jetpack_sharing_enabled":true,"_links":{"self":[{"href":"https:\/\/antcube.shop\/pl\/wp-json\/wp\/v2\/product\/4681","targetHints":{"allow":["GET"]}}],"collection":[{"href":"https:\/\/antcube.shop\/pl\/wp-json\/wp\/v2\/product"}],"about":[{"href":"https:\/\/antcube.shop\/pl\/wp-json\/wp\/v2\/types\/product"}],"replies":[{"embeddable":true,"href":"https:\/\/antcube.shop\/pl\/wp-json\/wp\/v2\/comments?post=4681"}],"wp:featuredmedia":[{"embeddable":true,"href":"https:\/\/antcube.shop\/pl\/wp-json\/wp\/v2\/media\/5108"}],"wp:attachment":[{"href":"https:\/\/antcube.shop\/pl\/wp-json\/wp\/v2\/media?parent=4681"}],"wp:term":[{"taxonomy":"product_brand","embeddable":true,"href":"https:\/\/antcube.shop\/pl\/wp-json\/wp\/v2\/product_brand?post=4681"},{"taxonomy":"product_cat","embeddable":true,"href":"https:\/\/antcube.shop\/pl\/wp-json\/wp\/v2\/product_cat?post=4681"},{"taxonomy":"product_tag","embeddable":true,"href":"https:\/\/antcube.shop\/pl\/wp-json\/wp\/v2\/product_tag?post=4681"}],"curies":[{"name":"wp","href":"https:\/\/api.w.org\/{rel}","templated":true}]}}