{"id":4679,"date":"2022-11-14T14:41:41","date_gmt":"2022-11-14T13:41:41","guid":{"rendered":"https:\/\/antcube.shop\/produkt\/lehmfarbe-beige-100ml\/"},"modified":"2026-04-13T10:48:42","modified_gmt":"2026-04-13T08:48:42","slug":"lehmfarbe-beige-100ml","status":"publish","type":"product","link":"https:\/\/antcube.shop\/pl\/produkt\/lehmfarbe-beige-100ml\/","title":{"rendered":"Farba gliniana - be\u017cowa - 100ml"},"content":{"rendered":"<p><strong>Ilo\u015b\u0107:<\/strong> 100ml<\/p>\n<p><strong>Opis:<\/strong> Mieszanina ta jest nietoksyczna i stosunkowo wodoodporna na tynku i betonie, ale poza tym jest rozpuszczalna w wodzie.<\/p>\n<p><strong>Spos\u00f3b u\u017cycia:\u00a0<\/strong><br \/>\nTa mieszanka jest gotowa do u\u017cycia i mo\u017ce by\u0107 natychmiast nak\u0142adana na tynk lub gazobeton za pomoc\u0105 p\u0119dzla.<br \/>\n100 ml wystarcza na ok. 1\/4 m\u00b2 betonu kom\u00f3rkowego lub 1\/2 m\u00b2 tynku.<br \/>\nPo zmoczeniu powierzchni\u0119 mo\u017cna posypa\u0107 np. piaskiem, aby uzyska\u0107 jeszcze bardziej naturalny wygl\u0105d.<\/p>\n<p>&nbsp;<\/p>\n<p>&nbsp;<\/p>","protected":false},"excerpt":{"rendered":"<p>Ilo\u015b\u0107: 100ml Opis: Ta mieszanka jest nietoksyczna i stosunkowo wodoodporna na tynku i betonie, ale poza tym jest rozpuszczalna w wodzie. Spos\u00f3b u\u017cycia: Ta mieszanka jest gotowa do u\u017cycia i mo\u017ce by\u0107 natychmiast nak\u0142adana na tynk lub gazobeton za pomoc\u0105 p\u0119dzla. 100 ml wystarcza na oko\u0142o 1\/4 m\u00b2 betonu kom\u00f3rkowego lub 1\/2 m\u00b2 tynku. Kiedy","protected":false},"featured_media":5004,"comment_status":"open","ping_status":"closed","template":"","meta":{"_acf_changed":false,"content-type":"","_monsterinsights_skip_tracking":false,"_monsterinsights_sitenote_active":false,"_monsterinsights_sitenote_note":"","_monsterinsights_sitenote_category":0},"product_brand":[],"product_cat":[237],"product_tag":[],"class_list":{"0":"post-4679","1":"product","2":"type-product","3":"status-publish","4":"has-post-thumbnail","6":"product_cat-tools","8":"first","9":"instock","10":"taxable","11":"shipping-taxable","12":"purchasable","13":"product-type-simple"},"acf":[],"aioseo_notices":[],"jetpack_sharing_enabled":true,"_links":{"self":[{"href":"https:\/\/antcube.shop\/pl\/wp-json\/wp\/v2\/product\/4679","targetHints":{"allow":["GET"]}}],"collection":[{"href":"https:\/\/antcube.shop\/pl\/wp-json\/wp\/v2\/product"}],"about":[{"href":"https:\/\/antcube.shop\/pl\/wp-json\/wp\/v2\/types\/product"}],"replies":[{"embeddable":true,"href":"https:\/\/antcube.shop\/pl\/wp-json\/wp\/v2\/comments?post=4679"}],"wp:featuredmedia":[{"embeddable":true,"href":"https:\/\/antcube.shop\/pl\/wp-json\/wp\/v2\/media\/5004"}],"wp:attachment":[{"href":"https:\/\/antcube.shop\/pl\/wp-json\/wp\/v2\/media?parent=4679"}],"wp:term":[{"taxonomy":"product_brand","embeddable":true,"href":"https:\/\/antcube.shop\/pl\/wp-json\/wp\/v2\/product_brand?post=4679"},{"taxonomy":"product_cat","embeddable":true,"href":"https:\/\/antcube.shop\/pl\/wp-json\/wp\/v2\/product_cat?post=4679"},{"taxonomy":"product_tag","embeddable":true,"href":"https:\/\/antcube.shop\/pl\/wp-json\/wp\/v2\/product_tag?post=4679"}],"curies":[{"name":"wp","href":"https:\/\/api.w.org\/{rel}","templated":true}]}}