{"id":4678,"date":"2022-11-14T14:41:24","date_gmt":"2022-11-14T13:41:24","guid":{"rendered":"https:\/\/antcube.shop\/produkt\/klebefilm-glasklar\/"},"modified":"2026-04-13T09:29:49","modified_gmt":"2026-04-13T07:29:49","slug":"klebefilm-glasklar-2","status":"publish","type":"product","link":"https:\/\/antcube.shop\/pl\/produkt\/klebefilm-glasklar-2\/","title":{"rendered":"Folia samoprzylepna krystalicznie czysta"},"content":{"rendered":"<p><strong>Wymiary (LxWxH):<\/strong> 10m x19 mm<\/p>\n<p><strong>Materia\u0142:<\/strong> polipropylen<\/p>\n<p><strong>Kolor:<\/strong> krystalicznie czysty \/ przejrzysty<\/p>\n<p><strong>Tre\u015b\u0107:<\/strong><br \/>\n1x rolka folii samoprzylepnej<\/p>\n<p><strong>Opis:<\/strong><br \/>\nIdealny do mocowania czerwonej folii os\u0142onowej lub tylnej \u015bciany fotograficznej do formikarium.<br \/>\nMa wysok\u0105 odporno\u015b\u0107 na starzenie, jest bardzo odporna na rozdarcie i ma siln\u0105 si\u0142\u0119 klejenia.<br \/>\nNadaje si\u0119 r\u00f3wnie\u017c do klejenia szyb.<\/p>\n<p><strong>Zastosowanie:<\/strong><br \/>\nTa\u015bm\u0119 klej\u0105c\u0105 mo\u017cna ci\u0105\u0107 no\u017cyczkami lub no\u017cykiem do ci\u0119cia.<br \/>\nZamocuj foli\u0119 ok\u0142adkow\u0105 lub zdj\u0119cie z powrotem do szyby formikarium, a nast\u0119pnie przymocuj je za pomoc\u0105 ta\u015bmy klej\u0105cej.<\/p>","protected":false},"excerpt":{"rendered":"<p>Wymiary (LxWxH): 10m x19 mm Materia\u0142: polipropylen Kolor: krystalicznie czysty \/ przezroczysty Zawarto\u015b\u0107: 1x rolka folii samoprzylepnej Opis: Idealna do mocowania czerwonej folii os\u0142onowej lub tylnej \u015bciany fotograficznej w formikarium. Posiada wysok\u0105 odporno\u015b\u0107 na starzenie, jest bardzo odporna na rozdarcie i ma siln\u0105 si\u0142\u0119 klejenia. Nadaje si\u0119 r\u00f3wnie\u017c do klejenia szyb. Zastosowanie:","protected":false},"featured_media":5007,"comment_status":"open","ping_status":"closed","template":"","meta":{"_acf_changed":false,"content-type":"","_monsterinsights_skip_tracking":false,"_monsterinsights_sitenote_active":false,"_monsterinsights_sitenote_note":"","_monsterinsights_sitenote_category":0},"product_brand":[],"product_cat":[237],"product_tag":[],"class_list":{"0":"post-4678","1":"product","2":"type-product","3":"status-publish","4":"has-post-thumbnail","6":"product_cat-tools","8":"first","9":"instock","10":"taxable","11":"shipping-taxable","12":"purchasable","13":"product-type-simple"},"acf":[],"aioseo_notices":[],"jetpack_sharing_enabled":true,"_links":{"self":[{"href":"https:\/\/antcube.shop\/pl\/wp-json\/wp\/v2\/product\/4678","targetHints":{"allow":["GET"]}}],"collection":[{"href":"https:\/\/antcube.shop\/pl\/wp-json\/wp\/v2\/product"}],"about":[{"href":"https:\/\/antcube.shop\/pl\/wp-json\/wp\/v2\/types\/product"}],"replies":[{"embeddable":true,"href":"https:\/\/antcube.shop\/pl\/wp-json\/wp\/v2\/comments?post=4678"}],"wp:featuredmedia":[{"embeddable":true,"href":"https:\/\/antcube.shop\/pl\/wp-json\/wp\/v2\/media\/5007"}],"wp:attachment":[{"href":"https:\/\/antcube.shop\/pl\/wp-json\/wp\/v2\/media?parent=4678"}],"wp:term":[{"taxonomy":"product_brand","embeddable":true,"href":"https:\/\/antcube.shop\/pl\/wp-json\/wp\/v2\/product_brand?post=4678"},{"taxonomy":"product_cat","embeddable":true,"href":"https:\/\/antcube.shop\/pl\/wp-json\/wp\/v2\/product_cat?post=4678"},{"taxonomy":"product_tag","embeddable":true,"href":"https:\/\/antcube.shop\/pl\/wp-json\/wp\/v2\/product_tag?post=4678"}],"curies":[{"name":"wp","href":"https:\/\/api.w.org\/{rel}","templated":true}]}}