{"id":4664,"date":"2022-11-14T14:37:32","date_gmt":"2022-11-14T13:37:32","guid":{"rendered":"https:\/\/antcube.shop\/produkt\/fotoruckwand-wuste-20x40-hoch\/"},"modified":"2026-01-13T10:11:04","modified_gmt":"2026-01-13T09:11:04","slug":"foto-sciana-tylna-pustynna-20x40-wysokie","status":"publish","type":"product","link":"https:\/\/antcube.shop\/pl\/produkt\/foto-sciana-tylna-pustynna-20x40-wysokie\/","title":{"rendered":"\u015acianka tylna na zdj\u0119cia - Desert - 20\u00d740 - wysoka"},"content":{"rendered":"<p><strong>Wymiary:<\/strong> 20&#215;40<\/p>\n<p><strong>Materia\u0142:<\/strong> Papier z foli\u0105 b\u0142yszcz\u0105c\u0105<\/p>\n<p><strong>Tre\u015b\u0107:<\/strong> 1x \u015bcianka tylna na zdj\u0119cia<\/p>\n<p><strong>Opis:<\/strong> Ta tylna \u015bcianka jest przyklejona do tylnej \u015bcianki formikarium od zewn\u0105trz, aby stworzy\u0107 wra\u017cenie \u015brodowiska odpowiadaj\u0105cego naturalnemu siedlisku mr\u00f3wek.<\/p>","protected":false},"excerpt":{"rendered":"<p>Materia\u0142: Papier z foli\u0105 b\u0142yszcz\u0105c\u0105<\/p>","protected":false},"featured_media":5165,"comment_status":"open","ping_status":"closed","template":"","meta":{"_acf_changed":false,"content-type":"","_monsterinsights_skip_tracking":false,"_monsterinsights_sitenote_active":false,"_monsterinsights_sitenote_note":"","_monsterinsights_sitenote_category":0},"product_brand":[],"product_cat":[97,104],"product_tag":[],"class_list":{"0":"post-4664","1":"product","2":"type-product","3":"status-publish","4":"has-post-thumbnail","6":"product_cat-photo-backwalls","7":"product_cat-desert-photo-backwall","9":"first","10":"instock","11":"taxable","12":"shipping-taxable","13":"purchasable","14":"product-type-simple"},"acf":[],"aioseo_notices":[],"jetpack_sharing_enabled":true,"_links":{"self":[{"href":"https:\/\/antcube.shop\/pl\/wp-json\/wp\/v2\/product\/4664","targetHints":{"allow":["GET"]}}],"collection":[{"href":"https:\/\/antcube.shop\/pl\/wp-json\/wp\/v2\/product"}],"about":[{"href":"https:\/\/antcube.shop\/pl\/wp-json\/wp\/v2\/types\/product"}],"replies":[{"embeddable":true,"href":"https:\/\/antcube.shop\/pl\/wp-json\/wp\/v2\/comments?post=4664"}],"wp:featuredmedia":[{"embeddable":true,"href":"https:\/\/antcube.shop\/pl\/wp-json\/wp\/v2\/media\/5165"}],"wp:attachment":[{"href":"https:\/\/antcube.shop\/pl\/wp-json\/wp\/v2\/media?parent=4664"}],"wp:term":[{"taxonomy":"product_brand","embeddable":true,"href":"https:\/\/antcube.shop\/pl\/wp-json\/wp\/v2\/product_brand?post=4664"},{"taxonomy":"product_cat","embeddable":true,"href":"https:\/\/antcube.shop\/pl\/wp-json\/wp\/v2\/product_cat?post=4664"},{"taxonomy":"product_tag","embeddable":true,"href":"https:\/\/antcube.shop\/pl\/wp-json\/wp\/v2\/product_tag?post=4664"}],"curies":[{"name":"wp","href":"https:\/\/api.w.org\/{rel}","templated":true}]}}