{"id":4660,"date":"2022-11-14T14:36:25","date_gmt":"2022-11-14T13:36:25","guid":{"rendered":"https:\/\/antcube.shop\/produkt\/wassergel-500ml-gebrauchsfertig\/"},"modified":"2026-04-20T09:57:52","modified_gmt":"2026-04-20T07:57:52","slug":"woda-zel-500ml","status":"publish","type":"product","link":"https:\/\/antcube.shop\/pl\/produkt\/woda-zel-500ml\/","title":{"rendered":"\u017bel wodny 500ml - gotowy do u\u017cycia"},"content":{"rendered":"<p><strong>Tre\u015b\u0107:<\/strong> 500 ml<\/p>\n<p><strong>Opis:<\/strong> Zawarto\u015b\u0107: 500 ml\r\n\r\nOpis: Water gel to woda w formie \u017celu i dlatego jest bardzo \u0142atwy i elastyczny w u\u017cyciu. Nie potrzebujesz miski z wod\u0105, kt\u00f3r\u0105 zwierz\u0119ta mog\u0105 zabrudzi\u0107 i utopi\u0107, ale nadal mo\u017cesz zapewni\u0107 im wystarczaj\u0105c\u0105 wilgo\u0107 dzi\u0119ki temu \u017celowi. \u017bel wodny mo\u017ce by\u0107 r\u00f3wnie\u017c u\u017cywany do karmienia zwierz\u0105t, co utrzyma je d\u0142u\u017cej przy \u017cyciu.<\/p>","protected":false},"excerpt":{"rendered":"<p>Zawarto\u015b\u0107: 500 ml Opis: Water gel to woda w formie \u017celu i dlatego jest bardzo \u0142atwy i elastyczny w u\u017cyciu. Nie potrzebujesz miski z wod\u0105, kt\u00f3r\u0105 zwierz\u0119ta mog\u0105 zabrudzi\u0107 i utopi\u0107, ale nadal mo\u017cesz zapewni\u0107 im wystarczaj\u0105c\u0105 wilgo\u0107 dzi\u0119ki temu \u017celowi. \u017bel wodny mo\u017ce by\u0107 r\u00f3wnie\u017c u\u017cywany do karmienia zwierz\u0105t,","protected":false},"featured_media":5038,"comment_status":"open","ping_status":"closed","template":"","meta":{"_acf_changed":false,"content-type":"","_monsterinsights_skip_tracking":false,"_monsterinsights_sitenote_active":false,"_monsterinsights_sitenote_note":"","_monsterinsights_sitenote_category":0},"product_brand":[],"product_cat":[115,116],"product_tag":[],"class_list":{"0":"post-4660","1":"product","2":"type-product","3":"status-publish","4":"has-post-thumbnail","6":"product_cat-food-and-feeding","7":"product_cat-food","9":"first","10":"instock","11":"taxable","12":"shipping-taxable","13":"purchasable","14":"product-type-simple"},"acf":[],"aioseo_notices":[],"jetpack_sharing_enabled":true,"_links":{"self":[{"href":"https:\/\/antcube.shop\/pl\/wp-json\/wp\/v2\/product\/4660","targetHints":{"allow":["GET"]}}],"collection":[{"href":"https:\/\/antcube.shop\/pl\/wp-json\/wp\/v2\/product"}],"about":[{"href":"https:\/\/antcube.shop\/pl\/wp-json\/wp\/v2\/types\/product"}],"replies":[{"embeddable":true,"href":"https:\/\/antcube.shop\/pl\/wp-json\/wp\/v2\/comments?post=4660"}],"wp:featuredmedia":[{"embeddable":true,"href":"https:\/\/antcube.shop\/pl\/wp-json\/wp\/v2\/media\/5038"}],"wp:attachment":[{"href":"https:\/\/antcube.shop\/pl\/wp-json\/wp\/v2\/media?parent=4660"}],"wp:term":[{"taxonomy":"product_brand","embeddable":true,"href":"https:\/\/antcube.shop\/pl\/wp-json\/wp\/v2\/product_brand?post=4660"},{"taxonomy":"product_cat","embeddable":true,"href":"https:\/\/antcube.shop\/pl\/wp-json\/wp\/v2\/product_cat?post=4660"},{"taxonomy":"product_tag","embeddable":true,"href":"https:\/\/antcube.shop\/pl\/wp-json\/wp\/v2\/product_tag?post=4660"}],"curies":[{"name":"wp","href":"https:\/\/api.w.org\/{rel}","templated":true}]}}