{"id":4656,"date":"2022-11-14T14:35:20","date_gmt":"2022-11-14T13:35:20","guid":{"rendered":"https:\/\/antcube.shop\/produkt\/regenwaldhonig-re-nachfullpack-10ml\/"},"modified":"2026-04-05T11:59:16","modified_gmt":"2026-04-05T09:59:16","slug":"rainforest-honey-refill-pack-10ml","status":"publish","type":"product","link":"https:\/\/antcube.shop\/pl\/produkt\/rainforest-honey-refill-pack-10ml\/","title":{"rendered":"Rainforest Honey (Re) - opakowanie uzupe\u0142niaj\u0105ce 10ml"},"content":{"rendered":"<p><strong>Tre\u015b\u0107:<\/strong> 10 ml<\/p>\n<p><strong>Opis:<\/strong> Jest to produkt czysto naturalny. Mi\u00f3d pochodzi z las\u00f3w deszczowych i dlatego jest idealny dla gatunk\u00f3w mr\u00f3wek rodzimych dla las\u00f3w deszczowych.<\/p>\n<p><strong>Zastosowanie:<\/strong> Rurk\u0119 z pokarmem mo\u017cna umie\u015bci\u0107 w ca\u0142o\u015bci w formikarium, ewentualnie doda\u0107 mniejsze ilo\u015bci do miseczki z pokarmem w zale\u017cno\u015bci od potrzeb\/zale\u017cnie od wielko\u015bci kolonii. Ilo\u015b\u0107 pokarmu powinna by\u0107 zu\u017cyta w ci\u0105gu oko\u0142o 3 dni, w przeciwnym razie istnieje ryzyko wyst\u0105pienia ple\u015bni. Z tego samego powodu nale\u017cy oczy\u015bci\u0107 miseczk\u0119 z pokarmu przed ponownym nape\u0142nieniem.<\/p>\n<p><strong>Zastosowanie:<\/strong><br \/>\nMi\u00f3d pustynny = dla gatunk\u00f3w mr\u00f3wek miodo\u017cernych (Meliphagidae).<br \/>\nJest to pasza uzupe\u0142niaj\u0105ca (pasza pojedyncza)<br \/>\nMo\u017ce by\u0107 oferowana zwierz\u0119tom w stanie dostarczonym. Poniewa\u017c wilgo\u0107 zmniejsza st\u0119\u017cenie cukru i rozpoczyna si\u0119 proces fermentacji, karm\u0119 nale\u017cy wymienia\u0107 co 3 dni. Przed ponownym u\u017cyciem dok\u0142adnie wyczy\u015bci\u0107 misk\u0119\/rurk\u0119 z karm\u0105.<br \/>\nOtwarte opakowanie nale\u017cy zu\u017cy\u0107 szczelnie zamkni\u0119te do wskazanej (najlepiej przed) daty.<\/p>\n<p><strong>Zawiera:<\/strong> Sk\u0142adniki miodu w og\u00f3le, proporcje s\u0105 r\u00f3\u017cne w zale\u017cno\u015bci od rodzaju miodu.<br \/>\n- ok. 38 % cukier owocowy (fruktoza)<br \/>\n- ok. 32 % dekstrozy (glukozy)<br \/>\n- ok. 20 % woda<br \/>\n- ok. 5 % cukr\u00f3w wielokrotnych<br \/>\n- ok. 5 witamin % (B1, B2, B6, C, H)<br \/>\nMinera\u0142y (potas, wap\u0144, mied\u017a, \u017celazo, s\u00f3d, magnez, fosfor, cynk i inne pierwiastki \u015bladowe) Aminokwasy (prolina, leucyna, fenyloalanina, alanina, histydyna, izoleucyna, kwas glutaminowy, arginina, kwas asparaginowy itd.) Kwasy organiczne Enzymy (fermenty) Aromaty Inhibiny (substancje antybakteryjne) Kwiaty Py\u0142ek kwiatowy<\/p>\n<p><strong>Przechowywanie:<\/strong> aby zapewni\u0107 jako\u015b\u0107 karmy, nale\u017cy j\u0105 przechowywa\u0107 w ciemnym i suchym miejscu.<\/p>\n<p><strong>Zawiadomienie:<\/strong><br \/>\nInformacje o tym, jak u\u017cywa\u0107 rurek podaj\u0105cych mo\u017cna znale\u017a\u0107 tutaj: Link<br \/>\nPokarm uzupe\u0142niaj\u0105cy dla mr\u00f3wek miodo\u017cernych.<br \/>\nInformacje o sk\u0142adzie, sk\u0142adnikach analitycznych, terminie przydatno\u015bci do spo\u017cycia i numerze partii znajduj\u0105 si\u0119 w ulotce do\u0142\u0105czonej do opakowania.<\/p>\n<p>Infolinia +49 30 439703870<\/p>\n<p>W\u0142a\u015bciwy organ nadzoru weterynaryjnego i \u017cywno\u015bciowego:<br \/>\nGabinet weterynaryjny Steglitz<br \/>\nK\u00f6nigin-Luise-Str. 92<br \/>\n14195 Berlin<\/p>","protected":false},"excerpt":{"rendered":"<p>\u017bywno\u015b\u0107 uzupe\u0142niaj\u0105ca<\/p>","protected":false},"featured_media":5055,"comment_status":"open","ping_status":"closed","template":"","meta":{"_acf_changed":false,"content-type":"","_monsterinsights_skip_tracking":false,"_monsterinsights_sitenote_active":false,"_monsterinsights_sitenote_note":"","_monsterinsights_sitenote_category":0},"product_brand":[],"product_cat":[115,116],"product_tag":[],"class_list":{"0":"post-4656","1":"product","2":"type-product","3":"status-publish","4":"has-post-thumbnail","6":"product_cat-food-and-feeding","7":"product_cat-food","9":"first","10":"instock","11":"taxable","12":"shipping-taxable","13":"purchasable","14":"product-type-simple"},"acf":[],"aioseo_notices":[],"jetpack_sharing_enabled":true,"_links":{"self":[{"href":"https:\/\/antcube.shop\/pl\/wp-json\/wp\/v2\/product\/4656","targetHints":{"allow":["GET"]}}],"collection":[{"href":"https:\/\/antcube.shop\/pl\/wp-json\/wp\/v2\/product"}],"about":[{"href":"https:\/\/antcube.shop\/pl\/wp-json\/wp\/v2\/types\/product"}],"replies":[{"embeddable":true,"href":"https:\/\/antcube.shop\/pl\/wp-json\/wp\/v2\/comments?post=4656"}],"wp:featuredmedia":[{"embeddable":true,"href":"https:\/\/antcube.shop\/pl\/wp-json\/wp\/v2\/media\/5055"}],"wp:attachment":[{"href":"https:\/\/antcube.shop\/pl\/wp-json\/wp\/v2\/media?parent=4656"}],"wp:term":[{"taxonomy":"product_brand","embeddable":true,"href":"https:\/\/antcube.shop\/pl\/wp-json\/wp\/v2\/product_brand?post=4656"},{"taxonomy":"product_cat","embeddable":true,"href":"https:\/\/antcube.shop\/pl\/wp-json\/wp\/v2\/product_cat?post=4656"},{"taxonomy":"product_tag","embeddable":true,"href":"https:\/\/antcube.shop\/pl\/wp-json\/wp\/v2\/product_tag?post=4656"}],"curies":[{"name":"wp","href":"https:\/\/api.w.org\/{rel}","templated":true}]}}