{"id":4655,"date":"2022-11-14T14:35:04","date_gmt":"2022-11-14T13:35:04","guid":{"rendered":"https:\/\/antcube.shop\/produkt\/zucker-honiglosung-zh-nachfullpack-10ml\/"},"modified":"2026-04-03T11:58:54","modified_gmt":"2026-04-03T09:58:54","slug":"sugar-honey-solution-refill-pack-10ml","status":"publish","type":"product","link":"https:\/\/antcube.shop\/pl\/produkt\/sugar-honey-solution-refill-pack-10ml\/","title":{"rendered":"Roztw\u00f3r miodu cukrowego (ZH) - opakowanie uzupe\u0142niaj\u0105ce 10ml"},"content":{"rendered":"<p><strong>Tre\u015b\u0107:<\/strong> 10 ml<\/p>\n<p><strong>Opis:<\/strong> Jest to produkt sk\u0142adaj\u0105cy si\u0119 z r\u00f3\u017cnych w\u0119glowodan\u00f3w (takich jak mi\u00f3d i cukier).<\/p>\n<p><strong>Zastosowanie:<\/strong> Rurk\u0119 z pokarmem mo\u017cna umie\u015bci\u0107 w ca\u0142o\u015bci w formikarium, ewentualnie doda\u0107 mniejsze ilo\u015bci do miseczki z pokarmem w zale\u017cno\u015bci od potrzeb\/zale\u017cnie od wielko\u015bci kolonii. Ilo\u015b\u0107 pokarmu powinna by\u0107 zu\u017cyta w ci\u0105gu oko\u0142o 3 dni, w przeciwnym razie istnieje ryzyko wyst\u0105pienia ple\u015bni. Z tego samego powodu nale\u017cy oczy\u015bci\u0107 miseczk\u0119 z pokarmu przed ponownym nape\u0142nieniem.<\/p>\n<p><strong>Zastosowanie:<\/strong><br \/>\nPokarm w\u0119glowodanowy = dla gatunk\u00f3w mr\u00f3wek \u017cywi\u0105cych si\u0119 cukrem\/miodem<br \/>\nJest to pasza uzupe\u0142niaj\u0105ca (mieszanka paszowa)<br \/>\nMo\u017cna go zmiesza\u0107 z kropl\u0105 wody, a po namoczeniu zachowuje trwa\u0142o\u015b\u0107 przez 3 dni. Przed ponownym u\u017cyciem nale\u017cy dok\u0142adnie wyczy\u015bci\u0107 misk\u0119\/tub\u0119.<br \/>\nOtwarte opakowanie powinno by\u0107 u\u017cywane szczelnie zamkni\u0119te (je\u015bli jest przechowywane w suchym miejscu) do up\u0142ywu wskazanej daty przydatno\u015bci do spo\u017cycia.<\/p>\n<p><strong>Zawiera:<\/strong><br \/>\nFruktoza 27 do 44%,<br \/>\nGlukoza 22 do 41%,<br \/>\nSacharoza do 5%,<br \/>\nmaltoza 4 do 14%,<br \/>\ninne cukry wielokrotne od 1 do 14%.<br \/>\n<strong>T\u0142uszcz:<\/strong> 0g<br \/>\n<strong>W\u0119glowodany:<\/strong> 92g<br \/>\n<strong>Bia\u0142ko:<\/strong> 0g<br \/>\n<strong>S\u00f3l:<\/strong> 0g<\/p>\n<p>Przechowywanie: w celu zapewnienia odpowiedniej jako\u015bci pasza powinna by\u0107 przechowywana w ciemnym i suchym miejscu.<\/p>\n<p><strong>Zawiadomienie:<\/strong><br \/>\nInformacje o tym, jak u\u017cywa\u0107 rurek podaj\u0105cych mo\u017cna znale\u017a\u0107 tutaj: Link<br \/>\nSk\u0142ad, sk\u0142adniki analityczne, data przydatno\u015bci do spo\u017cycia i numer partii znajduj\u0105 si\u0119 na ulotce do\u0142\u0105czonej do opakowania.<\/p>\n<p>Infolinia +49 30 439703870<\/p>\n<p>W\u0142a\u015bciwy organ nadzoru weterynaryjnego i \u017cywno\u015bciowego:<br \/>\nGabinet weterynaryjny Steglitz<br \/>\nK\u00f6nigin-Luise-Str. 92<br \/>\n14195 Berlin<\/p>","protected":false},"excerpt":{"rendered":"<p>\u017bywno\u015b\u0107 uzupe\u0142niaj\u0105ca<\/p>","protected":false},"featured_media":5058,"comment_status":"open","ping_status":"closed","template":"","meta":{"_acf_changed":false,"content-type":"","_monsterinsights_skip_tracking":false,"_monsterinsights_sitenote_active":false,"_monsterinsights_sitenote_note":"","_monsterinsights_sitenote_category":0},"product_brand":[],"product_cat":[115,116],"product_tag":[],"class_list":{"0":"post-4655","1":"product","2":"type-product","3":"status-publish","4":"has-post-thumbnail","6":"product_cat-food-and-feeding","7":"product_cat-food","9":"first","10":"instock","11":"taxable","12":"shipping-taxable","13":"purchasable","14":"product-type-simple"},"acf":[],"aioseo_notices":[],"jetpack_sharing_enabled":true,"_links":{"self":[{"href":"https:\/\/antcube.shop\/pl\/wp-json\/wp\/v2\/product\/4655","targetHints":{"allow":["GET"]}}],"collection":[{"href":"https:\/\/antcube.shop\/pl\/wp-json\/wp\/v2\/product"}],"about":[{"href":"https:\/\/antcube.shop\/pl\/wp-json\/wp\/v2\/types\/product"}],"replies":[{"embeddable":true,"href":"https:\/\/antcube.shop\/pl\/wp-json\/wp\/v2\/comments?post=4655"}],"wp:featuredmedia":[{"embeddable":true,"href":"https:\/\/antcube.shop\/pl\/wp-json\/wp\/v2\/media\/5058"}],"wp:attachment":[{"href":"https:\/\/antcube.shop\/pl\/wp-json\/wp\/v2\/media?parent=4655"}],"wp:term":[{"taxonomy":"product_brand","embeddable":true,"href":"https:\/\/antcube.shop\/pl\/wp-json\/wp\/v2\/product_brand?post=4655"},{"taxonomy":"product_cat","embeddable":true,"href":"https:\/\/antcube.shop\/pl\/wp-json\/wp\/v2\/product_cat?post=4655"},{"taxonomy":"product_tag","embeddable":true,"href":"https:\/\/antcube.shop\/pl\/wp-json\/wp\/v2\/product_tag?post=4655"}],"curies":[{"name":"wp","href":"https:\/\/api.w.org\/{rel}","templated":true}]}}