{"id":4654,"date":"2022-11-14T14:34:48","date_gmt":"2022-11-14T13:34:48","guid":{"rendered":"https:\/\/antcube.shop\/produkt\/zuckerlosung-z-nachfullpack-10ml\/"},"modified":"2026-04-20T09:56:50","modified_gmt":"2026-04-20T07:56:50","slug":"opakowanie-uzupelniajace-roztworu-cukru-10ml","status":"publish","type":"product","link":"https:\/\/antcube.shop\/pl\/produkt\/opakowanie-uzupelniajace-roztworu-cukru-10ml\/","title":{"rendered":"Roztw\u00f3r cukru (Z) - opakowanie uzupe\u0142niaj\u0105ce 10ml"},"content":{"rendered":"<p><strong>Tre\u015b\u0107:<\/strong> 10 ml<\/p>\n<p><strong>Opis:<\/strong> Roztw\u00f3r cukru jest pasz\u0105 uzupe\u0142niaj\u0105c\u0105 do innych pasz.<\/p>\n<p><strong>Zastosowanie:<\/strong><br \/>\nRoztw\u00f3r cukru = dla gatunk\u00f3w mr\u00f3wek \u017cywi\u0105cych si\u0119 cukrem.<br \/>\nJest to pasza uzupe\u0142niaj\u0105ca (pasza pojedyncza)<br \/>\nMo\u017ce by\u0107 oferowany zwierz\u0119tom w stanie dostarczonym. Mo\u017ce by\u0107 u\u017cywany do momentu wyschni\u0119cia cukru. Dok\u0142adnie oczy\u015bci\u0107 misk\u0119\/rurk\u0119 do karmienia przed ponownym u\u017cyciem.<br \/>\nOtwarte opakowanie nale\u017cy zu\u017cy\u0107 szczelnie zamkni\u0119te do wskazanej (najlepiej przed) daty.<\/p>\n<p><strong>Zawiera:<\/strong><br \/>\nCukier inwertowany 55%<br \/>\nSacharoza 45%<\/p>\n<p><strong>Przechowywanie:<\/strong> aby zapewni\u0107 jako\u015b\u0107 karmy, nale\u017cy j\u0105 przechowywa\u0107 w ciemnym i suchym miejscu.<\/p>\n<p><strong>Zawiadomienie:<\/strong><br \/>\nInformacje o tym, jak u\u017cywa\u0107 rurek podaj\u0105cych mo\u017cna znale\u017a\u0107 tutaj: Link<br \/>\nSk\u0142ad, sk\u0142adniki analityczne, data przydatno\u015bci do spo\u017cycia i numer partii znajduj\u0105 si\u0119 na ulotce do\u0142\u0105czonej do opakowania.<\/p>\n<p>Infolinia +49 30 439703870<\/p>\n<p>W\u0142a\u015bciwy organ nadzoru weterynaryjnego i \u017cywno\u015bciowego:<br \/>\nGabinet weterynaryjny Steglitz<br \/>\nK\u00f6nigin-Luise-Str. 92<br \/>\n14195 Berlin<\/p>","protected":false},"excerpt":{"rendered":"<p>\u017bywno\u015b\u0107 uzupe\u0142niaj\u0105ca<\/p>","protected":false},"featured_media":5063,"comment_status":"open","ping_status":"closed","template":"","meta":{"_acf_changed":false,"content-type":"","_monsterinsights_skip_tracking":false,"_monsterinsights_sitenote_active":false,"_monsterinsights_sitenote_note":"","_monsterinsights_sitenote_category":0},"product_brand":[],"product_cat":[115,116],"product_tag":[],"class_list":{"0":"post-4654","1":"product","2":"type-product","3":"status-publish","4":"has-post-thumbnail","6":"product_cat-food-and-feeding","7":"product_cat-food","9":"first","10":"instock","11":"taxable","12":"shipping-taxable","13":"purchasable","14":"product-type-simple"},"acf":[],"aioseo_notices":[],"jetpack_sharing_enabled":true,"_links":{"self":[{"href":"https:\/\/antcube.shop\/pl\/wp-json\/wp\/v2\/product\/4654","targetHints":{"allow":["GET"]}}],"collection":[{"href":"https:\/\/antcube.shop\/pl\/wp-json\/wp\/v2\/product"}],"about":[{"href":"https:\/\/antcube.shop\/pl\/wp-json\/wp\/v2\/types\/product"}],"replies":[{"embeddable":true,"href":"https:\/\/antcube.shop\/pl\/wp-json\/wp\/v2\/comments?post=4654"}],"wp:featuredmedia":[{"embeddable":true,"href":"https:\/\/antcube.shop\/pl\/wp-json\/wp\/v2\/media\/5063"}],"wp:attachment":[{"href":"https:\/\/antcube.shop\/pl\/wp-json\/wp\/v2\/media?parent=4654"}],"wp:term":[{"taxonomy":"product_brand","embeddable":true,"href":"https:\/\/antcube.shop\/pl\/wp-json\/wp\/v2\/product_brand?post=4654"},{"taxonomy":"product_cat","embeddable":true,"href":"https:\/\/antcube.shop\/pl\/wp-json\/wp\/v2\/product_cat?post=4654"},{"taxonomy":"product_tag","embeddable":true,"href":"https:\/\/antcube.shop\/pl\/wp-json\/wp\/v2\/product_tag?post=4654"}],"curies":[{"name":"wp","href":"https:\/\/api.w.org\/{rel}","templated":true}]}}