{"id":4653,"date":"2022-11-14T14:34:32","date_gmt":"2022-11-14T13:34:32","guid":{"rendered":"https:\/\/antcube.shop\/produkt\/lowenzahn-samen-3g\/"},"modified":"2026-04-14T09:35:53","modified_gmt":"2026-04-14T07:35:53","slug":"nasiona-mniszka-lekarskiego-3g","status":"publish","type":"product","link":"https:\/\/antcube.shop\/pl\/produkt\/nasiona-mniszka-lekarskiego-3g\/","title":{"rendered":"Nasiona mniszka lekarskiego 10g"},"content":{"rendered":"<p><strong>Tre\u015b\u0107\/obj\u0119to\u015b\u0107:<\/strong> 10g<\/p>\n<p><strong>Sk\u0142adniki: Odmiana:<\/strong> (Taraxacum officinale).<\/p>\n<p><strong>Opis:<\/strong> Do karmienia ziarnistych gatunk\u00f3w mr\u00f3wek.<\/p>","protected":false},"excerpt":{"rendered":"<p>\u017bywno\u015b\u0107 uzupe\u0142niaj\u0105ca<\/p>","protected":false},"featured_media":12522,"comment_status":"open","ping_status":"closed","template":"","meta":{"_acf_changed":false,"content-type":"","_monsterinsights_skip_tracking":false,"_monsterinsights_sitenote_active":false,"_monsterinsights_sitenote_note":"","_monsterinsights_sitenote_category":0},"product_brand":[],"product_cat":[115,116],"product_tag":[],"class_list":{"0":"post-4653","1":"product","2":"type-product","3":"status-publish","4":"has-post-thumbnail","6":"product_cat-food-and-feeding","7":"product_cat-food","9":"first","10":"instock","11":"taxable","12":"shipping-taxable","13":"purchasable","14":"product-type-simple"},"acf":[],"aioseo_notices":[],"jetpack_sharing_enabled":true,"_links":{"self":[{"href":"https:\/\/antcube.shop\/pl\/wp-json\/wp\/v2\/product\/4653","targetHints":{"allow":["GET"]}}],"collection":[{"href":"https:\/\/antcube.shop\/pl\/wp-json\/wp\/v2\/product"}],"about":[{"href":"https:\/\/antcube.shop\/pl\/wp-json\/wp\/v2\/types\/product"}],"replies":[{"embeddable":true,"href":"https:\/\/antcube.shop\/pl\/wp-json\/wp\/v2\/comments?post=4653"}],"wp:featuredmedia":[{"embeddable":true,"href":"https:\/\/antcube.shop\/pl\/wp-json\/wp\/v2\/media\/12522"}],"wp:attachment":[{"href":"https:\/\/antcube.shop\/pl\/wp-json\/wp\/v2\/media?parent=4653"}],"wp:term":[{"taxonomy":"product_brand","embeddable":true,"href":"https:\/\/antcube.shop\/pl\/wp-json\/wp\/v2\/product_brand?post=4653"},{"taxonomy":"product_cat","embeddable":true,"href":"https:\/\/antcube.shop\/pl\/wp-json\/wp\/v2\/product_cat?post=4653"},{"taxonomy":"product_tag","embeddable":true,"href":"https:\/\/antcube.shop\/pl\/wp-json\/wp\/v2\/product_tag?post=4653"}],"curies":[{"name":"wp","href":"https:\/\/api.w.org\/{rel}","templated":true}]}}