{"id":4651,"date":"2022-11-14T14:34:01","date_gmt":"2022-11-14T13:34:01","guid":{"rendered":"https:\/\/antcube.shop\/produkt\/kornerfutter-media-me-nachfullpack-20ml\/"},"modified":"2026-04-07T13:49:27","modified_gmt":"2026-04-07T11:49:27","slug":"grain-food-media-refill-pack-20ml","status":"publish","type":"product","link":"https:\/\/antcube.shop\/pl\/produkt\/grain-food-media-refill-pack-20ml\/","title":{"rendered":"Grain food Media (Me) - opakowanie uzupe\u0142niaj\u0105ce 20ml"},"content":{"rendered":"<p><strong>Tre\u015b\u0107:<\/strong> 20ml (co odpowiada oko\u0142o 16g).<\/p>\n<p><strong>Opis:<\/strong> \u015arednie granulki\/nasiona dla wi\u0119kszych kolonii gatunk\u00f3w mr\u00f3wek zbieraj\u0105cych granulki, takich jak rodzaj Messor, kt\u00f3re zawieraj\u0105 ju\u017c robotnice medialne.<\/p>\n<p><strong>Zawiadomienie:<\/strong><br \/>\nInformacje o tym, jak u\u017cywa\u0107 rurek podaj\u0105cych mo\u017cna znale\u017a\u0107 tutaj: Link<br \/>\nPokarm uzupe\u0142niaj\u0105cy dla mr\u00f3wek ziarnojad\u00f3w.<br \/>\nInformacje o sk\u0142adzie, sk\u0142adnikach analitycznych, terminie przydatno\u015bci do spo\u017cycia i numerze partii znajduj\u0105 si\u0119 w ulotce do\u0142\u0105czonej do opakowania.<\/p>\n<p>Infolinia +49 30 439703870<\/p>\n<p>W\u0142a\u015bciwy organ nadzoru weterynaryjnego i \u017cywno\u015bciowego:<br \/>\nGabinet weterynaryjny Steglitz<br \/>\nK\u00f6nigin-Luise-Str. 92<br \/>\n14195 Berlin<\/p>","protected":false},"excerpt":{"rendered":"<p>\u017bywno\u015b\u0107 uzupe\u0142niaj\u0105ca<\/p>","protected":false},"featured_media":5738,"comment_status":"open","ping_status":"closed","template":"","meta":{"_acf_changed":false,"content-type":"","_monsterinsights_skip_tracking":false,"_monsterinsights_sitenote_active":false,"_monsterinsights_sitenote_note":"","_monsterinsights_sitenote_category":0},"product_brand":[],"product_cat":[115,116],"product_tag":[],"class_list":{"0":"post-4651","1":"product","2":"type-product","3":"status-publish","4":"has-post-thumbnail","6":"product_cat-food-and-feeding","7":"product_cat-food","9":"first","10":"instock","11":"taxable","12":"shipping-taxable","13":"purchasable","14":"product-type-simple"},"acf":[],"aioseo_notices":[],"jetpack_sharing_enabled":true,"_links":{"self":[{"href":"https:\/\/antcube.shop\/pl\/wp-json\/wp\/v2\/product\/4651","targetHints":{"allow":["GET"]}}],"collection":[{"href":"https:\/\/antcube.shop\/pl\/wp-json\/wp\/v2\/product"}],"about":[{"href":"https:\/\/antcube.shop\/pl\/wp-json\/wp\/v2\/types\/product"}],"replies":[{"embeddable":true,"href":"https:\/\/antcube.shop\/pl\/wp-json\/wp\/v2\/comments?post=4651"}],"wp:featuredmedia":[{"embeddable":true,"href":"https:\/\/antcube.shop\/pl\/wp-json\/wp\/v2\/media\/5738"}],"wp:attachment":[{"href":"https:\/\/antcube.shop\/pl\/wp-json\/wp\/v2\/media?parent=4651"}],"wp:term":[{"taxonomy":"product_brand","embeddable":true,"href":"https:\/\/antcube.shop\/pl\/wp-json\/wp\/v2\/product_brand?post=4651"},{"taxonomy":"product_cat","embeddable":true,"href":"https:\/\/antcube.shop\/pl\/wp-json\/wp\/v2\/product_cat?post=4651"},{"taxonomy":"product_tag","embeddable":true,"href":"https:\/\/antcube.shop\/pl\/wp-json\/wp\/v2\/product_tag?post=4651"}],"curies":[{"name":"wp","href":"https:\/\/api.w.org\/{rel}","templated":true}]}}