{"id":4648,"date":"2022-11-14T14:33:14","date_gmt":"2022-11-14T13:33:14","guid":{"rendered":"https:\/\/antcube.shop\/produkt\/himbeerblatter-100g-getrocknet\/"},"modified":"2026-04-08T08:47:44","modified_gmt":"2026-04-08T06:47:44","slug":"liscie-malin-100g-suszone","status":"publish","type":"product","link":"https:\/\/antcube.shop\/pl\/produkt\/liscie-malin-100g-suszone\/","title":{"rendered":"Li\u015bcie malin 100g - suszone"},"content":{"rendered":"<p><strong>Zawarto\u015b\u0107:<\/strong><br \/>\n100g suszonych li\u015bci malin<\/p>\n<p><strong>Opis:<\/strong><br \/>\nLi\u015bcie malin jako po\u017cywka dla gatunk\u00f3w mr\u00f3wek rozwijaj\u0105cych grzyby. Jest to produkt czysto naturalny.<\/p>\n<p><strong>Zastosowanie:<\/strong><br \/>\nLi\u015bcie malin = dla gatunk\u00f3w mr\u00f3wek hoduj\u0105cych grzyby.<br \/>\nSuche li\u015bcie s\u0142u\u017c\u0105 jedynie jako po\u017cywka dla grzyb\u00f3w mr\u00f3wek li\u015bcio\u017cernych (wskazane jest jednoczesne oferowanie cukrowych p\u0142yn\u00f3w, kt\u00f3re zast\u0105pi\u0105 brakuj\u0105ce soki ro\u015blinne). Wystarczy umie\u015bci\u0107 li\u015bcie przeznaczone do karmienia w komorze na suchy pokarm. \u015awie\u017ce li\u015bcie s\u0105 jednak preferowane przez zwierz\u0119ta. Suszone li\u015bcie s\u0105 zatem najbardziej odpowiednie do wype\u0142nienia okres\u00f3w, w kt\u00f3rych nie mo\u017cna zaoferowa\u0107 \u017cadnego pokarmu.<\/p>\n<p><strong>Przechowywanie:<\/strong><br \/>\nW suchym \u015brodowisku<\/p>\n<p><strong>Zawiera:<\/strong><br \/>\n100% suszone li\u015bcie malin<\/p>","protected":false},"excerpt":{"rendered":"<p>\u017bywno\u015b\u0107 uzupe\u0142niaj\u0105ca<\/p>","protected":false},"featured_media":5115,"comment_status":"open","ping_status":"closed","template":"","meta":{"_acf_changed":false,"content-type":"","_monsterinsights_skip_tracking":false,"_monsterinsights_sitenote_active":false,"_monsterinsights_sitenote_note":"","_monsterinsights_sitenote_category":0},"product_brand":[],"product_cat":[115,116],"product_tag":[],"class_list":{"0":"post-4648","1":"product","2":"type-product","3":"status-publish","4":"has-post-thumbnail","6":"product_cat-food-and-feeding","7":"product_cat-food","9":"first","10":"instock","11":"taxable","12":"shipping-taxable","13":"purchasable","14":"product-type-simple"},"acf":[],"aioseo_notices":[],"jetpack_sharing_enabled":true,"_links":{"self":[{"href":"https:\/\/antcube.shop\/pl\/wp-json\/wp\/v2\/product\/4648","targetHints":{"allow":["GET"]}}],"collection":[{"href":"https:\/\/antcube.shop\/pl\/wp-json\/wp\/v2\/product"}],"about":[{"href":"https:\/\/antcube.shop\/pl\/wp-json\/wp\/v2\/types\/product"}],"replies":[{"embeddable":true,"href":"https:\/\/antcube.shop\/pl\/wp-json\/wp\/v2\/comments?post=4648"}],"wp:featuredmedia":[{"embeddable":true,"href":"https:\/\/antcube.shop\/pl\/wp-json\/wp\/v2\/media\/5115"}],"wp:attachment":[{"href":"https:\/\/antcube.shop\/pl\/wp-json\/wp\/v2\/media?parent=4648"}],"wp:term":[{"taxonomy":"product_brand","embeddable":true,"href":"https:\/\/antcube.shop\/pl\/wp-json\/wp\/v2\/product_brand?post=4648"},{"taxonomy":"product_cat","embeddable":true,"href":"https:\/\/antcube.shop\/pl\/wp-json\/wp\/v2\/product_cat?post=4648"},{"taxonomy":"product_tag","embeddable":true,"href":"https:\/\/antcube.shop\/pl\/wp-json\/wp\/v2\/product_tag?post=4648"}],"curies":[{"name":"wp","href":"https:\/\/api.w.org\/{rel}","templated":true}]}}