{"id":4642,"date":"2022-11-14T14:31:41","date_gmt":"2022-11-14T13:31:41","guid":{"rendered":"https:\/\/antcube.shop\/produkt\/jelly-food-brauner-zucker-16g\/"},"modified":"2026-04-06T13:19:12","modified_gmt":"2026-04-06T11:19:12","slug":"galaretka-food-brown-sugar-16g","status":"publish","type":"product","link":"https:\/\/antcube.shop\/pl\/produkt\/galaretka-food-brown-sugar-16g\/","title":{"rendered":"Jelly Food cukier br\u0105zowy 16g"},"content":{"rendered":"<p><strong>Ilo\u015b\u0107:<\/strong> 16g<\/p>\n<p><strong>Opis:<\/strong><br \/>\nWitaminy i bia\u0142ka to podstawowe sk\u0142adniki budulcowe ka\u017cdego organizmu. Niekt\u00f3re z nich mog\u0105 by\u0107 wytwarzane przez sam organizm, inne musz\u0105 by\u0107 spo\u017cywane z po\u017cywieniem.<br \/>\nMi\u0142o\u015bnicy owad\u00f3w na ca\u0142ym \u015bwiecie doceniaj\u0105 t\u0119 formu\u0142\u0119 za wspieranie hodowli i przed\u0142u\u017canie \u017cycia poprzez zr\u00f3wnowa\u017cone od\u017cywianie swoich \"ulubie\u0144c\u00f3w\".<\/p>\n<p><strong>Sk\u0142adniki:<\/strong><br \/>\nSk\u0142ad: woda, syrop fruktozowy, cukier<br \/>\nSk\u0142adniki analityczne: Wilgotno\u015b\u0107 65%<\/p>\n<p><strong>Zastosowanie:<\/strong><br \/>\nDla gatunk\u00f3w mr\u00f3wek \u017cywi\u0105cych si\u0119 owocami.<br \/>\nMieszanka paszowa jako pasza uzupe\u0142niaj\u0105ca<br \/>\nPowinien by\u0107 oferowany 2-3 razy w tygodniu dla gatunk\u00f3w mr\u00f3wek owoco\u017cernych.<br \/>\nMo\u017cna j\u0105 zaoferowa\u0107 zwierz\u0119tom w dostarczonym stanie. W temperaturze pokojowej galaretka mo\u017ce szybko sple\u015bnie\u0107. Dlatego nale\u017cy wymienia\u0107 karm\u0119 przynajmniej co 3 dni. Przed ponownym u\u017cyciem nale\u017cy dok\u0142adnie wyczy\u015bci\u0107 misk\u0119 z karm\u0105.<\/p>\n<p><strong>Okres przechowywania:<\/strong><br \/>\nZamkni\u0119ta galaretka ma okres przydatno\u015bci do spo\u017cycia co najmniej 1 rok (patrz data przydatno\u015bci do spo\u017cycia na opakowaniu); Po otwarciu nale\u017cy j\u0105 przechowywa\u0107 w lod\u00f3wce i zu\u017cy\u0107 w ci\u0105gu 5-7 dni. Mo\u017cna j\u0105 r\u00f3wnie\u017c zamrozi\u0107 w zamra\u017carce i rozmra\u017ca\u0107 niewielkie ilo\u015bci w razie potrzeby.<\/p>\n<p><strong>Zawiadomienie:<\/strong><br \/>\nSk\u0142ad, sk\u0142adniki analityczne, numer identyfikacyjny partii i data przydatno\u015bci do spo\u017cycia (BBD) znajduj\u0105 si\u0119 w ulotce do\u0142\u0105czonej do opakowania.<\/p>\n<p>Infolinia informacyjna (fax): +49 2065-67290<\/p>\n<p>W\u0142a\u015bciwy Inspektorat Weterynarii i \u017bywno\u015bci:<br \/>\nUrz\u0119dowy lekarz weterynarii \/ ekspert weterynaryjny.<br \/>\nPrzy Schnabelhuck 6<br \/>\n47049 Duisburg<\/p>","protected":false},"excerpt":{"rendered":"<p>\u017bywno\u015b\u0107 uzupe\u0142niaj\u0105ca<\/p>","protected":false},"featured_media":5094,"comment_status":"open","ping_status":"closed","template":"","meta":{"_acf_changed":false,"content-type":"","_monsterinsights_skip_tracking":false,"_monsterinsights_sitenote_active":false,"_monsterinsights_sitenote_note":"","_monsterinsights_sitenote_category":0},"product_brand":[],"product_cat":[115,116],"product_tag":[],"class_list":{"0":"post-4642","1":"product","2":"type-product","3":"status-publish","4":"has-post-thumbnail","6":"product_cat-food-and-feeding","7":"product_cat-food","9":"first","10":"instock","11":"taxable","12":"shipping-taxable","13":"purchasable","14":"product-type-simple"},"acf":[],"aioseo_notices":[],"jetpack_sharing_enabled":true,"_links":{"self":[{"href":"https:\/\/antcube.shop\/pl\/wp-json\/wp\/v2\/product\/4642","targetHints":{"allow":["GET"]}}],"collection":[{"href":"https:\/\/antcube.shop\/pl\/wp-json\/wp\/v2\/product"}],"about":[{"href":"https:\/\/antcube.shop\/pl\/wp-json\/wp\/v2\/types\/product"}],"replies":[{"embeddable":true,"href":"https:\/\/antcube.shop\/pl\/wp-json\/wp\/v2\/comments?post=4642"}],"wp:featuredmedia":[{"embeddable":true,"href":"https:\/\/antcube.shop\/pl\/wp-json\/wp\/v2\/media\/5094"}],"wp:attachment":[{"href":"https:\/\/antcube.shop\/pl\/wp-json\/wp\/v2\/media?parent=4642"}],"wp:term":[{"taxonomy":"product_brand","embeddable":true,"href":"https:\/\/antcube.shop\/pl\/wp-json\/wp\/v2\/product_brand?post=4642"},{"taxonomy":"product_cat","embeddable":true,"href":"https:\/\/antcube.shop\/pl\/wp-json\/wp\/v2\/product_cat?post=4642"},{"taxonomy":"product_tag","embeddable":true,"href":"https:\/\/antcube.shop\/pl\/wp-json\/wp\/v2\/product_tag?post=4642"}],"curies":[{"name":"wp","href":"https:\/\/api.w.org\/{rel}","templated":true}]}}