{"id":4640,"date":"2022-11-14T14:31:10","date_gmt":"2022-11-14T13:31:10","guid":{"rendered":"https:\/\/antcube.shop\/produkt\/pinzette-federstahl-spitz-weich\/"},"modified":"2026-04-24T10:01:13","modified_gmt":"2026-04-24T08:01:13","slug":"peseta-szpilka-stalowa-punktowa-miekka","status":"publish","type":"product","link":"https:\/\/antcube.shop\/pl\/produkt\/peseta-szpilka-stalowa-punktowa-miekka\/","title":{"rendered":"P\u0119seta stal spr\u0119\u017cynowa - spiczasta - mi\u0119kka"},"content":{"rendered":"<p><strong>D\u0142ugo\u015b\u0107:<\/strong> 120 mm<\/p>\n<p><strong>Materia\u0142:<\/strong> stal spr\u0119\u017cynowa 0,2mm , stal nierdzewna.<\/p>\n<p><strong>Opis:<\/strong> Spiczasta p\u0119seta ze stali spr\u0119\u017cynowej, nierdzewna. Idealna do \"zbierania\" mr\u00f3wek, poniewa\u017c si\u0142a nacisku jest ograniczona w przypadku tego typu p\u0119sety, dlatego te\u017c mr\u00f3wki nie mog\u0105 by\u0107 \"zgniecione\".<\/p>\n<p>&nbsp;<\/p>\n<div style=\"width: 1020px;\" class=\"wp-video\"><video class=\"wp-video-shortcode\" id=\"video-4640-1\" width=\"1020\" height=\"574\" preload=\"metadata\" controls=\"controls\"><source type=\"video\/mp4\" src=\"https:\/\/antcube.shop\/wp-content\/uploads\/2024\/05\/Antcube_Tweezers-spring-steel-\u2013-pointed-\u2013-soft_preview01.mp4?_=1\" \/><a href=\"https:\/\/antcube.shop\/wp-content\/uploads\/2024\/05\/Antcube_Tweezers-spring-steel---pointed---soft_preview01.mp4\">https:\/\/antcube.shop\/wp-content\/uploads\/2024\/05\/Antcube_Tweezers-spring-steel---pointed---soft_preview01.mp4<\/a><\/video><\/div>\n<p>&nbsp;<\/p>","protected":false},"excerpt":{"rendered":"<p>D\u0142ugo\u015b\u0107: 120 mm, Materia\u0142: stal spr\u0119\u017cynowa, nierdzewna<\/p>","protected":false},"featured_media":5099,"comment_status":"open","ping_status":"closed","template":"","meta":{"_acf_changed":false,"content-type":"","_monsterinsights_skip_tracking":false,"_monsterinsights_sitenote_active":false,"_monsterinsights_sitenote_note":"","_monsterinsights_sitenote_category":0},"product_brand":[],"product_cat":[237],"product_tag":[],"class_list":{"0":"post-4640","1":"product","2":"type-product","3":"status-publish","4":"has-post-thumbnail","6":"product_cat-tools","8":"first","9":"instock","10":"taxable","11":"shipping-taxable","12":"purchasable","13":"product-type-simple"},"acf":[],"aioseo_notices":[],"jetpack_sharing_enabled":true,"_links":{"self":[{"href":"https:\/\/antcube.shop\/pl\/wp-json\/wp\/v2\/product\/4640","targetHints":{"allow":["GET"]}}],"collection":[{"href":"https:\/\/antcube.shop\/pl\/wp-json\/wp\/v2\/product"}],"about":[{"href":"https:\/\/antcube.shop\/pl\/wp-json\/wp\/v2\/types\/product"}],"replies":[{"embeddable":true,"href":"https:\/\/antcube.shop\/pl\/wp-json\/wp\/v2\/comments?post=4640"}],"wp:featuredmedia":[{"embeddable":true,"href":"https:\/\/antcube.shop\/pl\/wp-json\/wp\/v2\/media\/5099"}],"wp:attachment":[{"href":"https:\/\/antcube.shop\/pl\/wp-json\/wp\/v2\/media?parent=4640"}],"wp:term":[{"taxonomy":"product_brand","embeddable":true,"href":"https:\/\/antcube.shop\/pl\/wp-json\/wp\/v2\/product_brand?post=4640"},{"taxonomy":"product_cat","embeddable":true,"href":"https:\/\/antcube.shop\/pl\/wp-json\/wp\/v2\/product_cat?post=4640"},{"taxonomy":"product_tag","embeddable":true,"href":"https:\/\/antcube.shop\/pl\/wp-json\/wp\/v2\/product_tag?post=4640"}],"curies":[{"name":"wp","href":"https:\/\/api.w.org\/{rel}","templated":true}]}}