{"id":4639,"date":"2022-11-14T14:30:55","date_gmt":"2022-11-14T13:30:55","guid":{"rendered":"https:\/\/antcube.shop\/produkt\/durchgangsschieber-s\/"},"modified":"2026-03-02T12:58:53","modified_gmt":"2026-03-02T11:58:53","slug":"zawor-przelotowy-s","status":"publish","type":"product","link":"https:\/\/antcube.shop\/pl\/produkt\/zawor-przelotowy-s\/","title":{"rendered":"Zasuwa przelotowa - S"},"content":{"rendered":"<p><strong>Wymiary:<\/strong> 78 x 12 x 52 mm dla rurek 10\/6 mm lub rozmiaru mrowiska S<\/p>\n<p><strong>Materia\u0142:<\/strong> PMMA<\/p>\n<p><strong>Kolory:<\/strong> przezroczysty, szary<\/p>\n<p><strong>Tre\u015b\u0107:<\/strong> 1x suwak przej\u015bcia<\/p>\n<p><strong>Opis:<\/strong> Suwak przej\u015bcia zamyka lub otwiera przej\u015bcie mr\u00f3wek w tubie lub mi\u0119dzy dwoma formikariami.<br \/>\nJest przezroczysta, dzi\u0119ki czemu podczas \"zamykania\" mo\u017cna sprawdzi\u0107, czy w \u015brodku znajduj\u0105 si\u0119 mr\u00f3wki. Zasuwa jest r\u00f3wnie\u017c u\u017cywana do kontrolowania i regulowania \u015bcie\u017cek mr\u00f3wek w w\u0119\u017cach.<\/p>\n<p><strong>Uwaga dotycz\u0105ca wniosku<\/strong><br \/>\nZe wzgl\u0119du na filigranow\u0105 konstrukcj\u0119, podczas pod\u0142\u0105czania lub od\u0142\u0105czania w\u0119\u017cy nale\u017cy przestrzega\u0107 poni\u017cszych zasad:<br \/>\nJe\u015bli przew\u00f3d jest bardzo trudny do zamontowania na tulei z\u0142\u0105czki, tulej\u0119 nale\u017cy lekko natrze\u0107 kropl\u0105 naszego oleju lub proszku zabezpieczaj\u0105cego przed p\u0119kni\u0119ciem. Nast\u0119pnie w\u0105\u017c nale\u017cy wsun\u0105\u0107 na tulej\u0119 skr\u0119tnymi lub \u015brubowymi ruchami, nie obci\u0105\u017caj\u0105c tulei ruchami w g\u00f3r\u0119 i w d\u00f3\u0142. To samo obowi\u0105zuje przy wyjmowaniu w\u0119\u017cy z tulei przy\u0142\u0105czeniowej. Nie wolno ich po prostu \u015bci\u0105ga\u0107!<\/p>","protected":false},"excerpt":{"rendered":"<p>Wymiary: 78 x 12 x 52 mm dla tub 10\/6mm lub ant farm rozmiar S Materia\u0142: PMMA Kolory: przezroczysty, szary Zawarto\u015b\u0107: 1x suwak przej\u015bcia Opis: Suwak zamyka lub otwiera przej\u015bcie mr\u00f3wek w tubie lub mi\u0119dzy dwoma formikariami. Jest przezroczysty, dzi\u0119ki czemu mo\u017cna sprawdzi\u0107, czy w \u015brodku znajduj\u0105 si\u0119 mr\u00f3wki.","protected":false},"featured_media":5170,"comment_status":"open","ping_status":"closed","template":"","meta":{"_acf_changed":false,"content-type":"","_monsterinsights_skip_tracking":false,"_monsterinsights_sitenote_active":false,"_monsterinsights_sitenote_note":"","_monsterinsights_sitenote_category":0},"product_brand":[],"product_cat":[121],"product_tag":[],"class_list":{"0":"post-4639","1":"product","2":"type-product","3":"status-publish","4":"has-post-thumbnail","6":"product_cat-connectors","8":"first","9":"instock","10":"taxable","11":"shipping-taxable","12":"purchasable","13":"product-type-simple"},"acf":[],"aioseo_notices":[],"jetpack_sharing_enabled":true,"_links":{"self":[{"href":"https:\/\/antcube.shop\/pl\/wp-json\/wp\/v2\/product\/4639","targetHints":{"allow":["GET"]}}],"collection":[{"href":"https:\/\/antcube.shop\/pl\/wp-json\/wp\/v2\/product"}],"about":[{"href":"https:\/\/antcube.shop\/pl\/wp-json\/wp\/v2\/types\/product"}],"replies":[{"embeddable":true,"href":"https:\/\/antcube.shop\/pl\/wp-json\/wp\/v2\/comments?post=4639"}],"wp:featuredmedia":[{"embeddable":true,"href":"https:\/\/antcube.shop\/pl\/wp-json\/wp\/v2\/media\/5170"}],"wp:attachment":[{"href":"https:\/\/antcube.shop\/pl\/wp-json\/wp\/v2\/media?parent=4639"}],"wp:term":[{"taxonomy":"product_brand","embeddable":true,"href":"https:\/\/antcube.shop\/pl\/wp-json\/wp\/v2\/product_brand?post=4639"},{"taxonomy":"product_cat","embeddable":true,"href":"https:\/\/antcube.shop\/pl\/wp-json\/wp\/v2\/product_cat?post=4639"},{"taxonomy":"product_tag","embeddable":true,"href":"https:\/\/antcube.shop\/pl\/wp-json\/wp\/v2\/product_tag?post=4639"}],"curies":[{"name":"wp","href":"https:\/\/api.w.org\/{rel}","templated":true}]}}