{"id":4637,"date":"2022-11-14T14:30:23","date_gmt":"2022-11-14T13:30:23","guid":{"rendered":"https:\/\/antcube.shop\/produkt\/durchgangsschieber-l\/"},"modified":"2026-04-20T09:56:45","modified_gmt":"2026-04-20T07:56:45","slug":"through-gate-valve-l","status":"publish","type":"product","link":"https:\/\/antcube.shop\/pl\/produkt\/through-gate-valve-l\/","title":{"rendered":"Zasuwa przelotowa - L"},"content":{"rendered":"<p><strong>Wymiary:<\/strong> 78 x 27 x 53 mm dla rurek 14\/16\/18\/20 mm lub mr\u00f3wek rozmiar L<\/p>\n<p>Rurka 14\/10 jest szczelnie wpi\u0119ta w gniazdo 14 mm<br \/>\nRura 20\/16 jest zamocowana na pierwszym stopniu 16 mm.<br \/>\nRura 22\/18 jest zamocowana na drugim stopniu 20 mm.<br \/>\nRurka 24\/20 jest lu\u017ano zamocowana na drugim stopniu 20mm.<\/p>\n<p><strong>Materia\u0142:<\/strong> PMMA<\/p>\n<p><strong>Kolory:<\/strong> krystalicznie czysty, szary<\/p>\n<p><strong>Tre\u015b\u0107:<\/strong> 1x przelotowy suwak<\/p>\n<p><strong>Opis:<\/strong> Suwak przelotowy blokuje lub otwiera przej\u015bcie mr\u00f3wek w tubie lub pomi\u0119dzy dwoma formikariami.<br \/>\nJest przezroczysta, wi\u0119c przy \"zamykaniu\" mo\u017cna sprawdzi\u0107, czy pomi\u0119dzy nimi znajduj\u0105 si\u0119 mr\u00f3wki. Zasuw\u0119 stosuje si\u0119 r\u00f3wnie\u017c do kontroli i regulacji przep\u0142ywu mr\u00f3wek w w\u0119\u017cach.<\/p>\n<p>Uwaga dotycz\u0105ca wniosku<br \/>\nZe wzgl\u0119du na filigranow\u0105 budow\u0119, przy zak\u0142adaniu i zdejmowaniu w\u0119\u017cy nale\u017cy przestrzega\u0107 nast\u0119puj\u0105cych zasad:<br \/>\nJe\u015bli przew\u00f3d jest bardzo trudny do zamontowania na tulei z\u0142\u0105czki, tulej\u0119 nale\u017cy lekko natrze\u0107 kropl\u0105 naszego oleju lub proszku zabezpieczaj\u0105cego przed p\u0119kni\u0119ciem. Nast\u0119pnie w\u0105\u017c nale\u017cy wsun\u0105\u0107 na tulej\u0119 skr\u0119tnymi lub \u015brubowymi ruchami, nie obci\u0105\u017caj\u0105c tulei ruchami w g\u00f3r\u0119 i w d\u00f3\u0142. To samo obowi\u0105zuje przy wyjmowaniu w\u0119\u017cy z tulei przy\u0142\u0105czeniowej. Nie wolno ich po prostu \u015bci\u0105ga\u0107!<\/p>\n<p><strong>Aktualizacja:<\/strong><br \/>\n15.12.2020 Ulepszenie produktu: Pr\u0119ty zosta\u0142y wzmocnione o 3mm.<\/p>","protected":false},"excerpt":{"rendered":"<p>Wymiary: 78 x 27 x 53 mm dla rurek 14\/16\/18\/20 mm lub ant farm rozmiar L Rurki 14\/10 wpinamy szczelnie w gniazdo 14mm Rurki 20\/16 wpinamy na pierwszy stopie\u0144 16mm Rurki 22\/18 wpinamy na drugi stopie\u0144 20mm Rurki 24\/20 wpinamy lu\u017ano na drugi stopie\u0144 20mm Materia\u0142: PMMA Kolory: kryszta\u0142owy","protected":false},"featured_media":5606,"comment_status":"open","ping_status":"closed","template":"","meta":{"_acf_changed":false,"content-type":"","_monsterinsights_skip_tracking":false,"_monsterinsights_sitenote_active":false,"_monsterinsights_sitenote_note":"","_monsterinsights_sitenote_category":0},"product_brand":[],"product_cat":[121],"product_tag":[],"class_list":{"0":"post-4637","1":"product","2":"type-product","3":"status-publish","4":"has-post-thumbnail","6":"product_cat-connectors","8":"first","9":"instock","10":"taxable","11":"shipping-taxable","12":"purchasable","13":"product-type-simple"},"acf":[],"aioseo_notices":[],"jetpack_sharing_enabled":true,"_links":{"self":[{"href":"https:\/\/antcube.shop\/pl\/wp-json\/wp\/v2\/product\/4637","targetHints":{"allow":["GET"]}}],"collection":[{"href":"https:\/\/antcube.shop\/pl\/wp-json\/wp\/v2\/product"}],"about":[{"href":"https:\/\/antcube.shop\/pl\/wp-json\/wp\/v2\/types\/product"}],"replies":[{"embeddable":true,"href":"https:\/\/antcube.shop\/pl\/wp-json\/wp\/v2\/comments?post=4637"}],"wp:featuredmedia":[{"embeddable":true,"href":"https:\/\/antcube.shop\/pl\/wp-json\/wp\/v2\/media\/5606"}],"wp:attachment":[{"href":"https:\/\/antcube.shop\/pl\/wp-json\/wp\/v2\/media?parent=4637"}],"wp:term":[{"taxonomy":"product_brand","embeddable":true,"href":"https:\/\/antcube.shop\/pl\/wp-json\/wp\/v2\/product_brand?post=4637"},{"taxonomy":"product_cat","embeddable":true,"href":"https:\/\/antcube.shop\/pl\/wp-json\/wp\/v2\/product_cat?post=4637"},{"taxonomy":"product_tag","embeddable":true,"href":"https:\/\/antcube.shop\/pl\/wp-json\/wp\/v2\/product_tag?post=4637"}],"curies":[{"name":"wp","href":"https:\/\/api.w.org\/{rel}","templated":true}]}}