{"id":4635,"date":"2022-11-14T14:29:51","date_gmt":"2022-11-14T13:29:51","guid":{"rendered":"https:\/\/antcube.shop\/produkt\/ameisenarena-abdeckung-40x20\/"},"modified":"2026-04-05T12:30:36","modified_gmt":"2026-04-05T10:30:36","slug":"ant-arena-cover-40x20","status":"publish","type":"product","link":"https:\/\/antcube.shop\/pl\/produkt\/ant-arena-cover-40x20\/","title":{"rendered":"Pokrywa areny mr\u00f3wek 40\u00d720"},"content":{"rendered":"<p><strong>Wymiary (LxWxH):<\/strong> 40x20x0,4 cm<\/p>\n<p><strong>Materia\u0142:<\/strong> szk\u0142o float<\/p>\n<p><strong>Kolor:<\/strong> krystalicznie czysty \/ przejrzysty<\/p>\n<p><strong>Zawarto\u015b\u0107:<\/strong><br \/>\n1x pokrywa areny mr\u00f3wek<br \/>\n1x punkty mocuj\u0105ce 4 szt.<\/p>\n<p><strong>Opis:<\/strong><br \/>\nPokrywa szklana dla areny mr\u00f3wek jako ochrona przed ucieczk\u0105.<\/p>\n<p><strong>Zastosowanie:<\/strong><br \/>\nSzklana pokrywa areny mr\u00f3wek jest umieszczana na arenie mr\u00f3wek i s\u0142u\u017cy natychmiast do regulacji klimatu.<br \/>\nW otworach 50 mm mo\u017cna umie\u015bci\u0107 r\u00f3\u017cne modu\u0142y do sterowania klimatem, np. kratki wentylacyjne, o\u015bwietlenie lub nawil\u017canie.<br \/>\nAby zapobiec wydostawaniu si\u0119 mr\u00f3wek przez otwory, nale\u017cy zastosowa\u0107 zabezpieczenie przed ucieczk\u0105 (olej, proszek lub lakier) na spodniej stronie wok\u00f3\u0142 otwor\u00f3w.<\/p>\n<p><strong>Zawiadomienie:<\/strong><br \/>\nPoniewa\u017c artyku\u0142 jest wykonany ze szk\u0142a i dlatego jest podatny na st\u0142uczenia, nale\u017cy si\u0119 z nim obchodzi\u0107 bardzo ostro\u017cnie.<\/p>","protected":false},"excerpt":{"rendered":"<p>Wymiary (LxWxH): 30x30x0,4 cm Materia\u0142: szk\u0142o float Kolor: krystalicznie czysty \/ przezroczysty Zawarto\u015b\u0107: 1x os\u0142ona mr\u00f3wki 1x punkty mocuj\u0105ce \u00e0 4 szt. Opis: Pokrywa ze szk\u0142a na aren\u0119 mr\u00f3wek jako zabezpieczenie przed ucieczk\u0105. Zastosowanie: Pokrywa ze szk\u0142a na aren\u0119 mr\u00f3wek umieszczana jest na arenie mr\u00f3wek i s\u0142u\u017cy r\u00f3wnie\u017c od razu do","protected":false},"featured_media":5175,"comment_status":"open","ping_status":"closed","template":"","meta":{"_acf_changed":false,"content-type":"","_monsterinsights_skip_tracking":false,"_monsterinsights_sitenote_active":false,"_monsterinsights_sitenote_note":"","_monsterinsights_sitenote_category":0},"product_brand":[],"product_cat":[91,92],"product_tag":[],"class_list":{"0":"post-4635","1":"product","2":"type-product","3":"status-publish","4":"has-post-thumbnail","6":"product_cat-formicarium-modules","7":"product_cat-arena-cover","9":"first","10":"instock","11":"taxable","12":"shipping-taxable","13":"purchasable","14":"product-type-simple"},"acf":[],"aioseo_notices":[],"jetpack_sharing_enabled":true,"_links":{"self":[{"href":"https:\/\/antcube.shop\/pl\/wp-json\/wp\/v2\/product\/4635","targetHints":{"allow":["GET"]}}],"collection":[{"href":"https:\/\/antcube.shop\/pl\/wp-json\/wp\/v2\/product"}],"about":[{"href":"https:\/\/antcube.shop\/pl\/wp-json\/wp\/v2\/types\/product"}],"replies":[{"embeddable":true,"href":"https:\/\/antcube.shop\/pl\/wp-json\/wp\/v2\/comments?post=4635"}],"wp:featuredmedia":[{"embeddable":true,"href":"https:\/\/antcube.shop\/pl\/wp-json\/wp\/v2\/media\/5175"}],"wp:attachment":[{"href":"https:\/\/antcube.shop\/pl\/wp-json\/wp\/v2\/media?parent=4635"}],"wp:term":[{"taxonomy":"product_brand","embeddable":true,"href":"https:\/\/antcube.shop\/pl\/wp-json\/wp\/v2\/product_brand?post=4635"},{"taxonomy":"product_cat","embeddable":true,"href":"https:\/\/antcube.shop\/pl\/wp-json\/wp\/v2\/product_cat?post=4635"},{"taxonomy":"product_tag","embeddable":true,"href":"https:\/\/antcube.shop\/pl\/wp-json\/wp\/v2\/product_tag?post=4635"}],"curies":[{"name":"wp","href":"https:\/\/api.w.org\/{rel}","templated":true}]}}