{"id":4629,"date":"2022-11-14T14:28:18","date_gmt":"2022-11-14T13:28:18","guid":{"rendered":"https:\/\/antcube.shop\/produkt\/antcube-ameisenfarm-l-30x30-wand\/"},"modified":"2026-03-23T17:45:00","modified_gmt":"2026-03-23T16:45:00","slug":"antcube-ameisenfarm-l-30x30-wand","status":"publish","type":"product","link":"https:\/\/antcube.shop\/pl\/produkt\/antcube-ameisenfarm-l-30x30-wand\/","title":{"rendered":"ANTCUBE - farma mr\u00f3wek - L - 30\u00d730 - \u015bciana"},"content":{"rendered":"<p><strong>Na zewn\u0105trz:<\/strong> 32,5 x 32,5 cm \/ Wewn\u0105trz: 29,2 x 29,2 cm<\/p>\n<p><strong>Materia\u0142:<\/strong><br \/>\nSzk\u0142o float, drewno, PMMA<\/p>\n<p><strong>Kolor:<\/strong><br \/>\nkrystalicznie czysty, bia\u0142y<\/p>\n<p><strong>Tre\u015b\u0107:<\/strong><br \/>\n1x Ant farm 20mm rozstaw p\u0142yt z monta\u017cem na \u015bcianie.<br \/>\n1x pokrywa<br \/>\n1x rama drewniana malowana na bia\u0142o z zamkiem magnetycznym<br \/>\n2x listwy dystansowe do wk\u0142ad\u00f3w gniazdowych<br \/>\n6x wkr\u0119ty i ko\u0142ki (do \u015bciany drewnianej \/ kamiennej)<\/p>\n<p><strong>po\u0142\u0105czenie:<\/strong><br \/>\n2x nasadka 14\/16\/18\/20 x 20mm<\/p>\n<p>W\u0105\u017c 14\/10 jest wk\u0142adany do gniazda 14mm z ciasnym pasowaniem<br \/>\nW\u0105\u017c 20\/16 jest mocno zatkany na pierwszym stopniu 16mm.<\/p>\n<p><strong>Opis:<\/strong><br \/>\nTe farmy mr\u00f3wek s\u0105 przeznaczone do monta\u017cu na \u015bcianie i mog\u0105 by\u0107 \u0142atwo zamontowane na \u015bcianach drewnianych i kamiennych.<br \/>\nRama wykonana jest z prawdziwego naturalnego drewna, wyko\u0144czona bia\u0142\u0105 farb\u0105 w nowoczesnym, ponadczasowym stylu.<br \/>\nT\u0119 ram\u0119 mo\u017cna zdj\u0105\u0107, aby otworzy\u0107 farm\u0119, i mo\u017cna j\u0105 ponownie zamocowa\u0107 za pomoc\u0105 uchwytu magnetycznego.<\/p>\n<p><strong>Instrukcja monta\u017cu:<\/strong><br \/>\nDo zamocowania 6 ko\u0142k\u00f3w \"S6\" w \u015bcianie potrzebne jest wiert\u0142o z wiert\u0142em 6mm (do drewna lub kamienia w zale\u017cno\u015bci od materia\u0142u).<br \/>\nW \u015bcianie nale\u017cy wywierci\u0107 otwory o g\u0142\u0119boko\u015bci 40mm, aby zag\u0142\u0119bi\u0107 ko\u0142ki z wkr\u0119tami 4x30mm.<\/p>\n<p><strong>Uwagi dotycz\u0105ce produkcji<\/strong><br \/>\nSzk\u0142o jest ci\u0119te zgodnie z norm\u0105 DIN 1249 z tolerancj\u0105 +\/- 1mm. W przypadku wyj\u0105tkowo ma\u0142ych gatunk\u00f3w mr\u00f3wek konieczne jest dodatkowe zabezpieczenie przed wy\u0142amaniem.<\/p>\n<p><strong>Wskaz\u00f3wki dotycz\u0105ce gospodarstwa<\/strong><br \/>\nPrzy zak\u0142adaniu i zdejmowaniu w\u0119\u017cy nale\u017cy przestrzega\u0107 nast\u0119puj\u0105cych wskaz\u00f3wek:<br \/>\nJe\u015bli przew\u00f3d jest bardzo trudny do zamontowania na tulei z\u0142\u0105czki, tulej\u0119 nale\u017cy lekko natrze\u0107 kropl\u0105 naszego oleju lub proszku zabezpieczaj\u0105cego przed p\u0119kni\u0119ciem. Nast\u0119pnie w\u0105\u017c nale\u017cy wsun\u0105\u0107 na tulej\u0119 skr\u0119tnymi lub \u015brubowymi ruchami, nie obci\u0105\u017caj\u0105c tulei ruchami w g\u00f3r\u0119 i w d\u00f3\u0142. To samo dotyczy wyjmowania w\u0119\u017cy z tulei przy\u0142\u0105czeniowej w gospodarstwie. Nie wolno ich po prostu \u015bci\u0105ga\u0107!<\/p>","protected":false},"excerpt":{"rendered":"<p><strong>Po\u0142\u0105czenie:<\/strong> gniazdo 2x 14\/16 x 20mm; <strong>rozstaw p\u0142yt:<\/strong> wewn\u0105trz 20 mm<br \/>\n<strong>Wielko\u015b\u0107:<\/strong> <span style=\"color: #0000ff;\"><strong>L<\/strong> <\/span><\/p>","protected":false},"featured_media":5188,"comment_status":"open","ping_status":"closed","template":"","meta":{"_acf_changed":false,"content-type":"","_monsterinsights_skip_tracking":false,"_monsterinsights_sitenote_active":false,"_monsterinsights_sitenote_note":"","_monsterinsights_sitenote_category":0},"product_brand":[],"product_cat":[80,83],"product_tag":[],"class_list":{"0":"post-4629","1":"product","2":"type-product","3":"status-publish","4":"has-post-thumbnail","6":"product_cat-antfarms","7":"product_cat-antfarms-l","9":"first","10":"instock","11":"taxable","12":"shipping-taxable","13":"purchasable","14":"product-type-simple"},"acf":[],"aioseo_notices":[],"jetpack_sharing_enabled":true,"_links":{"self":[{"href":"https:\/\/antcube.shop\/pl\/wp-json\/wp\/v2\/product\/4629","targetHints":{"allow":["GET"]}}],"collection":[{"href":"https:\/\/antcube.shop\/pl\/wp-json\/wp\/v2\/product"}],"about":[{"href":"https:\/\/antcube.shop\/pl\/wp-json\/wp\/v2\/types\/product"}],"replies":[{"embeddable":true,"href":"https:\/\/antcube.shop\/pl\/wp-json\/wp\/v2\/comments?post=4629"}],"wp:featuredmedia":[{"embeddable":true,"href":"https:\/\/antcube.shop\/pl\/wp-json\/wp\/v2\/media\/5188"}],"wp:attachment":[{"href":"https:\/\/antcube.shop\/pl\/wp-json\/wp\/v2\/media?parent=4629"}],"wp:term":[{"taxonomy":"product_brand","embeddable":true,"href":"https:\/\/antcube.shop\/pl\/wp-json\/wp\/v2\/product_brand?post=4629"},{"taxonomy":"product_cat","embeddable":true,"href":"https:\/\/antcube.shop\/pl\/wp-json\/wp\/v2\/product_cat?post=4629"},{"taxonomy":"product_tag","embeddable":true,"href":"https:\/\/antcube.shop\/pl\/wp-json\/wp\/v2\/product_tag?post=4629"}],"curies":[{"name":"wp","href":"https:\/\/api.w.org\/{rel}","templated":true}]}}