{"id":4627,"date":"2022-11-14T14:27:46","date_gmt":"2022-11-14T13:27:46","guid":{"rendered":"https:\/\/antcube.shop\/produkt\/antcube-ameisenfarm-l-30x30-stehend\/"},"modified":"2026-04-04T19:29:23","modified_gmt":"2026-04-04T17:29:23","slug":"antcube-ant-farm-l-30x30-stand-2","status":"publish","type":"product","link":"https:\/\/antcube.shop\/pl\/produkt\/antcube-ant-farm-l-30x30-stand-2\/","title":{"rendered":"ANTCUBE - farma mr\u00f3wek - L - 30\u00d730 - stoj\u0105c"},"content":{"rendered":"<p><strong>Wymiary (LxWxH):\u00a0<\/strong><br \/>\n330x60x300 mm<\/p>\n<p><strong>Materia\u0142:<\/strong><br \/>\nSzk\u0142o float, tworzywo sztuczne<\/p>\n<p><strong>Kolor:<\/strong><br \/>\nkrystalicznie czysty<\/p>\n<p><strong>Tre\u015b\u0107:<\/strong><br \/>\n1x farma mr\u00f3wek ANTCUBE - rozstaw p\u0142yt 20mm.<br \/>\n1x os\u0142ona farmy mr\u00f3wek L 30\u00d73<br \/>\n2x korek 4mm<\/p>\n<p><strong>po\u0142\u0105czenie:<\/strong><br \/>\n2x nasadka 14\/16\/18\/20 x 20mm<br \/>\n2x otwory 4mm z za\u015blepkami 4mm<\/p>\n<p>W\u0105\u017c 14\/10 jest wk\u0142adany do gniazda 14mm z ciasnym pasowaniem<br \/>\nRura 20\/16 jest zamocowana na pierwszym stopniu 16 mm.<br \/>\nRurka 22\/18 jest ciasno osadzona na drugim stopniu 20mm.<br \/>\nW\u0105\u017c 24\/20 jest lu\u017ano zamocowany na drugim stopniu 20 mm.<\/p>\n<p><strong>Opis:<\/strong><br \/>\nTa w pe\u0142ni przezroczysta hodowla mr\u00f3wek jest odpowiednia dla mr\u00f3wek w rozmiarze M.<\/p>\n<p><strong>Uwagi dotycz\u0105ce produkcji<\/strong><br \/>\nSzk\u0142o jest ci\u0119te zgodnie z norm\u0105 DIN 1249 z tolerancj\u0105 +\/- 1mm. W przypadku wyj\u0105tkowo ma\u0142ych gatunk\u00f3w mr\u00f3wek konieczne jest dodatkowe zabezpieczenie przed wy\u0142amaniem.<\/p>\n<p><strong>Wskaz\u00f3wki dotycz\u0105ce gospodarstwa<\/strong><br \/>\nPrzy zak\u0142adaniu i zdejmowaniu w\u0119\u017cy nale\u017cy przestrzega\u0107 nast\u0119puj\u0105cych wskaz\u00f3wek:<br \/>\nJe\u015bli przew\u00f3d jest bardzo trudny do zamontowania na tulei z\u0142\u0105czki, tulej\u0119 nale\u017cy lekko natrze\u0107 kropl\u0105 naszego oleju lub proszku zabezpieczaj\u0105cego przed p\u0119kni\u0119ciem. Nast\u0119pnie w\u0105\u017c nale\u017cy wsun\u0105\u0107 na tulej\u0119 skr\u0119tnymi lub \u015brubowymi ruchami, nie obci\u0105\u017caj\u0105c tulei ruchami w g\u00f3r\u0119 i w d\u00f3\u0142. To samo dotyczy wyjmowania w\u0119\u017cy z tulei przy\u0142\u0105czeniowej w gospodarstwie. Nie wolno ich po prostu \u015bci\u0105ga\u0107!<\/p>","protected":false},"excerpt":{"rendered":"<p><strong>Po\u0142\u0105czenie:<\/strong> Gniazdo 2x 14\/16\/18\/20 mm + pokrywa <strong>Rozstaw p\u0142yt:<\/strong> Wewn\u0105trz 20 mm \/ Na zewn\u0105trz 28 mm<br \/>\n<strong>Wielko\u015b\u0107:<\/strong> <strong><span style=\"color: #0000ff;\">L<\/span><\/strong><\/p>","protected":false},"featured_media":5192,"comment_status":"open","ping_status":"closed","template":"","meta":{"_acf_changed":false,"content-type":"","_monsterinsights_skip_tracking":false,"_monsterinsights_sitenote_active":false,"_monsterinsights_sitenote_note":"","_monsterinsights_sitenote_category":0},"product_brand":[],"product_cat":[80,83],"product_tag":[],"class_list":{"0":"post-4627","1":"product","2":"type-product","3":"status-publish","4":"has-post-thumbnail","6":"product_cat-antfarms","7":"product_cat-antfarms-l","9":"first","10":"instock","11":"taxable","12":"shipping-taxable","13":"purchasable","14":"product-type-simple"},"acf":[],"aioseo_notices":[],"jetpack_sharing_enabled":true,"_links":{"self":[{"href":"https:\/\/antcube.shop\/pl\/wp-json\/wp\/v2\/product\/4627","targetHints":{"allow":["GET"]}}],"collection":[{"href":"https:\/\/antcube.shop\/pl\/wp-json\/wp\/v2\/product"}],"about":[{"href":"https:\/\/antcube.shop\/pl\/wp-json\/wp\/v2\/types\/product"}],"replies":[{"embeddable":true,"href":"https:\/\/antcube.shop\/pl\/wp-json\/wp\/v2\/comments?post=4627"}],"wp:featuredmedia":[{"embeddable":true,"href":"https:\/\/antcube.shop\/pl\/wp-json\/wp\/v2\/media\/5192"}],"wp:attachment":[{"href":"https:\/\/antcube.shop\/pl\/wp-json\/wp\/v2\/media?parent=4627"}],"wp:term":[{"taxonomy":"product_brand","embeddable":true,"href":"https:\/\/antcube.shop\/pl\/wp-json\/wp\/v2\/product_brand?post=4627"},{"taxonomy":"product_cat","embeddable":true,"href":"https:\/\/antcube.shop\/pl\/wp-json\/wp\/v2\/product_cat?post=4627"},{"taxonomy":"product_tag","embeddable":true,"href":"https:\/\/antcube.shop\/pl\/wp-json\/wp\/v2\/product_tag?post=4627"}],"curies":[{"name":"wp","href":"https:\/\/api.w.org\/{rel}","templated":true}]}}