{"id":4626,"date":"2022-11-14T14:27:28","date_gmt":"2022-11-14T13:27:28","guid":{"rendered":"https:\/\/antcube.shop\/produkt\/bundle-offer-starter-set-kork-camponotus-nicobarensis-cricket-jam\/"},"modified":"2026-04-03T17:08:06","modified_gmt":"2026-04-03T15:08:06","slug":"bundle-offer-starter-set-kork-camponotus-nicobarensis-cricket-jam","status":"publish","type":"product","link":"https:\/\/antcube.shop\/pl\/produkt\/bundle-offer-starter-set-kork-camponotus-nicobarensis-cricket-jam\/","title":{"rendered":"Oferta pakietowa - Camponotus nicobarensis"},"content":{"rendered":"<p><span data-text-color=\"secondary\"><strong>Oferta pakietowa zawieraj\u0105ca koloni\u0119 mr\u00f3wek Camponotus nicobarensis (kr\u00f3lowa + 5\u201310 robotnic + potomstwo), zestaw startowy z korka, 2 podk\u0142adki do formikarium, opakowanie uzupe\u0142niaj\u0105ce mieszanki spadziowej 10 ml oraz s\u0142oik naszego specjalnego d\u017cemu z \u015bwierszczy 25 g (wilgotne bia\u0142ko).<\/strong><\/span><\/p>\n<p><span data-text-color=\"alert\"><strong>Tylko do wyczerpania zapas\u00f3w.<\/strong><\/span><\/p>\n<p><strong>Wszystko, czego potrzebujesz do stworzenia kolonii mr\u00f3wek Camponotus nicobarensis<\/strong><br \/>\nTen zestaw zawiera wszystko, czego potrzebujesz, aby z powodzeniem przeprowadzi\u0107 koloni\u0119 Camponotus nicobarensis przez kilka pierwszych miesi\u0119cy. Jest elastyczny i odpowiedni dla pocz\u0105tkuj\u0105cych hodowc\u00f3w mr\u00f3wek.<\/p>\n<p><strong>Gatunek mr\u00f3wki Camponotus nicobarensis<\/strong><br \/>\nCamponotus nicobarensis jest stosunkowo du\u017cym gatunkiem z rodzaju Camponotus i, w przeciwie\u0144stwie do innych gatunk\u00f3w Camponotus, rozwija si\u0119 do\u015b\u0107 szybko. Jest zatem bardzo odpowiedni dla pocz\u0105tkuj\u0105cych hodowc\u00f3w mr\u00f3wek. Ponadto nie musi hibernowa\u0107, dzi\u0119ki czemu mo\u017cna go \u0142atwo obserwowa\u0107 w domu zim\u0105. W naturze \u017cyje mi\u0119dzy innymi na p\u00f3\u0142pustyniach i stepach Azji Po\u0142udniowo-Wschodniej, ale tak\u017ce w bardziej wilgotnych regionach. Ze wzgl\u0119du na bardzo du\u017cy obszar wyst\u0119powania, jest tolerancyjny na temperatur\u0119 i wilgotno\u015b\u0107.<\/p>\n<p><strong>Po\u017cywienie dla Camponotus nicobarensis<\/strong><br \/>\nCamponotus nicobarensis \u017cywi si\u0119 wod\u0105 miodow\u0105 i ma\u0142ymi \u017cywymi lub martwymi owadami, ale r\u00f3wnie\u017c owoce s\u0105 ch\u0119tnie akceptowane. Nasz zast\u0119pczy pokarm bia\u0142kowy mo\u017ce by\u0107 r\u00f3wnie\u017c podawany jako alternatywa dla owad\u00f3w. Jednak \"\u015bwie\u017ce\" bia\u0142ka, takie jak nasz Cricket Jam, s\u0105 lepsze dla rozwoju kolonii. Nale\u017cy r\u00f3wnie\u017c zapewni\u0107 \u015bwie\u017c\u0105 wod\u0119.<\/p>\n<p><strong>Formicarium dla Camponotus nicobarensis<\/strong><br \/>\nCamponotus nicobarensis najlepiej hodowa\u0107 w naszych zestawach startowych L z korkow\u0105 wk\u0142adk\u0105 gniazdow\u0105. Zwierz\u0119ta te \u017cyj\u0105 na wolno\u015bci, zwykle w spr\u00f3chnia\u0142ym drewnie, ale ch\u0119tnie wykorzystuj\u0105 ka\u017cd\u0105 form\u0119 naturalnej dziupli do budowy gniazda. Nasze korkowe wk\u0142ady gniazdowe najlepiej nadaj\u0105 si\u0119 do hodowli w formikarium ze wzgl\u0119du na ich podobie\u0144stwo do spr\u00f3chnia\u0142ego drewna.<\/p>\n<p><strong>Zawarto\u015b\u0107:<\/strong><br \/>\n1x Camponotus nicobarensis (kr\u00f3lowa + 5-10 robotnic + czerw)<\/p>\n<div>1x Cricket Jam 25g<\/div>\n<div>1x Honeydew Mix (HT) - opakowanie uzupe\u0142niaj\u0105ce 10 ml<\/div>\n<div>1x Podstawa formikarium - 20x20cm<\/div>\n<div>1x Podstawa formikarium - 20x6cm<\/div>\n<div><\/div>\n<div>1x ANTCUBE - Arena 20x20x10 - p\u0142aski<\/div>\n<div>1x rama areny mr\u00f3wek 20\u00d720<\/div>\n<div>1x pokrywa areny mr\u00f3wek 20\u00d720<\/div>\n<div>4x punkt mocowania dla pokrywy areny<\/div>\n<div>1x ANTCUBE - Farma mr\u00f3wek - L - 20\u00d720 - pionowa<\/div>\n<div><\/div>\n<div>1x ANTCUBE - gniazdo korkowe 20\u00d720 - pionowe<\/div>\n<div>1x 0,5 m w\u0105\u017c przezroczysty 20\/16 mm<\/div>\n<div>1x ANTCUBE - czerwona folia 20\u00d720 - filtr<\/div>\n<div>1x klipsy samoprzylepne - przezroczyste 2 szt.<\/div>\n<div>1x pod\u0142o\u017ce - piaskowo-gliniaste be\u017cowe - 1000g<\/div>\n<div><\/div>\n<div>2x Grid insert acrylic &#8211; 50 mm with sealing ring<\/div>\n<div>1x Grid insert acrylic &#8211; 27 mm with sealing ring<\/div>\n<div>1x Za\u015blepka siatki - 16 mm - stal nierdzewna<\/div>\n<div><\/div>\n<div>1x z\u0142\u0105cze w\u0119\u017ca zbiornika 27-14,16,20 mm - przezroczyste<\/div>\n<div>1x Foil thermometer &#8211; farm<\/div>\n<div>1x Foil thermometer Display<\/div>\n<div>1x drinking clear 5ml &#8211; sponge<\/div>\n<div>1x Feeding dish white rectangle &#8211; 3 compartments<\/div>\n<div>1x Drinking trough 2ml &#8211; 360 Degrees<\/div>\n<div>1x Olejek przeciw mr\u00f3wkom 10ml<\/div>\n<div>1x P\u0119seta ze stali spr\u0119\u017cynowej - szeroka - mi\u0119kka<\/div>\n<div>1x P\u0119seta plastikowa przezroczysta<\/div>\n<div>1x pipeta plastikowa 3ml<\/div>\n<div>1x lupa r\u0119czna - 2x - 30mm<\/div>\n<div>1x wycieraczka piankowa 150x18x2,5mm<\/div>\n<p><strong>Opis Zestaw startowy:<\/strong><br \/>\nTen korkowy zestaw startowy, z prefabrykowanymi korytarzami i komorami, jest odpowiedni dla r\u00f3\u017cnych gatunk\u00f3w mr\u00f3wek, zw\u0142aszcza dla gatunk\u00f3w, kt\u00f3re gniazduj\u0105 w (martwym) drewnie.<\/p>\n<p>\"ANTCUBE - Cork Nest\" mo\u017cna umie\u015bci\u0107 w ca\u0142kowicie przezroczystej hodowli. Alternatywnie mo\u017cna r\u00f3wnie\u017c u\u017cy\u0107 pod\u0142o\u017ca \"Sand-clay beige\", aby wype\u0142ni\u0107 hodowl\u0119 lub zamkn\u0105\u0107 niekt\u00f3re komory gniazda korkowego. W razie potrzeby przez 50 mm otwory w pokrywie mo\u017cna pod\u0142\u0105czy\u0107 dodatkowe modu\u0142y, np. dost\u0119pne oddzielnie zamg\u0142awiacze, wentylatory lub o\u015bwietlenie. Alternatywnie, odpowiednie wk\u0142adki siatkowe i za\u015blepki do formikarium zamykaj\u0105ce otwory wchodz\u0105 w zakres dostawy. W razie potrzeby formikarium mo\u017cna r\u00f3wnie\u017c obs\u0142ugiwa\u0107 w trybie otwartym, po prostu umieszczaj\u0105c zdejmowan\u0105 ram\u0119 na g\u00f3rze i nak\u0142adaj\u0105c na kraw\u0119d\u017a olej chroni\u0105cy przed mr\u00f3wkami.<\/p>\n<p><strong>Wa\u017cne:<\/strong> Przed u\u017cyciem nale\u017cy zwil\u017cy\u0107 pod\u0142o\u017ce, aby mieszanina mog\u0142a si\u0119 zwi\u0105za\u0107 i mocno osadzi\u0107 w hodowli mr\u00f3wek. Ponadto, je\u015bli pod\u0142o\u017ce jest zbyt suche i zakurzone, drogi oddechowe mr\u00f3wek mog\u0105 zosta\u0107 zablokowane, a w najgorszym przypadku zwierz\u0119ta mog\u0105 si\u0119 udusi\u0107.<\/p>\n<p><strong>Zalecenie:<\/strong> Zalecamy warstw\u0119 pod\u0142o\u017ca o wysoko\u015bci 2 mm, aby zwierz\u0119ta nie mog\u0142y zakopa\u0107 si\u0119 w hali i zamiast tego korzysta\u0142y z zapewnionej do tego celu farmy.<\/p>\n<p><strong>Uwagi dotycz\u0105ce produkcji szk\u0142a<\/strong><br \/>\nSzk\u0142o jest ci\u0119te na wymiar zgodnie z norm\u0105 DIN 1249 z tolerancj\u0105 +\/- 1 mm. Dodatkowa ochrona przed wy\u0142amaniem jest niezb\u0119dna w przypadku wyj\u0105tkowo ma\u0142ych gatunk\u00f3w mr\u00f3wek.<\/p>\n<p><strong>Uwagi dotycz\u0105ce gospodarstwa<\/strong><br \/>\nGniazdo powinno by\u0107 u\u017cywane wy\u0142\u0105cznie w suchym formikarium. Je\u015bli gniazdo b\u0119dzie stale wilgotne, materia\u0142 mo\u017ce sple\u015bnie\u0107.<\/p>\n<p><strong>Przy zak\u0142adaniu i zdejmowaniu w\u0119\u017cy nale\u017cy przestrzega\u0107 nast\u0119puj\u0105cych wskaz\u00f3wek:<\/strong><br \/>\nJe\u015bli w\u0105\u017c jest bardzo trudny do zamocowania w gnie\u017adzie przy\u0142\u0105czeniowym, gniazdo nale\u017cy lekko natrze\u0107 kropl\u0105 naszego oleju lub proszku zabezpieczaj\u0105cego przed wyrwaniem. Nast\u0119pnie w\u0105\u017c nale\u017cy wsun\u0105\u0107 do gniazda za pomoc\u0105 ruch\u00f3w obrotowych lub wkr\u0119caj\u0105cych, bez obci\u0105\u017cania gniazda ruchami w g\u00f3r\u0119 i w d\u00f3\u0142. To samo dotyczy zdejmowania w\u0119\u017cy z gniazda przy\u0142\u0105czeniowego. Nie nale\u017cy go po prostu \u015bci\u0105ga\u0107!<\/p>\n<p><strong>Instrukcje: <\/strong>(Wersja 2023, zaktualizowana wersja na 2024 b\u0119dzie dost\u0119pna najp\u00f3\u017aniej do 04\/2024)<br \/>\n<span data-sheets-root=\"1\" data-sheets-value=\"{&quot;1&quot;:2,&quot;2&quot;:&quot;DE Gebrauchsanweisung Starter Set Kork (PDF 3,80 MB)&quot;}\" data-sheets-userformat=\"{&quot;2&quot;:513,&quot;3&quot;:{&quot;1&quot;:0},&quot;12&quot;:0}\" data-sheets-hyperlink=\"https:\/\/www.antstore.net\/shop\/images\/info\/de\/Gebrauchsanweisung Starter Set Kork.pdf\" data-sheets-hyperlinkruns=\"{&quot;1&quot;:3,&quot;2&quot;:&quot;https:\/\/www.antstore.net\/shop\/images\/info\/de\/Gebrauchsanweisung Starter Set Kork.pdf&quot;}\uee10{&quot;1&quot;:38}\"><a class=\"in-cell-link\" href=\"https:\/\/www.antstore.net\/shop\/images\/info\/de\/Gebrauchsanweisung Starter Set Kork.pdf\" target=\"_blank\" rel=\"noopener\">- DE <\/a><a class=\"in-cell-link\" href=\"https:\/\/www.antstore.net\/shop\/images\/info\/de\/Gebrauchsanweisung Starter Set Kork.pdf\" target=\"_blank\" rel=\"noopener\">Gebrauchsanweisung Zestaw startowy Kork<\/a><a class=\"in-cell-link\" href=\"https:\/\/www.antstore.net\/shop\/images\/info\/de\/Gebrauchsanweisung Starter Set Kork.pdf\" target=\"_blank\" rel=\"noopener\"> (PDF 3,80 MB)<\/a><\/span><br \/>\n<a href=\"https:\/\/www.antstore.net\/shop\/images\/info\/en\/Instructions%20for%20use%20-%20Starter%20Set%20Cork.pdf\">- PL Instrukcja u\u017cytkowania - zestaw startowy Cork (PDF 3,79 MB)<\/a><br \/>\n<a href=\"https:\/\/www.antstore.net\/shop\/images\/info\/es\/Manual%20de%20instrucciones%20-%20Set%20de%20inicio%20de%20corcho.pdf\">- ES Manual de instrucciones - Set de inicio de corcho (PDF 3,79 MB)<\/a><br \/>\n<a href=\"https:\/\/www.antstore.net\/shop\/images\/info\/fr\/Manuel%20d'instruction%20-%20Kit%20de%20d%C3%A9marrage%20en%20li%C3%A8ge.pdf\">- FR Instrukcja obs\u0142ugi - Zestaw do demonta\u017cu w lesie (PDF 3,79 MB)<\/a><\/p>\n<p><strong>Notatki na temat d\u017cemu krykietowego:<\/strong><br \/>\nNasze blanszowane \u015bwierszcze to \u0142atwy spos\u00f3b na zapewnienie mr\u00f3wkom \u015bwie\u017co konserwowanego pokarmu bia\u0142kowego bez konieczno\u015bci karmienia \u017cywymi owadami. Zawarte \u015bwierszcze (Acheta domesticus) zosta\u0142y delikatnie zblanszowane, aby zapewni\u0107 zachowanie warto\u015bci od\u017cywczych, smaku i aromatu. Ponadto chitynowa pow\u0142oka owad\u00f3w jest w ten spos\u00f3b zmi\u0119kczana, dzi\u0119ki czemu mo\u017ce by\u0107 \u0142atwiej trawiona. Wi\u0105zania bia\u0142ek kolagenowych s\u0105 rozbijane, aby mr\u00f3wki mog\u0142y je lepiej wykorzysta\u0107. Konserwy Acheta domesticus maj\u0105 tak\u0105 sam\u0105 warto\u015b\u0107 od\u017cywcz\u0105 jak \u017cywe \u015bwierszcze, ale s\u0105 \u0142atwiejsze do strawienia.<\/p>\n<p>Cricket Jam nie nadaje si\u0119 do polowania na gatunki mr\u00f3wek, kt\u00f3re wymagaj\u0105 \u017cywego pokarmu (np. ponerines (wielkie mr\u00f3wki), takie jak Harpegnathos lub Odontomachus).<\/p>\n<p><strong>Dalsze korzy\u015bci:<\/strong><br \/>\nGwarantowany brak roztoczy<br \/>\nMo\u017cna porcjowa\u0107 i rozcie\u0144cza\u0107 wod\u0105<br \/>\nSterylizowane i pakowane pr\u00f3\u017cniowo<br \/>\nBez dodatk\u00f3w<br \/>\n\u015awierszcze ze zr\u00f3wnowa\u017conej, czysto ekologicznej hodowli, karmione odpadami organicznymi<\/p>\n<p><strong>Uwaga:<\/strong><br \/>\nMo\u017cna przechowywa\u0107 w lod\u00f3wce przez oko\u0142o cztery dni po otwarciu. D\u0142u\u017cszy okres trwa\u0142o\u015bci w przypadku zamro\u017cenia.<br \/>\n<strong>Uwaga:<\/strong> Najpierw porcjowa\u0107, a nast\u0119pnie zamra\u017ca\u0107.<\/p>\n<p><strong>Uwaga dotycz\u0105ca spadzi:<\/strong><br \/>\nZawarto\u015b\u0107: 10 ml<br \/>\nJest to produkt naturalny, kt\u00f3ry po intensywnych badaniach w naszym laboratorium udoskonalili\u015bmy i stworzyli\u015bmy z niego pokarm bardzo dobrze akceptowany przez mr\u00f3wki. Powodem jest to, \u017ce nieprzetworzony mi\u00f3d spadziowy w swojej skoncentrowanej oryginalnej formie nie jest dobrze akceptowany przez mr\u00f3wki i ich metabolizm.<br \/>\nNasza spad\u017a zosta\u0142a zebrana w nieska\u017conych, dzikich lasach g\u00f3rskich Bu\u0142garii. Spad\u017a jest produkowana tylko przez bardzo ograniczony czas, oko\u0142o dw\u00f3ch miesi\u0119cy w lecie. Jest wi\u0119c bardzo rzadka. Ze wzgl\u0119du na specyficzne w\u0142a\u015bciwo\u015bci gleby w lasach i klimat, niezb\u0119dne sk\u0142adniki od\u017cywcze s\u0105 przechowywane w li\u015bciach drzew, kt\u00f3re s\u0105 wch\u0142aniane przez mszyce. To w\u0142a\u015bnie sprawia, \u017ce ta mieszanka spadzi jest tak po\u017c\u0105dana przez mr\u00f3wki.<\/p>\n<p><strong>Zastosowanie:<\/strong><br \/>\nIlo\u015b\u0107 pokarmu powinna by\u0107 spo\u017cyta w ci\u0105gu oko\u0142o 3 dni.<\/p>\n<p><strong>Opis:<\/strong><br \/>\nSpad\u017a, w przeciwie\u0144stwie do miodu kwiatowego, pozyskiwana jest z wydzielin owad\u00f3w ss\u0105cych ro\u015bliny, takich jak mszyce. Spad\u017a jest popularnym \u017ar\u00f3d\u0142em po\u017cywienia dla wielu owad\u00f3w, takich jak mr\u00f3wki, pszczo\u0142y i trzmiele. Pszczo\u0142y i trzmiele zlizuj\u0105 j\u0105 z li\u015bci lub igie\u0142 r\u00f3\u017cnych drzew. Mr\u00f3wki, takie jak Lasius niger, dos\u0142ownie utrzymuj\u0105 mszyce. Broni\u0105 ich nawet przed drapie\u017cnikami i przenosz\u0105 na \u015bwie\u017ce p\u0119dy.<\/p>\n<p>Spad\u017a jest szczeg\u00f3lnie popularna w\u015br\u00f3d mr\u00f3wek ze wzgl\u0119du na jej nieco inne sk\u0142adniki. G\u0142\u00f3wnymi cukrami w spadzi s\u0105 sacharoza i fruktoza, ale wyst\u0119puj\u0105 r\u00f3wnie\u017c mniejsze ilo\u015bci maltozy, trehalozy, melezytozy, rafinozy i innych oligosacharyd\u00f3w. Opr\u00f3cz cukru i wody, spad\u017a zawiera r\u00f3wnie\u017c niezb\u0119dne aminokwasy, minera\u0142y, pierwiastki \u015bladowe, adenozyny, fosforany i inne sk\u0142adniki, takie jak witaminy.<\/p>\n<p><strong>U\u017cycie:<\/strong><br \/>\nDla gatunk\u00f3w mr\u00f3wek miodo\u017cernych (Meliphagidae)<br \/>\nJest to pasza uzupe\u0142niaj\u0105ca<br \/>\nKarma mo\u017ce by\u0107 podawana zwierz\u0119tom w takiej postaci, w jakiej zosta\u0142a dostarczona. Poniewa\u017c wilgotno\u015b\u0107 zmniejsza st\u0119\u017cenie cukru i rozpoczyna si\u0119 proces fermentacji, pokarm nale\u017cy wymienia\u0107 co 3 dni. Przed ponownym u\u017cyciem nale\u017cy dok\u0142adnie wyczy\u015bci\u0107 misk\u0119\/rurk\u0119 do karmienia.<br \/>\nPo otwarciu opakowanie nale\u017cy przechowywa\u0107 szczelnie zamkni\u0119te do up\u0142ywu daty wa\u017cno\u015bci.<\/p>\n<p><strong>Informacja o warto\u015bciach od\u017cywczych na 100 g:<\/strong><br \/>\nok. 2,7 % t\u0142uszcze<br \/>\nz czego nasycone ok. 0,45 %<br \/>\nok. 95 w\u0119glowodan\u00f3w %<br \/>\nz czego cukier ok. 71<br \/>\noko\u0142o 2,85% bia\u0142ka<br \/>\nMinera\u0142y (potas, wap\u0144, mied\u017a, \u017celazo, s\u00f3d, magnez, fosfor, cynk i inne pierwiastki \u015bladowe) Aminokwasy (prolina, leucyna, fenyloalanina, alanina, histydyna, izoleucyna, kwas glutaminowy, arginina, kwas asparaginowy itd.) Kwasy organiczne Enzymy (fermenty) Aromaty Inhibiny (substancje antybakteryjne) Kwiaty Py\u0142ek kwiatowy<\/p>\n<p><strong>Przechowywanie:<\/strong><br \/>\nAby zapewni\u0107 odpowiedni\u0105 jako\u015b\u0107 paszy, nale\u017cy przechowywa\u0107 j\u0105 w ciemnym i suchym miejscu.<\/p>\n<p><strong>Uwaga:<\/strong><br \/>\nPokarm uzupe\u0142niaj\u0105cy dla mr\u00f3wek miodo\u017cernych.<br \/>\nSk\u0142ad, sk\u0142adniki analityczne, data przydatno\u015bci do spo\u017cycia i numer partii znajduj\u0105 si\u0119 na ulotce do\u0142\u0105czonej do opakowania.<\/p>\n<p>Infolinia +49 30 439703870<\/p>\n<p>W\u0142a\u015bciwy Inspektorat Weterynarii i \u017bywno\u015bci:<br \/>\nGabinet weterynaryjny Steglitz<br \/>\nK\u00f6nigin-Luise-Str. 92<br \/>\n14195 Berlin<\/p>","protected":false},"excerpt":{"rendered":"<p>Zestaw sk\u0142ada si\u0119 z 33 cz\u0119\u015bci<br \/>\nWielko\u015b\u0107: <span style=\"color: #0000ff;\"><strong>L<\/strong><\/span><\/p>","protected":false},"featured_media":7121,"comment_status":"open","ping_status":"closed","template":"","meta":{"_acf_changed":false,"content-type":"","_monsterinsights_skip_tracking":false,"_monsterinsights_sitenote_active":false,"_monsterinsights_sitenote_note":"","_monsterinsights_sitenote_category":0},"product_brand":[],"product_cat":[355,73,76,89],"product_tag":[],"class_list":{"0":"post-4626","1":"product","2":"type-product","3":"status-publish","4":"has-post-thumbnail","6":"product_cat-bundle-offers","7":"product_cat-starter-sets","8":"product_cat-starter-sets-cork","9":"product_cat-cork","11":"first","12":"instock","13":"taxable","14":"shipping-taxable","15":"purchasable","16":"product-type-simple"},"acf":[],"aioseo_notices":[],"jetpack_sharing_enabled":true,"_links":{"self":[{"href":"https:\/\/antcube.shop\/pl\/wp-json\/wp\/v2\/product\/4626","targetHints":{"allow":["GET"]}}],"collection":[{"href":"https:\/\/antcube.shop\/pl\/wp-json\/wp\/v2\/product"}],"about":[{"href":"https:\/\/antcube.shop\/pl\/wp-json\/wp\/v2\/types\/product"}],"replies":[{"embeddable":true,"href":"https:\/\/antcube.shop\/pl\/wp-json\/wp\/v2\/comments?post=4626"}],"wp:featuredmedia":[{"embeddable":true,"href":"https:\/\/antcube.shop\/pl\/wp-json\/wp\/v2\/media\/7121"}],"wp:attachment":[{"href":"https:\/\/antcube.shop\/pl\/wp-json\/wp\/v2\/media?parent=4626"}],"wp:term":[{"taxonomy":"product_brand","embeddable":true,"href":"https:\/\/antcube.shop\/pl\/wp-json\/wp\/v2\/product_brand?post=4626"},{"taxonomy":"product_cat","embeddable":true,"href":"https:\/\/antcube.shop\/pl\/wp-json\/wp\/v2\/product_cat?post=4626"},{"taxonomy":"product_tag","embeddable":true,"href":"https:\/\/antcube.shop\/pl\/wp-json\/wp\/v2\/product_tag?post=4626"}],"curies":[{"name":"wp","href":"https:\/\/api.w.org\/{rel}","templated":true}]}}