{"id":4625,"date":"2022-11-14T14:21:09","date_gmt":"2022-11-14T13:21:09","guid":{"rendered":"https:\/\/antcube.shop\/produkt\/acrylglas-xt-rohr-50-46mm-1m\/"},"modified":"2026-03-26T18:04:53","modified_gmt":"2026-03-26T17:04:53","slug":"acrylic-xt-tube-50-46mm-1m","status":"publish","type":"product","link":"https:\/\/antcube.shop\/pl\/produkt\/acrylic-xt-tube-50-46mm-1m\/","title":{"rendered":"Rura mr\u00f3wkowa - krystalicznie przezroczysta - 20 mm - 1 m"},"content":{"rendered":"<p><strong>Wymiary:<\/strong> \u015brednica zewn\u0119trzna 50 mm, d\u0142ugo\u015b\u0107: 1 m<\/p>\n<p><strong>Materia\u0142:<\/strong> szk\u0142o akrylowe<\/p>\n<p><strong>Kolor:<\/strong> przejrzysty, jasny<\/p>\n<p><strong>Opis:<\/strong> Mo\u017cliwo\u015b\u0107 pod\u0142\u0105czenia do formikarium poprzez adaptery lub po\u0142\u0105czenia kilku formikari\u00f3w razem.<\/p>\n<p><strong>Uwaga:<\/strong> Ze wzgl\u0119d\u00f3w zwi\u0105zanych z pakowaniem, rury o d\u0142ugo\u015bci 1 metra mo\u017cna przeci\u0105\u0107 na p\u00f3\u0142 i opcjonalnie zam\u00f3wi\u0107 z pasuj\u0105cym kawa\u0142kiem rury. Je\u015bli chcesz, aby rury by\u0142y dostarczane jako rury o d\u0142ugo\u015bci 1 metra, nale\u017cy to wybra\u0107 jako opcj\u0119 dodatkow\u0105.<\/p>","protected":false},"excerpt":{"rendered":"<p>Wymiary: \u015brednica zewn\u0119trzna 50 mm, d\u0142ugo\u015b\u0107: 1 m Materia\u0142: szk\u0142o akrylowe Kolor: przezroczysty, bezbarwny Opis: Mo\u017cna pod\u0142\u0105czy\u0107 do formikarium za pomoc\u0105 adapter\u00f3w lub po\u0142\u0105czy\u0107 ze sob\u0105 kilka formikari\u00f3w. Uwaga: Ze wzgl\u0119d\u00f3w opakowaniowych 1-metrowe rurki mo\u017cna przeci\u0105\u0107 na p\u00f3\u0142 i opcjonalnie zam\u00f3wi\u0107 z pasuj\u0105cym kawa\u0142kiem rurki. Je\u015bli chcesz mie\u0107","protected":false},"featured_media":5122,"comment_status":"open","ping_status":"closed","template":"","meta":{"_acf_changed":false,"content-type":"","_monsterinsights_skip_tracking":false,"_monsterinsights_sitenote_active":false,"_monsterinsights_sitenote_note":"","_monsterinsights_sitenote_category":0},"product_brand":[],"product_cat":[119,120],"product_tag":[],"class_list":{"0":"post-4625","1":"product","2":"type-product","3":"status-publish","4":"has-post-thumbnail","6":"product_cat-formicarium-components","7":"product_cat-hoses","9":"first","10":"instock","11":"taxable","12":"shipping-taxable","13":"purchasable","14":"product-type-simple"},"acf":[],"aioseo_notices":[],"jetpack_sharing_enabled":true,"_links":{"self":[{"href":"https:\/\/antcube.shop\/pl\/wp-json\/wp\/v2\/product\/4625","targetHints":{"allow":["GET"]}}],"collection":[{"href":"https:\/\/antcube.shop\/pl\/wp-json\/wp\/v2\/product"}],"about":[{"href":"https:\/\/antcube.shop\/pl\/wp-json\/wp\/v2\/types\/product"}],"replies":[{"embeddable":true,"href":"https:\/\/antcube.shop\/pl\/wp-json\/wp\/v2\/comments?post=4625"}],"wp:featuredmedia":[{"embeddable":true,"href":"https:\/\/antcube.shop\/pl\/wp-json\/wp\/v2\/media\/5122"}],"wp:attachment":[{"href":"https:\/\/antcube.shop\/pl\/wp-json\/wp\/v2\/media?parent=4625"}],"wp:term":[{"taxonomy":"product_brand","embeddable":true,"href":"https:\/\/antcube.shop\/pl\/wp-json\/wp\/v2\/product_brand?post=4625"},{"taxonomy":"product_cat","embeddable":true,"href":"https:\/\/antcube.shop\/pl\/wp-json\/wp\/v2\/product_cat?post=4625"},{"taxonomy":"product_tag","embeddable":true,"href":"https:\/\/antcube.shop\/pl\/wp-json\/wp\/v2\/product_tag?post=4625"}],"curies":[{"name":"wp","href":"https:\/\/api.w.org\/{rel}","templated":true}]}}