{"id":4613,"date":"2022-11-01T18:09:28","date_gmt":"2022-11-01T17:09:28","guid":{"rendered":"https:\/\/antcube.shop\/produkt\/antcube-starter-set-vivarium-30x30x30-cube\/"},"modified":"2026-04-01T11:20:15","modified_gmt":"2026-04-01T09:20:15","slug":"plantcube-vivarium-20x20x20-biom","status":"publish","type":"product","link":"https:\/\/antcube.shop\/pl\/produkt\/plantcube-vivarium-20x20x20-biom\/","title":{"rendered":"PLANTCUBE - Vivarium 20x20x20 Biom"},"content":{"rendered":"<p><b>Zawarto\u015b\u0107:<\/b><b><br \/>\n<\/b><span style=\"font-weight: 400;\">1x PLANTCUBE Vivarium 20x20x20 Biom<\/span><span style=\"font-weight: 400;\"><br \/>\n<\/span><span style=\"font-weight: 400;\">2x za\u015blepki do otworu 10 mm<\/span><\/p>\n<p><span style=\"font-weight: 400;\">Szklana kostka 20x20x20cm z 2x bocznym otworem 27mm i 2x bocznym otworem 10mm<\/span><span style=\"font-weight: 400;\"><br \/>\n<\/span><span style=\"font-weight: 400;\">Otw\u00f3r o \u015brednicy 27 mm (punkt \u015brodkowy) znajduje si\u0119 na wysoko\u015bci 8,5 cm.\u00a0<\/span><\/p>\n<p><b>Wymiary:<\/b><span style=\"font-weight: 400;\"> 200 x 200 x 200 mm; grubo\u015b\u0107 szk\u0142a 4 mm<\/span><\/p>\n<p><b>Materia\u0142:<\/b><span style=\"font-weight: 400;\"> szk\u0142o float<\/span><\/p>\n<p><b>Otwory boczne:<\/b><b><br \/>\n<\/b><span style=\"font-weight: 400;\">2x otw\u00f3r 27 mm<\/span><span style=\"font-weight: 400;\"><br \/>\n<\/span><span style=\"font-weight: 400;\">2x otw\u00f3r 10 mm<\/span><\/p>\n<p><span style=\"font-weight: 400;\">Dzi\u0119ki naszym wiwariom PLANTCUBE mo\u017cesz zaprojektowa\u0107 w\u0142asne \u017cywe dzie\u0142o sztuki do swojego salonu. W PLANTCUBE mo\u017cna r\u00f3wnie\u017c hodowa\u0107 ma\u0142e zwierz\u0119ta, wi\u0119c kreatywno\u015b\u0107 nie ma granic.<\/span><\/p>\n<p><span style=\"font-weight: 400;\">Je\u015bli chcesz dowiedzie\u0107 si\u0119 wi\u0119cej o PLANTCUBE lub przeczyta\u0107 nasz przewodnik krok po kroku, jak skonfigurowa\u0107 swoje wiwarium, odwied\u017a poni\u017cszy link: <a href=\"http:\/\/antcube.shop\/PLANTCUBE\">antcube.shop\/PLANTCUBE<\/a><\/span><\/p>\n<p><b>Dostosuj PLANTCUBE do w\u0142asnych potrzeb lub potrzeb ro\u015blin i zwierz\u0105t:<\/b><\/p>\n<p><span style=\"font-weight: 400;\">Dwa otwory 10 mm z boku, znajduj\u0105ce si\u0119 na wysoko\u015bci 2 cm (po\u015brodku) od do\u0142u, s\u0142u\u017c\u0105 do odprowadzania nadmiaru wody. Do odprowadzania wody mo\u017cna na przyk\u0142ad u\u017cy\u0107 naszego przezroczystego w\u0119\u017ca 10\/06 mm. Dwa otwory o \u015brednicy 27 mm mog\u0105 by\u0107 zamkni\u0119te za\u015blepkami lub s\u0142u\u017cy\u0107 jako dodatkowa wentylacja, gdy s\u0105 wyposa\u017cone we wk\u0142adki siatkowe. W tym miejscu mo\u017cna nawet po\u0142\u0105czy\u0107 dwie konfiguracje za pomoc\u0105 akrylowej rurki. W ten spos\u00f3b, je\u015bli trzymasz zwierz\u0119ta w swoim wiwarium, mog\u0105 one swobodnie w\u0119drowa\u0107 z jednej konfiguracji do drugiej.<\/span><\/p>\n<p><b>Jak przekszta\u0142ci\u0107 PLANTCUBE w bioaktywny ekosystem?<\/b><\/p>\n<p><b>Utw\u00f3rz warstw\u0119 drena\u017cow\u0105:<\/b><\/p>\n<p><span style=\"font-weight: 400;\">Aby wesprze\u0107 ro\u015bliny, nale\u017cy najpierw zbudowa\u0107 warstw\u0119 drena\u017cow\u0105 wewn\u0105trz wiwarium. Zalecamy u\u017cycie 2-3 cm granulek gliny (4-8 mm), poniewa\u017c s\u0105 one lekkie. Przed w\u0142o\u017ceniem nale\u017cy je umy\u0107 pod bie\u017c\u0105c\u0105 wod\u0105, aby usun\u0105\u0107 kurz.\u00a0<\/span><\/p>\n<p><span style=\"font-weight: 400;\">Na wierzchu granulek gliny mo\u017cna umie\u015bci\u0107 w\u0142\u00f3knin\u0119 drena\u017cow\u0105, aby oddzieli\u0107 drena\u017c od pod\u0142o\u017ca.<\/span><\/p>\n<p><b>Jakich ro\u015blin i gleby u\u017cy\u0107:<\/b><\/p>\n<p><span style=\"font-weight: 400;\">Wszystko zale\u017cy od rodzaju \"ekosystemu\", kt\u00f3ry chcesz stworzy\u0107. Je\u015bli chcesz zbudowa\u0107 pustynne lub raczej suche wiwarium, b\u0119dziesz potrzebowa\u0107 ro\u015blin, kt\u00f3re dobrze si\u0119 rozwijaj\u0105 w takim klimacie i u\u017cywa\u0107 odpowiedniej gleby, w kt\u00f3rej lubi\u0105 rosn\u0105\u0107. W przypadku wiwari\u00f3w tropikalnych jest oczywi\u015bcie tak samo. Staraj si\u0119 u\u017cywa\u0107 ro\u015blin z podobnych region\u00f3w i\/lub klimat\u00f3w, aby wszystkie dobrze radzi\u0142y sobie w tym samym typie gleby i klimatu. Dobry sklep z ro\u015blinami powinien zawsze posiada\u0107 informacje na temat odpowiedniego klimatu i gleby dla sprzedawanych ro\u015blin.<\/span><\/p>\n<p><b>Wa\u017cne:<\/b><span style=\"font-weight: 400;\"> Je\u015bli chcesz trzyma\u0107 ro\u015bliny i zwierz\u0119ta razem, nigdy nie powiniene\u015b u\u017cywa\u0107 ro\u015blin, co do kt\u00f3rych nie wiesz, czy mia\u0142y kontakt z nawozami lub pestycydami. U\u017cywaj tylko ro\u015blin ze sklep\u00f3w terrarystycznych lub podobnych, kt\u00f3re gwarantuj\u0105, \u017ce s\u0105 ca\u0142kowicie wolne od pestycyd\u00f3w i nawoz\u00f3w. W przeciwnym razie mog\u0105 one doprowadzi\u0107 do \u015bmierci zwierz\u0105t.<\/span><\/p>\n<p><b>Wprowad\u017a \"ekip\u0119 sprz\u0105taj\u0105c\u0105\", aby twoje wiwarium by\u0142o bioaktywne<\/b><\/p>\n<p><b>Co to jest bioaktywno\u015b\u0107? <\/b><span style=\"font-weight: 400;\">Co to jest bioaktywno\u015b\u0107? Jest to najbardziej zbli\u017cona do samowystarczalnej konfiguracja. Polega ona na dodaniu odpowiedniej mieszanki gleby i materia\u0142u organicznego w celu wytworzenia mikroflory oraz niezb\u0119dnej mikrofauny, aby stworzy\u0107 cykl sk\u0142adnik\u00f3w od\u017cywczych w wiwarium.<\/span><\/p>\n<p><span style=\"font-weight: 400;\">Nasza rada: Zawsze dodawaj ma\u0142e stworzenia, takie jak skoczogonki i r\u00f3wnonogi. S\u0105 one nie tylko dobrym \"nieko\u0144cz\u0105cym si\u0119\" \u017ar\u00f3d\u0142em po\u017cywienia, je\u015bli chcesz trzyma\u0107 w swoim wiwarium inne zwierz\u0119ta. \u017bywi\u0105 si\u0119 one zw\u0142aszcza ple\u015bniami, kt\u00f3re mog\u0105 tworzy\u0107 si\u0119 z powodu wysokiej wilgotno\u015bci i wzbogacaj\u0105 gleb\u0119 w sk\u0142adniki od\u017cywcze, kt\u00f3re z kolei pozwalaj\u0105 ro\u015blinom zdrowo rosn\u0105\u0107.<\/span><\/p>\n<p><span style=\"font-weight: 400;\">Dodaj troch\u0119 w\u0119gla drzewnego do gleby, kt\u00f3ry pomo\u017ce mikrobom j\u0105 skolonizowa\u0107. Mech i kora korkowa lub bia\u0142e zgni\u0142e drewno, opr\u00f3cz \u015bci\u00f3\u0142ki z li\u015bci, nie tylko wygl\u0105daj\u0105 naturalnie w twojej konfiguracji, ale tak\u017ce karmi\u0105 twoj\u0105 \"ekip\u0119 sprz\u0105taj\u0105c\u0105\", zapewniaj\u0105 im kryj\u00f3wki i miejsca l\u0119gowe oraz s\u0105 \u0142atwe do rozbicia na sk\u0142adniki od\u017cywcze dla twoich ro\u015blin.<\/span><\/p>\n<p><b>W naturze wszystko opiera si\u0119 na r\u00f3wnowadze<\/b><\/p>\n<p><span style=\"font-weight: 400;\">Nie zaleca si\u0119 jednak stosowania niekt\u00f3rych gatunk\u00f3w izopod\u00f3w bez dodawania czegokolwiek, co na nie poluje, poniewa\u017c populacja izopod\u00f3w bez drapie\u017cnik\u00f3w, takich jak na przyk\u0142ad mr\u00f3wki, lubi wymyka\u0107 si\u0119 spod kontroli, a ro\u015bliny w twoim wiwarium szybko staj\u0105 si\u0119 niechcianym \u017ar\u00f3d\u0142em po\u017cywienia. W naturze wszystko opiera si\u0119 na r\u00f3wnowadze.<\/span><\/p>\n<p><b>Wi\u0119cej informacji:<\/b><\/p>\n<p><span style=\"font-weight: 400;\">Szk\u0142o jest ci\u0119te zgodnie z DIN 1249 z tolerancj\u0105 +\/- 1mm. W przypadku wyj\u0105tkowo ma\u0142ych gatunk\u00f3w mr\u00f3wek konieczne jest dodatkowe zabezpieczenie przed wy\u0142amaniem.<\/span><\/p>","protected":false},"excerpt":{"rendered":"<p>Przy\u0142\u0105cze: 2x otw\u00f3r 27 mm<br \/>\n2x otw\u00f3r 10 mm<\/p>","protected":false},"featured_media":12297,"comment_status":"open","ping_status":"closed","template":"","meta":{"_acf_changed":false,"content-type":"","_monsterinsights_skip_tracking":false,"_monsterinsights_sitenote_active":false,"_monsterinsights_sitenote_note":"","_monsterinsights_sitenote_category":0},"product_brand":[483],"product_cat":[341],"product_tag":[],"class_list":{"0":"post-4613","1":"product","2":"type-product","3":"status-publish","4":"has-post-thumbnail","6":"product_brand-plantcube","7":"product_cat-vivariums","9":"first","10":"instock","11":"taxable","12":"shipping-taxable","13":"purchasable","14":"product-type-simple"},"acf":[],"aioseo_notices":[],"jetpack_sharing_enabled":true,"_links":{"self":[{"href":"https:\/\/antcube.shop\/pl\/wp-json\/wp\/v2\/product\/4613","targetHints":{"allow":["GET"]}}],"collection":[{"href":"https:\/\/antcube.shop\/pl\/wp-json\/wp\/v2\/product"}],"about":[{"href":"https:\/\/antcube.shop\/pl\/wp-json\/wp\/v2\/types\/product"}],"replies":[{"embeddable":true,"href":"https:\/\/antcube.shop\/pl\/wp-json\/wp\/v2\/comments?post=4613"}],"wp:featuredmedia":[{"embeddable":true,"href":"https:\/\/antcube.shop\/pl\/wp-json\/wp\/v2\/media\/12297"}],"wp:attachment":[{"href":"https:\/\/antcube.shop\/pl\/wp-json\/wp\/v2\/media?parent=4613"}],"wp:term":[{"taxonomy":"product_brand","embeddable":true,"href":"https:\/\/antcube.shop\/pl\/wp-json\/wp\/v2\/product_brand?post=4613"},{"taxonomy":"product_cat","embeddable":true,"href":"https:\/\/antcube.shop\/pl\/wp-json\/wp\/v2\/product_cat?post=4613"},{"taxonomy":"product_tag","embeddable":true,"href":"https:\/\/antcube.shop\/pl\/wp-json\/wp\/v2\/product_tag?post=4613"}],"curies":[{"name":"wp","href":"https:\/\/api.w.org\/{rel}","templated":true}]}}