{"id":4606,"date":"2022-11-01T18:07:22","date_gmt":"2022-11-01T17:07:22","guid":{"rendered":"https:\/\/antcube.shop\/produkt\/formicariengranulat-1000ml-rot\/"},"modified":"2026-04-02T19:26:06","modified_gmt":"2026-04-02T17:26:06","slug":"formicarium-granules-1000ml-red","status":"publish","type":"product","link":"https:\/\/antcube.shop\/pl\/produkt\/formicarium-granules-1000ml-red\/","title":{"rendered":"Formicarium granulat 1000ml - czerwony"},"content":{"rendered":"<p><strong>Tre\u015b\u0107:<\/strong> 1000ml (r\u00f3wnowarto\u015b\u0107 ~400g)<\/p>\n<p><strong>Wielko\u015b\u0107 ziarna:<\/strong> 1 - 6 mm<\/p>\n<p><strong>Kolor:<\/strong> czerwony<\/p>\n<p><strong>Materia\u0142 podstawy:<\/strong> specjalna mieszanka wysokiej jako\u015bci glinek<\/p>\n<p><strong>Opis:<\/strong> Materia\u0142 zatrzymuje wilgo\u0107 i zapewnia dobre napowietrzenie gleby w formikarium, chroni\u0105c przed zalaniem i gniciem. Warstwa granulatu powinna by\u0107 stosowana oko\u0142o 1-2 cm jako najni\u017csza warstwa gleby w gospodarstwie.<\/p>\n<p><strong>W\u0142a\u015bciwo\u015bci:<\/strong><br \/>\n- nieorganiczne, produkt mineralny<br \/>\n- biologicznie i chemicznie neutralny<br \/>\n- strukturalnie stabilny<br \/>\n- przechowuje wilgo\u0107<\/p>","protected":false},"excerpt":{"rendered":"<p>Do pod\u0142o\u017cy z czerwonego piasku\/gliny<\/p>","protected":false},"featured_media":5732,"comment_status":"open","ping_status":"closed","template":"","meta":{"_acf_changed":false,"content-type":"","_monsterinsights_skip_tracking":false,"_monsterinsights_sitenote_active":false,"_monsterinsights_sitenote_note":"","_monsterinsights_sitenote_category":0},"product_brand":[],"product_cat":[241],"product_tag":[],"class_list":{"0":"post-4606","1":"product","2":"type-product","3":"status-publish","4":"has-post-thumbnail","6":"product_cat-granules","8":"first","9":"instock","10":"taxable","11":"shipping-taxable","12":"purchasable","13":"product-type-simple"},"acf":[],"aioseo_notices":[],"jetpack_sharing_enabled":true,"_links":{"self":[{"href":"https:\/\/antcube.shop\/pl\/wp-json\/wp\/v2\/product\/4606","targetHints":{"allow":["GET"]}}],"collection":[{"href":"https:\/\/antcube.shop\/pl\/wp-json\/wp\/v2\/product"}],"about":[{"href":"https:\/\/antcube.shop\/pl\/wp-json\/wp\/v2\/types\/product"}],"replies":[{"embeddable":true,"href":"https:\/\/antcube.shop\/pl\/wp-json\/wp\/v2\/comments?post=4606"}],"wp:featuredmedia":[{"embeddable":true,"href":"https:\/\/antcube.shop\/pl\/wp-json\/wp\/v2\/media\/5732"}],"wp:attachment":[{"href":"https:\/\/antcube.shop\/pl\/wp-json\/wp\/v2\/media?parent=4606"}],"wp:term":[{"taxonomy":"product_brand","embeddable":true,"href":"https:\/\/antcube.shop\/pl\/wp-json\/wp\/v2\/product_brand?post=4606"},{"taxonomy":"product_cat","embeddable":true,"href":"https:\/\/antcube.shop\/pl\/wp-json\/wp\/v2\/product_cat?post=4606"},{"taxonomy":"product_tag","embeddable":true,"href":"https:\/\/antcube.shop\/pl\/wp-json\/wp\/v2\/product_tag?post=4606"}],"curies":[{"name":"wp","href":"https:\/\/api.w.org\/{rel}","templated":true}]}}