{"id":4372,"date":"2022-06-20T09:12:42","date_gmt":"2022-06-20T07:12:42","guid":{"rendered":"https:\/\/antcube.shop\/produkt\/ganze-blanchierte-heimchen\/"},"modified":"2026-04-14T20:53:15","modified_gmt":"2026-04-14T18:53:15","slug":"ganze-blanchierte-heimchen","status":"publish","type":"product","link":"https:\/\/antcube.shop\/pl\/produkt\/ganze-blanchierte-heimchen\/","title":{"rendered":"\u015awierszcze blanszowane w ca\u0142o\u015bci"},"content":{"rendered":"<p><strong>Masa netto:<\/strong> 10g na s\u0142oik<br \/>\nblanszowane \u015bwierszcze \u015bredniej wielko\u015bci w kawa\u0142kach<\/p>\n<p>pojedyncze zasilanie<\/p>\n<p><strong>Opis:<\/strong><br \/>\nNasze blanszowane \u015bwierszcze to \u0142atwy spos\u00f3b na zapewnienie mr\u00f3wkom \u015bwie\u017co konserwowanego pokarmu bia\u0142kowego bez konieczno\u015bci karmienia \u017cywymi owadami. Zawarte w zestawie \u015bwierszcze (Acheta domesticus) zosta\u0142y delikatnie zblanszowane, aby zapewni\u0107 zachowanie warto\u015bci od\u017cywczych, smaku i aromatu. Ponadto chitynowa pow\u0142oka owad\u00f3w jest w ten spos\u00f3b zmi\u0119kczana, dzi\u0119ki czemu mo\u017ce by\u0107 \u0142atwiej trawiona. Zwi\u0105zki bia\u0142ek kolagenowych s\u0105 rozk\u0142adane, aby mr\u00f3wki mog\u0142y je lepiej wykorzysta\u0107. Konserwy Acheta domesticus maj\u0105 tak\u0105 sam\u0105 warto\u015b\u0107 od\u017cywcz\u0105 jak \u017cywe \u015bwierszcze, ale s\u0105 \u0142atwiejsze do strawienia. W przeciwie\u0144stwie do mro\u017conych lub suszonych \u015bwierszczy, w kt\u00f3rych tracone jest oko\u0142o 60% bia\u0142ka, zawarte w nich bia\u0142ko mo\u017ce zosta\u0107 przetworzone do prawie 100%.<\/p>\n<p>\u015awierszcze blanszowane nie nadaj\u0105 si\u0119 do polowania na gatunki mr\u00f3wek, kt\u00f3re wymagaj\u0105 \u017cywego pokarmu (np. poneriny (mr\u00f3wki pierwotne), takie jak Harpegnathos lub Odontomachus).<\/p>\n<p><strong>Inne zalety:<\/strong><\/p>\n<p>Gwarancja braku roztoczy<br \/>\nPorcjowane<br \/>\nSterylizacja i pr\u00f3\u017cnia<br \/>\nBez dodatk\u00f3w<br \/>\n\u015awierszcze z czystej, zr\u00f3wnowa\u017conej, ekologicznej hodowli, karmione odpadami organicznymi<\/p>\n<p><strong>Informacje o warto\u015bciach od\u017cywczych:<\/strong><br \/>\nBia\u0142ko surowe: 20%<br \/>\nT\u0142uszcz surowy: 7%<br \/>\nW\u0142\u00f3kno surowe: 22%<br \/>\nAsh: 4%<br \/>\nWilgotno\u015b\u0107: 46%<\/p>\n<p><strong>Zawiadomienie:<\/strong><br \/>\nPo otwarciu przechowuje si\u0119 przez oko\u0142o cztery dni w lod\u00f3wce. D\u0142u\u017cszy termin przydatno\u015bci do spo\u017cycia po zamro\u017ceniu.<br \/>\n<strong>Uwaga:<\/strong> Najpierw porcjowa\u0107, a nast\u0119pnie zamra\u017ca\u0107. Mo\u017cliwe jest wi\u0119c tak\u017ce jednorazowe wyj\u0119cie (IQF).<\/p>","protected":false},"excerpt":{"rendered":"<p>pojedyncze zasilanie<\/p>","protected":false},"featured_media":4375,"comment_status":"open","ping_status":"closed","template":"","meta":{"_acf_changed":false,"content-type":"","_monsterinsights_skip_tracking":false,"_monsterinsights_sitenote_active":false,"_monsterinsights_sitenote_note":"","_monsterinsights_sitenote_category":0},"product_brand":[],"product_cat":[257,115,116],"product_tag":[],"class_list":{"0":"post-4372","1":"product","2":"type-product","3":"status-publish","4":"has-post-thumbnail","6":"product_cat-new-innovatve-products","7":"product_cat-food-and-feeding","8":"product_cat-food","10":"first","11":"instock","12":"taxable","13":"shipping-taxable","14":"purchasable","15":"product-type-simple"},"acf":[],"aioseo_notices":[],"jetpack_sharing_enabled":true,"_links":{"self":[{"href":"https:\/\/antcube.shop\/pl\/wp-json\/wp\/v2\/product\/4372","targetHints":{"allow":["GET"]}}],"collection":[{"href":"https:\/\/antcube.shop\/pl\/wp-json\/wp\/v2\/product"}],"about":[{"href":"https:\/\/antcube.shop\/pl\/wp-json\/wp\/v2\/types\/product"}],"replies":[{"embeddable":true,"href":"https:\/\/antcube.shop\/pl\/wp-json\/wp\/v2\/comments?post=4372"}],"wp:featuredmedia":[{"embeddable":true,"href":"https:\/\/antcube.shop\/pl\/wp-json\/wp\/v2\/media\/4375"}],"wp:attachment":[{"href":"https:\/\/antcube.shop\/pl\/wp-json\/wp\/v2\/media?parent=4372"}],"wp:term":[{"taxonomy":"product_brand","embeddable":true,"href":"https:\/\/antcube.shop\/pl\/wp-json\/wp\/v2\/product_brand?post=4372"},{"taxonomy":"product_cat","embeddable":true,"href":"https:\/\/antcube.shop\/pl\/wp-json\/wp\/v2\/product_cat?post=4372"},{"taxonomy":"product_tag","embeddable":true,"href":"https:\/\/antcube.shop\/pl\/wp-json\/wp\/v2\/product_tag?post=4372"}],"curies":[{"name":"wp","href":"https:\/\/api.w.org\/{rel}","templated":true}]}}