{"id":4343,"date":"2022-06-08T14:36:54","date_gmt":"2022-06-08T12:36:54","guid":{"rendered":"https:\/\/antcube.shop\/produkt\/naturbusch-auf-schieferplatte-gros\/"},"modified":"2025-10-19T15:15:12","modified_gmt":"2025-10-19T13:15:12","slug":"naturbusch-auf-schieferplatte-gros","status":"publish","type":"product","link":"https:\/\/antcube.shop\/pl\/produkt\/naturbusch-auf-schieferplatte-gros\/","title":{"rendered":"Krzew ozdobny"},"content":{"rendered":"<p>Rozmiar \/ wysoko\u015b\u0107 17 cm do 19 cm, \u015brednica ~ 10 cm -12 cm, idealny do aren 30x30x30 cm i wi\u0119kszych.<br \/>\nWaga waha si\u0119 od 50 do 80 gram\u00f3w<\/p>\n<p>Artyku\u0142 dekoracyjny sk\u0142adaj\u0105cy si\u0119 z naturalnie wysuszonego drewnianego krzewu i podstawy z \u017cywicy syntetycznej.<br \/>\nTen dekoracyjny krzew zosta\u0142 wykonany r\u0119cznie w Niemczech i dlatego charakteryzuje si\u0119 trwa\u0142o\u015bci\u0105.<\/p>\n<p><strong>UWAGA:<\/strong> Nie umieszcza\u0107 w bardzo wilgotnych formikariach (wilgotno\u015b\u0107 powy\u017cej 60%). Krzew mo\u017ce zacz\u0105\u0107 ple\u015bnie\u0107. Przy bardzo dobrej wentylacji, krzew mo\u017ce by\u0107 r\u00f3wnie\u017c umieszczony w bardziej wilgotnych formikariach.<\/p>\n<p>Niekt\u00f3re krzewy ozdobne nie stoj\u0105 samodzielnie w formikarium ze wzgl\u0119du na swoj\u0105 wysoko\u015b\u0107. W takim przypadku warto nieco przykry\u0107 podstaw\u0119 pod\u0142o\u017cem lub umie\u015bci\u0107 produkt w pobli\u017cu okien zewn\u0119trznych.<\/p>\n<p><span data-text-color=\"alert\"><strong>WA\u017bNA UWAGA DOTYCZ\u0104CA ARTYKU\u0141U:<\/strong><\/span><br \/>\nPoniewa\u017c jest to produkt naturalny \/ unikalny, zdj\u0119cia nie s\u0105 ca\u0142kowicie identyczne z przedmiotem, kt\u00f3ry otrzymasz. Mog\u0105 wyst\u0105pi\u0107 r\u00f3\u017cnice w wielko\u015bci, kszta\u0142cie i kolorze drzewka oraz podstawy z \u0142upka kamienio\u0142omu. Gwarantujemy jedynie maksymaln\u0105 wysoko\u015b\u0107 przedmiotu.<\/p>\n<p>Zamawiaj\u0105c ten produkt, wyra\u017casz zgod\u0119 na powy\u017csze ewentualne r\u00f3\u017cnice w rozmiarze, kszta\u0142cie i kolorze produktu w momencie zakupu.<\/p>","protected":false},"excerpt":{"rendered":"<p>Rozmiar: 17-19 cm wysoko\u015bci<\/p>","protected":false},"featured_media":6380,"comment_status":"open","ping_status":"closed","template":"","meta":{"_acf_changed":false,"content-type":"","_monsterinsights_skip_tracking":false,"_monsterinsights_sitenote_active":false,"_monsterinsights_sitenote_note":"","_monsterinsights_sitenote_category":0},"product_brand":[],"product_cat":[99,101,102],"product_tag":[],"class_list":{"0":"post-4343","1":"product","2":"type-product","3":"status-publish","4":"has-post-thumbnail","6":"product_cat-desert","7":"product_cat-forest","8":"product_cat-meadow","10":"first","11":"outofstock","12":"taxable","13":"shipping-taxable","14":"purchasable","15":"product-type-simple"},"acf":[],"aioseo_notices":[],"jetpack_sharing_enabled":true,"_links":{"self":[{"href":"https:\/\/antcube.shop\/pl\/wp-json\/wp\/v2\/product\/4343","targetHints":{"allow":["GET"]}}],"collection":[{"href":"https:\/\/antcube.shop\/pl\/wp-json\/wp\/v2\/product"}],"about":[{"href":"https:\/\/antcube.shop\/pl\/wp-json\/wp\/v2\/types\/product"}],"replies":[{"embeddable":true,"href":"https:\/\/antcube.shop\/pl\/wp-json\/wp\/v2\/comments?post=4343"}],"wp:featuredmedia":[{"embeddable":true,"href":"https:\/\/antcube.shop\/pl\/wp-json\/wp\/v2\/media\/6380"}],"wp:attachment":[{"href":"https:\/\/antcube.shop\/pl\/wp-json\/wp\/v2\/media?parent=4343"}],"wp:term":[{"taxonomy":"product_brand","embeddable":true,"href":"https:\/\/antcube.shop\/pl\/wp-json\/wp\/v2\/product_brand?post=4343"},{"taxonomy":"product_cat","embeddable":true,"href":"https:\/\/antcube.shop\/pl\/wp-json\/wp\/v2\/product_cat?post=4343"},{"taxonomy":"product_tag","embeddable":true,"href":"https:\/\/antcube.shop\/pl\/wp-json\/wp\/v2\/product_tag?post=4343"}],"curies":[{"name":"wp","href":"https:\/\/api.w.org\/{rel}","templated":true}]}}