{"id":4342,"date":"2022-06-08T14:36:40","date_gmt":"2022-06-08T12:36:40","guid":{"rendered":"https:\/\/antcube.shop\/produkt\/naturbusch-auf-schieferplatte-klein\/"},"modified":"2026-04-20T16:40:53","modified_gmt":"2026-04-20T14:40:53","slug":"naturbusch-auf-schieferplatte-klein","status":"publish","type":"product","link":"https:\/\/antcube.shop\/pl\/produkt\/naturbusch-auf-schieferplatte-klein\/","title":{"rendered":"Naturalny krzew na \u0142upku - Ma\u0142y"},"content":{"rendered":"<p>Rozmiar \/ wysoko\u015b\u0107 do 9 cm, idealne na areny 20x20x10 cm.<br \/>\nWaga od 200 do 600 g<\/p>\n<p>Artyku\u0142 dekoracyjny sk\u0142adaj\u0105cy si\u0119 z czysto naturalnych komponent\u00f3w, z wysuszonego drewnianego krzewu i p\u0142ytki \u0142upkowej (podstawy). Oba produkty naturalne, nie poddane obr\u00f3bce.<br \/>\nTo mini drzewko zosta\u0142o wykonane r\u0119cznie w Niemczech, dzi\u0119ki czemu charakteryzuje si\u0119 trwa\u0142o\u015bci\u0105.<\/p>\n<p><strong>UWAGA:<\/strong> Nie nale\u017cy umieszcza\u0107 w bardzo wilgotnych formikariach (wilgotno\u015b\u0107 powy\u017cej 60%). Krzew mo\u017ce zacz\u0105\u0107 ple\u015bnie\u0107. Przy bardzo dobrej wentylacji krzew mo\u017ce by\u0107 umieszczony w bardziej wilgotnych formikariach.<\/p>\n<p><strong>WA\u017bNA UWAGA DOTYCZ\u0104CA PRZEDMIOTU:<\/strong><br \/>\nPoniewa\u017c jest to produkt naturalny \/ unikalny, zdj\u0119cia nie s\u0105 ca\u0142kowicie identyczne z przedmiotem, kt\u00f3ry otrzymasz. Mog\u0105 wyst\u0105pi\u0107 r\u00f3\u017cnice w wielko\u015bci, kszta\u0142cie i kolorze drzewka oraz podstawy z \u0142upka kamienio\u0142omu. Gwarantujemy jedynie maksymaln\u0105 wysoko\u015b\u0107 przedmiotu.<\/p>\n<p>Zamawiaj\u0105c ten produkt, wyra\u017casz zgod\u0119 na powy\u017csze ewentualne r\u00f3\u017cnice w rozmiarze, kszta\u0142cie i kolorze produktu w momencie zakupu.<\/p>","protected":false},"excerpt":{"rendered":"<p>Rozmiar: 18x15x9<\/p>","protected":false},"featured_media":4355,"comment_status":"open","ping_status":"closed","template":"","meta":{"_acf_changed":false,"content-type":"","_monsterinsights_skip_tracking":false,"_monsterinsights_sitenote_active":false,"_monsterinsights_sitenote_note":"","_monsterinsights_sitenote_category":0},"product_brand":[],"product_cat":[99,101,102],"product_tag":[],"class_list":{"0":"post-4342","1":"product","2":"type-product","3":"status-publish","4":"has-post-thumbnail","6":"product_cat-desert","7":"product_cat-forest","8":"product_cat-meadow","10":"first","11":"instock","12":"taxable","13":"shipping-taxable","14":"purchasable","15":"product-type-simple"},"acf":[],"aioseo_notices":[],"jetpack_sharing_enabled":true,"_links":{"self":[{"href":"https:\/\/antcube.shop\/pl\/wp-json\/wp\/v2\/product\/4342","targetHints":{"allow":["GET"]}}],"collection":[{"href":"https:\/\/antcube.shop\/pl\/wp-json\/wp\/v2\/product"}],"about":[{"href":"https:\/\/antcube.shop\/pl\/wp-json\/wp\/v2\/types\/product"}],"replies":[{"embeddable":true,"href":"https:\/\/antcube.shop\/pl\/wp-json\/wp\/v2\/comments?post=4342"}],"wp:featuredmedia":[{"embeddable":true,"href":"https:\/\/antcube.shop\/pl\/wp-json\/wp\/v2\/media\/4355"}],"wp:attachment":[{"href":"https:\/\/antcube.shop\/pl\/wp-json\/wp\/v2\/media?parent=4342"}],"wp:term":[{"taxonomy":"product_brand","embeddable":true,"href":"https:\/\/antcube.shop\/pl\/wp-json\/wp\/v2\/product_brand?post=4342"},{"taxonomy":"product_cat","embeddable":true,"href":"https:\/\/antcube.shop\/pl\/wp-json\/wp\/v2\/product_cat?post=4342"},{"taxonomy":"product_tag","embeddable":true,"href":"https:\/\/antcube.shop\/pl\/wp-json\/wp\/v2\/product_tag?post=4342"}],"curies":[{"name":"wp","href":"https:\/\/api.w.org\/{rel}","templated":true}]}}