{"id":4287,"date":"2022-04-28T15:49:09","date_gmt":"2022-04-28T13:49:09","guid":{"rendered":"https:\/\/antcube.shop\/produkt\/reagenzglaser-150x16-mm-10-st\/"},"modified":"2026-04-02T18:12:07","modified_gmt":"2026-04-02T16:12:07","slug":"reagenzglaser-150x16-mm-10-st","status":"publish","type":"product","link":"https:\/\/antcube.shop\/pl\/produkt\/reagenzglaser-150x16-mm-10-st\/","title":{"rendered":"Prob\u00f3wka szklana 150\u00d716 mm \/ 10 szt."},"content":{"rendered":"<p><b>Wielko\u015b\u0107:<\/b> 150\u00d716 mm<\/p>\n<p><strong>Pojemno\u015b\u0107:<\/strong> 20 ml<\/p>\n<p><b>Opis:<\/b> Prob\u00f3wka wykonana ze szk\u0142a sodowo-wapniowego, grubo\u015bcienna z obr\u0119cz\u0105. Mo\u017ce by\u0107 u\u017cywana jako komora gniazdowa przez d\u0142u\u017cszy okres czasu poprzez wype\u0142nienie 1\/3 wod\u0105 i uszczelnienie ch\u0142onn\u0105 bawe\u0142n\u0105. Nadaje si\u0119 r\u00f3wnie\u017c jako pojemnik transportowy.<\/p>","protected":false},"excerpt":{"rendered":"<p>Rozmiar: 150x16 mm Pojemno\u015b\u0107: 20 ml Opis: Prob\u00f3wka wykonana ze szk\u0142a sodowo-wapniowego, grubo\u015bcienna z obr\u0119cz\u0105. Mo\u017ce by\u0107 u\u017cywana jako komora gniazdowa przez d\u0142u\u017cszy czas poprzez wype\u0142nienie 1\/3 wod\u0105 i uszczelnienie ch\u0142onn\u0105 bawe\u0142n\u0105. Nadaje si\u0119 r\u00f3wnie\u017c jako pojemnik transportowy.<\/p>","protected":false},"featured_media":4290,"comment_status":"open","ping_status":"closed","template":"","meta":{"_acf_changed":false,"content-type":"","_monsterinsights_skip_tracking":false,"_monsterinsights_sitenote_active":false,"_monsterinsights_sitenote_note":"","_monsterinsights_sitenote_category":0},"product_brand":[],"product_cat":[237],"product_tag":[],"class_list":{"0":"post-4287","1":"product","2":"type-product","3":"status-publish","4":"has-post-thumbnail","6":"product_cat-tools","8":"first","9":"instock","10":"taxable","11":"shipping-taxable","12":"purchasable","13":"product-type-simple"},"acf":[],"aioseo_notices":[],"jetpack_sharing_enabled":true,"_links":{"self":[{"href":"https:\/\/antcube.shop\/pl\/wp-json\/wp\/v2\/product\/4287","targetHints":{"allow":["GET"]}}],"collection":[{"href":"https:\/\/antcube.shop\/pl\/wp-json\/wp\/v2\/product"}],"about":[{"href":"https:\/\/antcube.shop\/pl\/wp-json\/wp\/v2\/types\/product"}],"replies":[{"embeddable":true,"href":"https:\/\/antcube.shop\/pl\/wp-json\/wp\/v2\/comments?post=4287"}],"wp:featuredmedia":[{"embeddable":true,"href":"https:\/\/antcube.shop\/pl\/wp-json\/wp\/v2\/media\/4290"}],"wp:attachment":[{"href":"https:\/\/antcube.shop\/pl\/wp-json\/wp\/v2\/media?parent=4287"}],"wp:term":[{"taxonomy":"product_brand","embeddable":true,"href":"https:\/\/antcube.shop\/pl\/wp-json\/wp\/v2\/product_brand?post=4287"},{"taxonomy":"product_cat","embeddable":true,"href":"https:\/\/antcube.shop\/pl\/wp-json\/wp\/v2\/product_cat?post=4287"},{"taxonomy":"product_tag","embeddable":true,"href":"https:\/\/antcube.shop\/pl\/wp-json\/wp\/v2\/product_tag?post=4287"}],"curies":[{"name":"wp","href":"https:\/\/api.w.org\/{rel}","templated":true}]}}