{"id":4260,"date":"2022-04-28T14:01:03","date_gmt":"2022-04-28T12:01:03","guid":{"rendered":"https:\/\/antcube.shop\/produkt\/nestrohrchen-rack-18mm\/"},"modified":"2026-03-23T15:57:06","modified_gmt":"2026-03-23T14:57:06","slug":"nestrohrchen-rack-18mm","status":"publish","type":"product","link":"https:\/\/antcube.shop\/pl\/produkt\/nestrohrchen-rack-18mm\/","title":{"rendered":"Stojak na rury gniazdowe 18 mm"},"content":{"rendered":"<p style=\"margin-bottom: 0cm;\"><strong>Wymiary:<\/strong> 25x12x3 cm<\/p>\n<p><strong>Materia\u0142y: <\/strong>PMMA, PVC<\/p>\n<p><strong>Kolor: <\/strong>krystalicznie czysty, przejrzysty, transparentny<\/p>\n<p><strong>Zawarto\u015b\u0107:<\/strong><br \/>\n2x p\u0142yta otworowa (10x otwor\u00f3w)<br \/>\n2x p\u0142yta chwytna<br \/>\n4x elastyczne paski<\/p>\n<p><strong>Uwaga: <\/strong>Cz\u0119\u015bci s\u0105 dostarczane jako zestaw lub system wtykowy. Nie jest konieczne klejenie.<\/p>\n<p><strong>Po\u0142\u0105czenie:<\/strong><br \/>\ndla rurek gniazda o \u015brednicy 18 mm<\/p>\n<p><strong>Opis:<\/strong> Stojak na rurki l\u0119gowe s\u0142u\u017cy do starannego przechowywania rurek l\u0119gowych mr\u00f3wek. Zestaw jest \u0142atwy do z\u0142o\u017cenia.<\/p>\n<p><strong>Zastosowanie:<\/strong> Do przechowywania rurek l\u0119gowych. Pasuje do naszego inkubatora mr\u00f3wek<\/p>\n<p><strong>Uwaga:<\/strong> Aby poprawi\u0107 stabilno\u015b\u0107 podczas uk\u0142adania w stos, zalecamy u\u017cycie \"Pier\u015bcienia uszczelniaj\u0105cego przezroczystego elastycznego 20-50 mm - 10 szt.<\/p>","protected":false},"excerpt":{"rendered":"<p>do rurek gniazdowych 18mm<\/p>","protected":false},"featured_media":4277,"comment_status":"open","ping_status":"closed","template":"","meta":{"_acf_changed":false,"content-type":"","_monsterinsights_skip_tracking":false,"_monsterinsights_sitenote_active":false,"_monsterinsights_sitenote_note":"","_monsterinsights_sitenote_category":0},"product_brand":[],"product_cat":[237],"product_tag":[],"class_list":{"0":"post-4260","1":"product","2":"type-product","3":"status-publish","4":"has-post-thumbnail","6":"product_cat-tools","8":"first","9":"instock","10":"taxable","11":"shipping-taxable","12":"purchasable","13":"product-type-simple"},"acf":[],"aioseo_notices":[],"jetpack_sharing_enabled":true,"_links":{"self":[{"href":"https:\/\/antcube.shop\/pl\/wp-json\/wp\/v2\/product\/4260","targetHints":{"allow":["GET"]}}],"collection":[{"href":"https:\/\/antcube.shop\/pl\/wp-json\/wp\/v2\/product"}],"about":[{"href":"https:\/\/antcube.shop\/pl\/wp-json\/wp\/v2\/types\/product"}],"replies":[{"embeddable":true,"href":"https:\/\/antcube.shop\/pl\/wp-json\/wp\/v2\/comments?post=4260"}],"wp:featuredmedia":[{"embeddable":true,"href":"https:\/\/antcube.shop\/pl\/wp-json\/wp\/v2\/media\/4277"}],"wp:attachment":[{"href":"https:\/\/antcube.shop\/pl\/wp-json\/wp\/v2\/media?parent=4260"}],"wp:term":[{"taxonomy":"product_brand","embeddable":true,"href":"https:\/\/antcube.shop\/pl\/wp-json\/wp\/v2\/product_brand?post=4260"},{"taxonomy":"product_cat","embeddable":true,"href":"https:\/\/antcube.shop\/pl\/wp-json\/wp\/v2\/product_cat?post=4260"},{"taxonomy":"product_tag","embeddable":true,"href":"https:\/\/antcube.shop\/pl\/wp-json\/wp\/v2\/product_tag?post=4260"}],"curies":[{"name":"wp","href":"https:\/\/api.w.org\/{rel}","templated":true}]}}