{"id":4258,"date":"2022-04-28T14:00:36","date_gmt":"2022-04-28T12:00:36","guid":{"rendered":"https:\/\/antcube.shop\/produkt\/ameisen-inkubator\/"},"modified":"2026-04-09T15:04:51","modified_gmt":"2026-04-09T13:04:51","slug":"ameisen-inkubator","status":"publish","type":"product","link":"https:\/\/antcube.shop\/pl\/produkt\/ameisen-inkubator\/","title":{"rendered":"Inkubator mr\u00f3wek"},"content":{"rendered":"<p><strong>Wielko\u015b\u0107:\u00a0<\/strong>Rozmiar urz\u0105dzenia: 40 \u00d7 39,5 \u00d7 48 cm; Wewn\u0105trz: 32 \u00d7 22,5 \u00d7 37 cm<\/p>\n<p><strong>Kolor:<\/strong> Czarny<\/p>\n<p><strong>Dane techniczne:<\/strong><br \/>\nNapi\u0119cie: 220-240 V, 50 Hz<br \/>\nMoc: 70 W<br \/>\nD\u0142ugo\u015b\u0107 kabla sieciowego: 1.60m<br \/>\nZakres temperatur: 5\u00b0C - 40\u00b0C<\/p>\n<p><strong>Materia\u0142:<\/strong> Metal, szk\u0142o<\/p>\n<p><strong>Opis:<\/strong><br \/>\nTen inkubator mr\u00f3wek nadaje si\u0119 nie tylko do hodowli kolonii mr\u00f3wek z region\u00f3w tropikalnych, ale tak\u017ce do kolonii mr\u00f3wek w stanie hibernacji.<br \/>\nPosiada regulator temperatury z cyfrowym wy\u015bwietlaczem i wyjmowan\u0105 p\u00f3\u0142k\u0119 po\u015bredni\u0105, kt\u00f3ra zapewnia wi\u0119cej miejsca. Temperatur\u0119 mo\u017cna ustawia\u0107 i zmienia\u0107 w zale\u017cno\u015bci od potrzeb. Urz\u0105dzenie mo\u017ce zar\u00f3wno ch\u0142odzi\u0107 (do ok. 5\u00b0C), jak i ogrzewa\u0107 (do ok. 40\u00b0C). Regulowany zakres temperatury wynosi ok. 5\u00b0C-40\u00b0C. Dlatego mo\u017ce by\u0107 r\u00f3wnie\u017c u\u017cywane do zimowania rodzimych mr\u00f3wek.<\/p>\n<p><strong>Zalety:<\/strong><br \/>\nCz\u0119sto stajemy przed pytaniem, jak w nieskomplikowany spos\u00f3b przechowywa\u0107 mr\u00f3wki w odpowiedniej temperaturze w celu hibernacji. Lod\u00f3wka i tak jest zbyt pe\u0142na, na balkonie mo\u017ce by\u0107 zbyt zimno dla zwierz\u0105t, a w piwnicy jest ciasno lub nie ma wystarczaj\u0105cej kontroli.<br \/>\n<strong>Oto rozwi\u0105zanie:<\/strong> Mo\u017cna pozwoli\u0107 zwierz\u0119tom przezimowa\u0107 w inkubatorze z naszymi stojakami na prob\u00f3wki, w tym przypadku nawet do 100 kolonii jednocze\u015bnie, lub razem z ca\u0142ym formikarium ANTCUBE. Na przyk\u0142ad, nasz ANTCUBE Arena Combi, mie\u015bci si\u0119 ca\u0142kowicie wewn\u0105trz. Ale r\u00f3wnie\u017c zestaw startowy z aren\u0105 20x20x10 i 2 gniazdami 20\u00d720 wystarczy.<br \/>\nDzi\u0119ki temu mo\u017cliwe jest r\u00f3wnie\u017c przechowywanie i transportowanie samochodu, na przyk\u0142ad podczas lotu roju, przenoszenia lub transportu szczeg\u00f3lnie wra\u017cliwych mr\u00f3wek drwali.<br \/>\nPraktyczne stojaki na prob\u00f3wki s\u0105 dost\u0119pne w trzech r\u00f3\u017cnych rozmiarach. Oto nasza rekomendacja:<\/p>\n<p><strong>Zalecenie:<\/strong><br \/>\nPrzestrze\u0144 w inkubatorze jest odpowiednia dla:<br \/>\nDo 24x prob\u00f3wek do badania \u015bwierszczy\/ lub 24x pojemnik na \u015bwierszcze przezroczysty 115x115x55<br \/>\nDo przechowywania mr\u00f3wek w rurkach l\u0119gowych zalecamy stojaki na rurki l\u0119gowe<br \/>\nDopasowanie do wn\u0119trza:<br \/>\n- stojak na prob\u00f3wki do gniazda 16 mm = 12 sztuk lub 120 prob\u00f3wek do gniazda o \u015brednicy 16 mm<br \/>\n- Stojak na prob\u00f3wki do gniazd 18 mm = 12 sztuk lub 120 prob\u00f3wek do gniazd o \u015brednicy 18 mm<br \/>\n- Stojak na prob\u00f3wki do gniazd 25 mm = 9 sztuk lub 54 prob\u00f3wki do gniazd o \u015brednicy 25 mm<\/p>\n<p><strong>Uwaga:<\/strong><br \/>\n- Nie ustawia\u0107 w bezpo\u015brednim \u015bwietle s\u0142onecznym lub obok \u017ar\u00f3d\u0142a ciep\u0142a, poniewa\u017c zewn\u0119trzne wahania temperatury wp\u0142ywaj\u0105 na temperatur\u0119 wewn\u0119trzn\u0105.<br \/>\n- Ustaw urz\u0105dzenie w suchym miejscu, w kt\u00f3rym temperatura jest mo\u017cliwie sta\u0142a.<br \/>\n- Wentylatory musz\u0105 mie\u0107 mo\u017cliwo\u015b\u0107 swobodnego obracania si\u0119<br \/>\n- Powierzchnie powietrza musz\u0105 pozosta\u0107 czyste<br \/>\n- Regularnie sprawdza\u0107 pod k\u0105tem uszkodze\u0144 -&gt; je\u015bli wyst\u0119puj\u0105, natychmiast przerwa\u0107 prac\u0119<br \/>\n- Inkubator mo\u017ce by\u0107 podw\u00f3jnie zabezpieczony za pomoc\u0105 dodatkowego urz\u0105dzenia Thermo Control II lub Thermo Control Pro II. Odpowiedni przepust znajduje si\u0119 z ty\u0142u urz\u0105dzenia.<\/p>\n<p><strong>Uwaga: <\/strong>20.01.2025 - Aktualizacja produktu - nowy model<\/p>","protected":false},"excerpt":{"rendered":"<p>Rozmiar: Rozmiar urz\u0105dzenia: 40\u00d739,5\u00d748 cm ; Wewn\u0105trz: 32\u00d722,5\u00d737 cm Kolor: Czarny Dane techniczne: Napi\u0119cie: 220-240V, 50Hz Moc: 70W D\u0142ugo\u015b\u0107 kabla sieciowego: 1,60m Zakres temperatur: 5\u00b0C - 40\u00b0C Materia\u0142: Metal, szk\u0142o Opis: Ten inkubator mr\u00f3wek jest nie tylko bardzo odpowiedni do hodowli kolonii mr\u00f3wek z region\u00f3w tropikalnych, ale tak\u017ce dla kolonii mr\u00f3wek w stanie hibernacji. Ma [...]","protected":false},"featured_media":11099,"comment_status":"open","ping_status":"closed","template":"","meta":{"_acf_changed":false,"content-type":"","_monsterinsights_skip_tracking":false,"_monsterinsights_sitenote_active":false,"_monsterinsights_sitenote_note":"","_monsterinsights_sitenote_category":0},"product_brand":[],"product_cat":[237],"product_tag":[],"class_list":{"0":"post-4258","1":"product","2":"type-product","3":"status-publish","4":"has-post-thumbnail","6":"product_cat-tools","8":"first","9":"instock","10":"taxable","11":"shipping-taxable","12":"purchasable","13":"product-type-simple"},"acf":[],"aioseo_notices":[],"jetpack_sharing_enabled":true,"_links":{"self":[{"href":"https:\/\/antcube.shop\/pl\/wp-json\/wp\/v2\/product\/4258","targetHints":{"allow":["GET"]}}],"collection":[{"href":"https:\/\/antcube.shop\/pl\/wp-json\/wp\/v2\/product"}],"about":[{"href":"https:\/\/antcube.shop\/pl\/wp-json\/wp\/v2\/types\/product"}],"replies":[{"embeddable":true,"href":"https:\/\/antcube.shop\/pl\/wp-json\/wp\/v2\/comments?post=4258"}],"wp:featuredmedia":[{"embeddable":true,"href":"https:\/\/antcube.shop\/pl\/wp-json\/wp\/v2\/media\/11099"}],"wp:attachment":[{"href":"https:\/\/antcube.shop\/pl\/wp-json\/wp\/v2\/media?parent=4258"}],"wp:term":[{"taxonomy":"product_brand","embeddable":true,"href":"https:\/\/antcube.shop\/pl\/wp-json\/wp\/v2\/product_brand?post=4258"},{"taxonomy":"product_cat","embeddable":true,"href":"https:\/\/antcube.shop\/pl\/wp-json\/wp\/v2\/product_cat?post=4258"},{"taxonomy":"product_tag","embeddable":true,"href":"https:\/\/antcube.shop\/pl\/wp-json\/wp\/v2\/product_tag?post=4258"}],"curies":[{"name":"wp","href":"https:\/\/api.w.org\/{rel}","templated":true}]}}