{"id":4175,"date":"2022-03-14T17:24:15","date_gmt":"2022-03-14T16:24:15","guid":{"rendered":"https:\/\/antcube.shop\/produkt\/candy-ant-snack-20g\/"},"modified":"2026-04-08T04:11:21","modified_gmt":"2026-04-08T02:11:21","slug":"cukierek-antyprzekaska-20g-2","status":"publish","type":"product","link":"https:\/\/antcube.shop\/pl\/produkt\/cukierek-antyprzekaska-20g-2\/","title":{"rendered":"Cukierki Mr\u00f3wka Przek\u0105ska - 20g"},"content":{"rendered":"<p><strong>Tre\u015b\u0107:<\/strong><br \/>\n20g<\/p>\n<p><strong>Opis:<\/strong><br \/>\nJest to produkt czysto naturalny. Nasza przek\u0105ska Candy Ant Snack, wyprodukowana z organicznie uprawianych mr\u00f3wek Acheta domesticus, pokryta miodem organicznym.<br \/>\n\u0141atwo przyswajalny. Dzi\u0119ki wysokiej jako\u015bci bia\u0142ek stanowi niemal kompletny pokarm (zast\u0119puje mi\u00f3d\/cukry i bia\u0142ka) dla wi\u0119kszo\u015bci gatunk\u00f3w mr\u00f3wek, takich jak Lasius sp., Camponotus sp. czy Messor sp. itp. Mr\u00f3wki go uwielbiaj\u0105. Nie zast\u0119puje s\u0142odkiej wody potrzebnej mr\u00f3wkom. Nie zast\u0119puje r\u00f3wnie\u017c zapotrzebowania na \u017cywe bia\u0142ka, takie jak ma\u0142e owady.<\/p>\n<p>Ta karma uzupe\u0142niaj\u0105ca jest pe\u0142na bia\u0142ka energetycznego zawieraj\u0105cego oko\u0142o 50% czystego naturalnego bia\u0142ka.<br \/>\nPonadto produkt ten zosta\u0142 wytworzony z organicznych odpad\u00f3w ro\u015blinnych bez u\u017cycia pestycyd\u00f3w, co ma du\u017ce znaczenie ekologiczne, poniewa\u017c do jego produkcji zu\u017cywa si\u0119 mniej energii i wody.<\/p>\n<p>Warto\u015bci\u0105 dodan\u0105 dla wszystkich mi\u0142o\u015bnik\u00f3w mr\u00f3wek jest po\u0142\u0105czenie naturalnego bia\u0142ka i pow\u0142oki z naturalnego miodu. Mr\u00f3wki uwielbiaj\u0105 i potrzebuj\u0105 go do dobrego rozwoju czerwiu i zdrowego wzrostu kolonii.<\/p>\n<p><strong>Zastosowanie:<\/strong><br \/>\nW przypadku karmienia, Candy Ant Snack nale\u017cy podzieli\u0107 na mniejsze porcje lub rozpu\u015bci\u0107 w wodzie.<\/p>\n<p><strong>Zawiera:<\/strong><br \/>\nNaturalnie suszone Acheta domesticus pokryte miodem organicznym. Nie jest przeznaczony do spo\u017cycia przez ludzi. Wy\u0142\u0105cznie dla mr\u00f3wek.<br \/>\nPrzybli\u017cony stosunek mieszania 70% Acheta domesticus i 30% miodu.<\/p>\n<p><strong>Przechowywanie:<\/strong><br \/>\nMo\u017cliwo\u015b\u0107 ponownego zamkni\u0119cia. Prosz\u0119 przechowywa\u0107 w ciemnym, ch\u0142odnym i suchym miejscu.<\/p>\n<p><strong>Uwaga:<\/strong><br \/>\nUzupe\u0142niaj\u0105cy pokarm dla mr\u00f3wek.<br \/>\nSk\u0142ad, sk\u0142adniki analityczne, data przydatno\u015bci do spo\u017cycia i numer partii znajduj\u0105 si\u0119 na ulotce do\u0142\u0105czonej do opakowania.<\/p>\n<p>Infolinia +49 30 439703870<\/p>\n<p>W\u0142a\u015bciwy Inspektorat Weterynarii i \u017bywno\u015bci:<br \/>\nGabinet weterynaryjny Steglitz<br \/>\nK\u00f6nigin-Luise-Str. 92<br \/>\n14195 Berlin<\/p>","protected":false},"excerpt":{"rendered":"<p>\u017bywno\u015b\u0107 uzupe\u0142niaj\u0105ca<\/p>","protected":false},"featured_media":4182,"comment_status":"open","ping_status":"closed","template":"","meta":{"_acf_changed":false,"content-type":"","_monsterinsights_skip_tracking":false,"_monsterinsights_sitenote_active":false,"_monsterinsights_sitenote_note":"","_monsterinsights_sitenote_category":0},"product_brand":[],"product_cat":[115,116],"product_tag":[],"class_list":{"0":"post-4175","1":"product","2":"type-product","3":"status-publish","4":"has-post-thumbnail","6":"product_cat-food-and-feeding","7":"product_cat-food","9":"first","10":"instock","11":"taxable","12":"shipping-taxable","13":"purchasable","14":"product-type-simple"},"acf":[],"aioseo_notices":[],"jetpack_sharing_enabled":true,"_links":{"self":[{"href":"https:\/\/antcube.shop\/pl\/wp-json\/wp\/v2\/product\/4175","targetHints":{"allow":["GET"]}}],"collection":[{"href":"https:\/\/antcube.shop\/pl\/wp-json\/wp\/v2\/product"}],"about":[{"href":"https:\/\/antcube.shop\/pl\/wp-json\/wp\/v2\/types\/product"}],"replies":[{"embeddable":true,"href":"https:\/\/antcube.shop\/pl\/wp-json\/wp\/v2\/comments?post=4175"}],"wp:featuredmedia":[{"embeddable":true,"href":"https:\/\/antcube.shop\/pl\/wp-json\/wp\/v2\/media\/4182"}],"wp:attachment":[{"href":"https:\/\/antcube.shop\/pl\/wp-json\/wp\/v2\/media?parent=4175"}],"wp:term":[{"taxonomy":"product_brand","embeddable":true,"href":"https:\/\/antcube.shop\/pl\/wp-json\/wp\/v2\/product_brand?post=4175"},{"taxonomy":"product_cat","embeddable":true,"href":"https:\/\/antcube.shop\/pl\/wp-json\/wp\/v2\/product_cat?post=4175"},{"taxonomy":"product_tag","embeddable":true,"href":"https:\/\/antcube.shop\/pl\/wp-json\/wp\/v2\/product_tag?post=4175"}],"curies":[{"name":"wp","href":"https:\/\/api.w.org\/{rel}","templated":true}]}}