{"id":4165,"date":"2022-02-28T11:41:35","date_gmt":"2022-02-28T10:41:35","guid":{"rendered":"https:\/\/antcube.shop\/produkt\/fixier-punkte-8-st\/"},"modified":"2026-04-05T12:30:31","modified_gmt":"2026-04-05T10:30:31","slug":"fixier-punkte-8-st","status":"publish","type":"product","link":"https:\/\/antcube.shop\/pl\/produkt\/fixier-punkte-8-st\/","title":{"rendered":"Punkty mocuj\u0105ce - 8 szt."},"content":{"rendered":"<p><strong>Wymiary (LxWxH):<\/strong> 12x12x3 mm (przez trapezowy kszta\u0142t na g\u00f3rze 10x10 mm).<\/p>\n<p><strong>Materia\u0142:<\/strong> poliuretan bez plastyfikator\u00f3w z klejem akrylowym<\/p>\n<p><strong>Kolor:<\/strong> przezroczysty<\/p>\n<p><strong>Zawarto\u015b\u0107:<\/strong><br \/>\n8x punkty mocowania<\/p>\n<p><strong>Opis:<\/strong> Do naszej os\u0142ony areny dla mr\u00f3wek. Punkty mocuj\u0105ce przykleja si\u0119 do spodu pokrywy, aby zapobiec zsuwaniu si\u0119 jej z areny. Kropki mog\u0105 by\u0107 r\u00f3wnie\u017c u\u017cywane jako n\u00f3\u017cki do areny, a tak\u017ce do wewn\u0119trznych wk\u0142ad\u00f3w do areny w celu zabezpieczenia ich przed przewr\u00f3ceniem.<\/p>","protected":false},"excerpt":{"rendered":"<p>Wymiary (LxWxH): 12x12x3 mm (przez trapezowy kszta\u0142t na g\u00f3rze 10x10mm). Materia\u0142: poliuretan bez plastyfikator\u00f3w z klejem akrylowym Kolor: przezroczysty Zawarto\u015b\u0107: 8x punkty mocuj\u0105ce Opis: Do naszej os\u0142ony areny mr\u00f3wek. Punkty mocuj\u0105ce przykleja si\u0119 do spodu pokrywy, aby zapobiec zsuwaniu si\u0119 jej z areny. Punkty mog\u0105 by\u0107 r\u00f3wnie\u017c u\u017cywane jako","protected":false},"featured_media":4178,"comment_status":"open","ping_status":"closed","template":"","meta":{"_acf_changed":false,"content-type":"","_monsterinsights_skip_tracking":false,"_monsterinsights_sitenote_active":false,"_monsterinsights_sitenote_note":"","_monsterinsights_sitenote_category":0},"product_brand":[],"product_cat":[92,237],"product_tag":[],"class_list":{"0":"post-4165","1":"product","2":"type-product","3":"status-publish","4":"has-post-thumbnail","6":"product_cat-arena-cover","7":"product_cat-tools","9":"first","10":"instock","11":"taxable","12":"shipping-taxable","13":"purchasable","14":"product-type-simple"},"acf":[],"aioseo_notices":[],"jetpack_sharing_enabled":true,"_links":{"self":[{"href":"https:\/\/antcube.shop\/pl\/wp-json\/wp\/v2\/product\/4165","targetHints":{"allow":["GET"]}}],"collection":[{"href":"https:\/\/antcube.shop\/pl\/wp-json\/wp\/v2\/product"}],"about":[{"href":"https:\/\/antcube.shop\/pl\/wp-json\/wp\/v2\/types\/product"}],"replies":[{"embeddable":true,"href":"https:\/\/antcube.shop\/pl\/wp-json\/wp\/v2\/comments?post=4165"}],"wp:featuredmedia":[{"embeddable":true,"href":"https:\/\/antcube.shop\/pl\/wp-json\/wp\/v2\/media\/4178"}],"wp:attachment":[{"href":"https:\/\/antcube.shop\/pl\/wp-json\/wp\/v2\/media?parent=4165"}],"wp:term":[{"taxonomy":"product_brand","embeddable":true,"href":"https:\/\/antcube.shop\/pl\/wp-json\/wp\/v2\/product_brand?post=4165"},{"taxonomy":"product_cat","embeddable":true,"href":"https:\/\/antcube.shop\/pl\/wp-json\/wp\/v2\/product_cat?post=4165"},{"taxonomy":"product_tag","embeddable":true,"href":"https:\/\/antcube.shop\/pl\/wp-json\/wp\/v2\/product_tag?post=4165"}],"curies":[{"name":"wp","href":"https:\/\/api.w.org\/{rel}","templated":true}]}}