{"id":4145,"date":"2022-02-14T15:54:25","date_gmt":"2022-02-14T14:54:25","guid":{"rendered":"https:\/\/antcube.shop\/produkt\/ant-nuggets-20g\/"},"modified":"2026-04-01T17:55:15","modified_gmt":"2026-04-01T15:55:15","slug":"ant-nuggetsy-20g","status":"publish","type":"product","link":"https:\/\/antcube.shop\/pl\/produkt\/ant-nuggetsy-20g\/","title":{"rendered":"Nuggetsy mr\u00f3wek - 20g"},"content":{"rendered":"<p><strong>Tre\u015b\u0107:<\/strong><br \/>\n20g<\/p>\n<p><strong>Opis:<\/strong><br \/>\nTo jest czysty naturalny produkt. Nasze bry\u0142ki mr\u00f3wek, zosta\u0142y starannie zebrane w dzikiej przyrodzie Bu\u0142garii przez pszczelarzy. \u0141atwo strawny dzi\u0119ki naturalnej fermentacji. Dzi\u0119ki wysokiej jako\u015bci proteinom jest to prawie kompletne po\u017cywienie (zast\u0119puje mi\u00f3d\/cukry i proteiny) dla wi\u0119kszo\u015bci gatunk\u00f3w mr\u00f3wek mr\u00f3wek, takich jak Lasius sp., Camponotus sp. lub Messor sp. i nawet mr\u00f3wki tn\u0105ce li\u015bcie uwielbiaj\u0105 go. Nie zast\u0119puje s\u0142odkiej wody, kt\u00f3rej mr\u00f3wki potrzebuj\u0105. Nie zast\u0119puje r\u00f3wnie\u017c zapotrzebowania na \u017cywe bia\u0142ka, takie jak ma\u0142e owady.<\/p>\n<p><strong>Zastosowanie:<\/strong><br \/>\nDo karmienia Ant Nuggets nale\u017cy podzieli\u0107 na mniejsze porcje lub rozpu\u015bci\u0107 w wodzie.<\/p>\n<p><strong>Zawiera:<\/strong><br \/>\n100% naturalnie sfermentowany py\u0142ek kwiatowy. Nie przeznaczony do spo\u017cycia przez ludzi. Tylko dla mr\u00f3wek.<\/p>\n<p><strong>Przechowywanie:<\/strong><br \/>\nMo\u017cliwo\u015b\u0107 ponownego zamkni\u0119cia. Prosz\u0119 przechowywa\u0107 w ciemnym, ch\u0142odnym i suchym miejscu.<\/p>\n<p><strong>Uwaga:<\/strong><br \/>\nUzupe\u0142niaj\u0105cy pokarm dla mr\u00f3wek.<br \/>\nSk\u0142ad, sk\u0142adniki analityczne, data przydatno\u015bci do spo\u017cycia i numer partii znajduj\u0105 si\u0119 na ulotce do\u0142\u0105czonej do opakowania.<\/p>\n<p>Infolinia +49 30 439703870<\/p>\n<p>W\u0142a\u015bciwy Inspektorat Weterynarii i \u017bywno\u015bci:<br \/>\nGabinet weterynaryjny Steglitz<br \/>\nK\u00f6nigin-Luise-Str. 92<br \/>\n14195 Berlin<\/p>","protected":false},"excerpt":{"rendered":"<p>\u017bywno\u015b\u0107 uzupe\u0142niaj\u0105ca<\/p>","protected":false},"featured_media":4149,"comment_status":"open","ping_status":"closed","template":"","meta":{"_acf_changed":false,"content-type":"","_monsterinsights_skip_tracking":false,"_monsterinsights_sitenote_active":false,"_monsterinsights_sitenote_note":"","_monsterinsights_sitenote_category":0},"product_brand":[],"product_cat":[115,116],"product_tag":[],"class_list":{"0":"post-4145","1":"product","2":"type-product","3":"status-publish","4":"has-post-thumbnail","6":"product_cat-food-and-feeding","7":"product_cat-food","9":"first","10":"instock","11":"taxable","12":"shipping-taxable","13":"purchasable","14":"product-type-simple"},"acf":[],"aioseo_notices":[],"jetpack_sharing_enabled":true,"_links":{"self":[{"href":"https:\/\/antcube.shop\/pl\/wp-json\/wp\/v2\/product\/4145","targetHints":{"allow":["GET"]}}],"collection":[{"href":"https:\/\/antcube.shop\/pl\/wp-json\/wp\/v2\/product"}],"about":[{"href":"https:\/\/antcube.shop\/pl\/wp-json\/wp\/v2\/types\/product"}],"replies":[{"embeddable":true,"href":"https:\/\/antcube.shop\/pl\/wp-json\/wp\/v2\/comments?post=4145"}],"wp:featuredmedia":[{"embeddable":true,"href":"https:\/\/antcube.shop\/pl\/wp-json\/wp\/v2\/media\/4149"}],"wp:attachment":[{"href":"https:\/\/antcube.shop\/pl\/wp-json\/wp\/v2\/media?parent=4145"}],"wp:term":[{"taxonomy":"product_brand","embeddable":true,"href":"https:\/\/antcube.shop\/pl\/wp-json\/wp\/v2\/product_brand?post=4145"},{"taxonomy":"product_cat","embeddable":true,"href":"https:\/\/antcube.shop\/pl\/wp-json\/wp\/v2\/product_cat?post=4145"},{"taxonomy":"product_tag","embeddable":true,"href":"https:\/\/antcube.shop\/pl\/wp-json\/wp\/v2\/product_tag?post=4145"}],"curies":[{"name":"wp","href":"https:\/\/api.w.org\/{rel}","templated":true}]}}