{"id":4142,"date":"2022-02-14T15:33:55","date_gmt":"2022-02-14T14:33:55","guid":{"rendered":"https:\/\/antcube.shop\/produkt\/bodengrund-sand-lehm-rot-200g\/"},"modified":"2026-04-08T08:48:21","modified_gmt":"2026-04-08T06:48:21","slug":"bodengrund-sand-lehm-rot-200g","status":"publish","type":"product","link":"https:\/\/antcube.shop\/pl\/produkt\/bodengrund-sand-lehm-rot-200g\/","title":{"rendered":"ziemia - mieszanka piaskowo-gliniasta czerwona - 200g"},"content":{"rendered":"<p><strong>Tre\u015b\u0107:<\/strong> 200g<\/p>\n<p><strong>Materia\u0142:<\/strong> piasek, glina<\/p>\n<p><strong>Kolor:<\/strong> czerwony<\/p>\n<p><strong>Proporcje mieszania:<\/strong> diggable<\/p>\n<p><strong>Opis:<\/strong> Ta gotowa mieszanka piasku i gliny jest produktem czysto naturalnym. Zabarwienie i wytrzyma\u0142o\u015b\u0107 zawdzi\u0119cza naturalnej ziemi gliniastej, kt\u00f3ra jest nieszkodliwa dla zwierz\u0105t.<\/p>\n<p><strong>Zastosowanie:<\/strong> Gleba do kopania, mo\u017ce by\u0107 u\u017cywana do budowy gniazd i areny!<\/p>\n<p><strong>Uwaga:<\/strong> poniewa\u017c jest to produkt naturalny, mog\u0105 wyst\u0119powa\u0107 niewielkie r\u00f3\u017cnice w kolorze i strukturze, na kt\u00f3re nie mamy wp\u0142ywu.<\/p>\n<p><strong>Wa\u017cne:<\/strong> Przed u\u017cyciem nale\u017cy zwil\u017cy\u0107 pod\u0142o\u017ce, aby mieszanka mog\u0142a si\u0119 po\u0142\u0105czy\u0107 i mocno zakorzeni\u0107 w mr\u00f3wczej zagrodzie. Ponadto zbyt suche i zakurzone pod\u0142o\u017ce mo\u017ce doprowadzi\u0107 do zablokowania dr\u00f3g oddechowych mr\u00f3wek, a w najgorszym wypadku do uduszenia si\u0119 zwierz\u0105t.<\/p>","protected":false},"excerpt":{"rendered":"<p>Naturalne pod\u0142o\u017ce - nadaj\u0105ce si\u0119 do kopania<\/p>","protected":false},"featured_media":4388,"comment_status":"open","ping_status":"closed","template":"","meta":{"_acf_changed":false,"content-type":"","_monsterinsights_skip_tracking":false,"_monsterinsights_sitenote_active":false,"_monsterinsights_sitenote_note":"","_monsterinsights_sitenote_category":0},"product_brand":[],"product_cat":[96],"product_tag":[],"class_list":{"0":"post-4142","1":"product","2":"type-product","3":"status-publish","4":"has-post-thumbnail","6":"product_cat-soil","8":"first","9":"instock","10":"taxable","11":"shipping-taxable","12":"purchasable","13":"product-type-simple"},"acf":[],"aioseo_notices":[],"jetpack_sharing_enabled":true,"_links":{"self":[{"href":"https:\/\/antcube.shop\/pl\/wp-json\/wp\/v2\/product\/4142","targetHints":{"allow":["GET"]}}],"collection":[{"href":"https:\/\/antcube.shop\/pl\/wp-json\/wp\/v2\/product"}],"about":[{"href":"https:\/\/antcube.shop\/pl\/wp-json\/wp\/v2\/types\/product"}],"replies":[{"embeddable":true,"href":"https:\/\/antcube.shop\/pl\/wp-json\/wp\/v2\/comments?post=4142"}],"wp:featuredmedia":[{"embeddable":true,"href":"https:\/\/antcube.shop\/pl\/wp-json\/wp\/v2\/media\/4388"}],"wp:attachment":[{"href":"https:\/\/antcube.shop\/pl\/wp-json\/wp\/v2\/media?parent=4142"}],"wp:term":[{"taxonomy":"product_brand","embeddable":true,"href":"https:\/\/antcube.shop\/pl\/wp-json\/wp\/v2\/product_brand?post=4142"},{"taxonomy":"product_cat","embeddable":true,"href":"https:\/\/antcube.shop\/pl\/wp-json\/wp\/v2\/product_cat?post=4142"},{"taxonomy":"product_tag","embeddable":true,"href":"https:\/\/antcube.shop\/pl\/wp-json\/wp\/v2\/product_tag?post=4142"}],"curies":[{"name":"wp","href":"https:\/\/api.w.org\/{rel}","templated":true}]}}