{"id":4047,"date":"2021-11-30T15:12:53","date_gmt":"2021-11-30T14:12:53","guid":{"rendered":"https:\/\/antcube.shop\/produkt\/enamel-mug\/"},"modified":"2024-12-12T12:25:27","modified_gmt":"2024-12-12T11:25:27","slug":"kubek-emaliowany","status":"publish","type":"product","link":"https:\/\/antcube.shop\/pl\/produkt\/kubek-emaliowany\/","title":{"rendered":"Kubek emaliowany"},"content":{"rendered":"<p>Ka\u017cdy szcz\u0119\u015bliwy kamper potrzebuje wyj\u0105tkowego kubka kamperowego. Jest lekki, wytrzyma\u0142y i wielofunkcyjny. U\u017cyj go do ulubionego napoju lub gor\u0105cego posi\u0142ku, a tak\u017ce przymocuj go do torby, aby mie\u0107 \u0142atwy dost\u0119p podczas w\u0119dr\u00f3wki.<\/p>\n<p>- Materia\u0142: Emalia<br \/>\n- Wymiary: wysoko\u015b\u0107 3,14\u2033 (8 cm), \u015brednica 3,25\u2033(8,25 cm)<br \/>\n- Bia\u0142a pow\u0142oka ze srebrnym brzegiem<br \/>\n- Tylko pranie r\u0119czne<br \/>\n- Pusty produkt pochodz\u0105cy z Chin<\/p>\n<p><strong>Uwaga!!! Nie podgrzewaj p\u0142yn\u00f3w ani jedzenia bezpo\u015brednio w kubku - mo\u017ce to uszkodzi\u0107 pow\u0142ok\u0119.<\/strong><\/p>","protected":false},"excerpt":{"rendered":"<p>Ka\u017cdy szcz\u0119\u015bliwy kempingowicz potrzebuje wyj\u0105tkowego kubka kempingowego. Jest lekki, wytrzyma\u0142y i wielofunkcyjny. U\u017cyj go do ulubionego napoju lub gor\u0105cego posi\u0142ku i przymocuj do torby, aby mie\u0107 do niego \u0142atwy dost\u0119p podczas w\u0119dr\u00f3wki. - Materia\u0142: Emalia - Wymiary: wysoko\u015b\u0107 3,14\u2033 (8 cm), \u015brednica 3,25\u2033(8,25 cm) - Bia\u0142a pow\u0142oka ze srebrn\u0105 obw\u00f3dk\u0105 - [...]","protected":false},"featured_media":4048,"comment_status":"open","ping_status":"closed","template":"","meta":{"_acf_changed":false,"content-type":"","_monsterinsights_skip_tracking":false,"_monsterinsights_sitenote_active":false,"_monsterinsights_sitenote_note":"","_monsterinsights_sitenote_category":0},"product_brand":[],"product_cat":[245],"product_tag":[],"class_list":{"0":"post-4047","1":"product","2":"type-product","3":"status-publish","4":"has-post-thumbnail","6":"product_cat-merchandise","8":"first","9":"instock","10":"taxable","11":"shipping-taxable","12":"purchasable","13":"product-type-simple"},"acf":[],"aioseo_notices":[],"jetpack_sharing_enabled":true,"_links":{"self":[{"href":"https:\/\/antcube.shop\/pl\/wp-json\/wp\/v2\/product\/4047","targetHints":{"allow":["GET"]}}],"collection":[{"href":"https:\/\/antcube.shop\/pl\/wp-json\/wp\/v2\/product"}],"about":[{"href":"https:\/\/antcube.shop\/pl\/wp-json\/wp\/v2\/types\/product"}],"replies":[{"embeddable":true,"href":"https:\/\/antcube.shop\/pl\/wp-json\/wp\/v2\/comments?post=4047"}],"wp:featuredmedia":[{"embeddable":true,"href":"https:\/\/antcube.shop\/pl\/wp-json\/wp\/v2\/media\/4048"}],"wp:attachment":[{"href":"https:\/\/antcube.shop\/pl\/wp-json\/wp\/v2\/media?parent=4047"}],"wp:term":[{"taxonomy":"product_brand","embeddable":true,"href":"https:\/\/antcube.shop\/pl\/wp-json\/wp\/v2\/product_brand?post=4047"},{"taxonomy":"product_cat","embeddable":true,"href":"https:\/\/antcube.shop\/pl\/wp-json\/wp\/v2\/product_cat?post=4047"},{"taxonomy":"product_tag","embeddable":true,"href":"https:\/\/antcube.shop\/pl\/wp-json\/wp\/v2\/product_tag?post=4047"}],"curies":[{"name":"wp","href":"https:\/\/api.w.org\/{rel}","templated":true}]}}