{"id":3957,"date":"2021-11-30T13:32:38","date_gmt":"2021-11-30T12:32:38","guid":{"rendered":"https:\/\/antcube.shop\/produkt\/mens-high-top-canvas-shoes\/"},"modified":"2024-12-12T12:25:45","modified_gmt":"2024-12-12T11:25:45","slug":"mens-high-top-canvas-shoes","status":"publish","type":"product","link":"https:\/\/antcube.shop\/pl\/produkt\/mens-high-top-canvas-shoes\/","title":{"rendered":"M\u0119skie g\u00f3rne buty z p\u0142\u00f3tna"},"content":{"rendered":"<p>Podkr\u0119\u0107 swoj\u0105 gr\u0119 obuwnicz\u0105 dzi\u0119ki High Top Canvas Shoes. Te r\u0119cznie robione, modne buty z pewno\u015bci\u0105 dodadz\u0105 uroku Twojemu strojowi. Zdob\u0105d\u017a swoje teraz!<\/p>\n<p>- 100% poliester, g\u00f3rna strona z p\u0142\u00f3tna<br \/>\n- Podeszwa zewn\u0119trzna z gumy etylenowo-octanowej (EVA)<br \/>\n- Oddychaj\u0105ca podszewka, mi\u0119kka wk\u0142adka<br \/>\n- Sk\u00f3rzana os\u0142ona palc\u00f3w<br \/>\n- Bia\u0142e koronki<br \/>\n- Wy\u015bcie\u0142any ko\u0142nierz, sznurowany prz\u00f3d<br \/>\n- Pusty produkt pochodz\u0105cy z Chin<\/p>\n<p><strong>Wa\u017cne:<\/strong> Ten produkt jest dost\u0119pny w nast\u0119puj\u0105cych krajach: Stany Zjednoczone, Kanada, Australia, Nowa Zelandia i Japonia. Je\u015bli Tw\u00f3j adres wysy\u0142ki znajduje si\u0119 poza tymi krajami, wybierz inny produkt.<\/p>\n<p><strong>Zastrze\u017cenie:<\/strong> Buty po otwarciu pude\u0142ka b\u0119d\u0105 mia\u0142y zapach przypominaj\u0105cy klej. Zapach zniknie po kilku dniach od rozpakowania but\u00f3w.<\/p>","protected":false},"excerpt":{"rendered":"<p>Podkr\u0119\u0107 swoj\u0105 gr\u0119 obuwnicz\u0105 dzi\u0119ki High Top Canvas Shoes. Te r\u0119cznie robione, modne buty z pewno\u015bci\u0105 dodadz\u0105 uroku Twojemu strojowi. Zdob\u0105d\u017a swoje teraz! - 100% poliester, g\u00f3rna strona z p\u0142\u00f3tna - gumowa podeszwa z octanu etylenu-winylu (EVA) - oddychaj\u0105ca podszewka, mi\u0119kka wk\u0142adka - sk\u00f3rzana os\u0142ona palc\u00f3w - bia\u0142e sznur\u00f3wki - wy\u015bcie\u0142any ko\u0142nierz, sznurowany prz\u00f3d","protected":false},"featured_media":3975,"comment_status":"open","ping_status":"closed","template":"","meta":{"_acf_changed":false,"content-type":"","_monsterinsights_skip_tracking":false,"_monsterinsights_sitenote_active":false,"_monsterinsights_sitenote_note":"","_monsterinsights_sitenote_category":0},"product_brand":[],"product_cat":[245],"product_tag":[],"class_list":{"0":"post-3957","1":"product","2":"type-product","3":"status-publish","4":"has-post-thumbnail","6":"product_cat-merchandise","8":"first","9":"instock","10":"taxable","11":"shipping-taxable","12":"purchasable","13":"product-type-variable"},"acf":[],"aioseo_notices":[],"jetpack_sharing_enabled":true,"_links":{"self":[{"href":"https:\/\/antcube.shop\/pl\/wp-json\/wp\/v2\/product\/3957","targetHints":{"allow":["GET"]}}],"collection":[{"href":"https:\/\/antcube.shop\/pl\/wp-json\/wp\/v2\/product"}],"about":[{"href":"https:\/\/antcube.shop\/pl\/wp-json\/wp\/v2\/types\/product"}],"replies":[{"embeddable":true,"href":"https:\/\/antcube.shop\/pl\/wp-json\/wp\/v2\/comments?post=3957"}],"wp:featuredmedia":[{"embeddable":true,"href":"https:\/\/antcube.shop\/pl\/wp-json\/wp\/v2\/media\/3975"}],"wp:attachment":[{"href":"https:\/\/antcube.shop\/pl\/wp-json\/wp\/v2\/media?parent=3957"}],"wp:term":[{"taxonomy":"product_brand","embeddable":true,"href":"https:\/\/antcube.shop\/pl\/wp-json\/wp\/v2\/product_brand?post=3957"},{"taxonomy":"product_cat","embeddable":true,"href":"https:\/\/antcube.shop\/pl\/wp-json\/wp\/v2\/product_cat?post=3957"},{"taxonomy":"product_tag","embeddable":true,"href":"https:\/\/antcube.shop\/pl\/wp-json\/wp\/v2\/product_tag?post=3957"}],"curies":[{"name":"wp","href":"https:\/\/api.w.org\/{rel}","templated":true}]}}