{"id":3875,"date":"2021-11-23T18:19:09","date_gmt":"2021-11-23T17:19:09","guid":{"rendered":"https:\/\/antcube.shop\/produkt\/ameisen-spiralturm-s-30\/"},"modified":"2026-03-26T09:29:21","modified_gmt":"2026-03-26T08:29:21","slug":"ameisen-spiralturm-s-30","status":"publish","type":"product","link":"https:\/\/antcube.shop\/pl\/produkt\/ameisen-spiralturm-s-30\/","title":{"rendered":"Spiralna wie\u017ca mr\u00f3wek S - 30"},"content":{"rendered":"<div><strong>Wymiary<\/strong>: 19x19x30cm; <strong>S<\/strong> do w\u0119\u017ca 10\/06 mm<\/div>\n<div><\/div>\n<div><strong>Materia\u0142<\/strong>: PMMA, PVC<\/div>\n<div><\/div>\n<div><strong>Kolor<\/strong>: krystalicznie czysty, przejrzysty, p\u00f3\u0142przezroczysty<\/div>\n<div><\/div>\n<div><strong>Spis tre\u015bci<\/strong>:<\/div>\n<div>2x p\u0142yta dolna \/ pokrywa<\/div>\n<div>2x dost\u0119p do w\u0119\u017ca dla w\u0119\u017ca 10\/06 mm<\/div>\n<div>4x kolumna na w\u0105\u017c do w\u0119\u017ca 10\/06 mm<\/div>\n<div>10x sworze\u0144 mocuj\u0105cy<\/div>\n<div>7m w\u0105\u017c 10\/06mm<\/div>\n<div><strong>Uwaga<\/strong>: Cz\u0119\u015bci s\u0105 dostarczane jako zestaw lub system wtykowy. Nie jest konieczne klejenie.<\/div>\n<div><\/div>\n<div><strong>Po\u0142\u0105czenie<\/strong>:<\/div>\n<div>2x w\u0105\u017c 10\/06 mm<\/div>\n<div><\/div>\n<div><strong>Opis<\/strong>: Spiralna wie\u017ca dla mr\u00f3wek s\u0142u\u017cy do pokonania odleg\u0142o\u015bci mi\u0119dzy aren\u0105 a farm\u0105 mr\u00f3wek i dodatkowo oferuje zwierz\u0119tom du\u017c\u0105 odleg\u0142o\u015b\u0107 do pokonania na niewielkiej przestrzeni. Dodatkowy dystans do chodzenia symuluje \u015bcie\u017cki, kt\u00f3re mr\u00f3wki musz\u0105 pokonywa\u0107 w naturze do swoich \u017ar\u00f3de\u0142 po\u017cywienia i mo\u017ce mie\u0107 pozytywny wp\u0142yw na rozw\u00f3j i zachowanie kolonii mr\u00f3wek.<\/div>\n<div><\/div>\n<div><strong>Aplikacja<\/strong>: dla farm mr\u00f3wek wielko\u015b\u0107 <strong>S<\/strong><\/div>","protected":false},"excerpt":{"rendered":"<p>Przy\u0142\u0105cze: w\u0105\u017c 10\/06 mm<br \/>\nRozmiar <strong>S<\/strong><\/p>","protected":false},"featured_media":3883,"comment_status":"open","ping_status":"closed","template":"","meta":{"_acf_changed":false,"content-type":"","_monsterinsights_skip_tracking":false,"_monsterinsights_sitenote_active":false,"_monsterinsights_sitenote_note":"","_monsterinsights_sitenote_category":0},"product_brand":[],"product_cat":[119,256],"product_tag":[],"class_list":{"0":"post-3875","1":"product","2":"type-product","3":"status-publish","4":"has-post-thumbnail","6":"product_cat-formicarium-components","7":"product_cat-spiral-tower","9":"first","10":"instock","11":"taxable","12":"shipping-taxable","13":"purchasable","14":"product-type-simple"},"acf":[],"aioseo_notices":[],"jetpack_sharing_enabled":true,"_links":{"self":[{"href":"https:\/\/antcube.shop\/pl\/wp-json\/wp\/v2\/product\/3875","targetHints":{"allow":["GET"]}}],"collection":[{"href":"https:\/\/antcube.shop\/pl\/wp-json\/wp\/v2\/product"}],"about":[{"href":"https:\/\/antcube.shop\/pl\/wp-json\/wp\/v2\/types\/product"}],"replies":[{"embeddable":true,"href":"https:\/\/antcube.shop\/pl\/wp-json\/wp\/v2\/comments?post=3875"}],"wp:featuredmedia":[{"embeddable":true,"href":"https:\/\/antcube.shop\/pl\/wp-json\/wp\/v2\/media\/3883"}],"wp:attachment":[{"href":"https:\/\/antcube.shop\/pl\/wp-json\/wp\/v2\/media?parent=3875"}],"wp:term":[{"taxonomy":"product_brand","embeddable":true,"href":"https:\/\/antcube.shop\/pl\/wp-json\/wp\/v2\/product_brand?post=3875"},{"taxonomy":"product_cat","embeddable":true,"href":"https:\/\/antcube.shop\/pl\/wp-json\/wp\/v2\/product_cat?post=3875"},{"taxonomy":"product_tag","embeddable":true,"href":"https:\/\/antcube.shop\/pl\/wp-json\/wp\/v2\/product_tag?post=3875"}],"curies":[{"name":"wp","href":"https:\/\/api.w.org\/{rel}","templated":true}]}}