{"id":3625,"date":"2021-11-19T12:53:34","date_gmt":"2021-11-19T11:53:34","guid":{"rendered":"https:\/\/antcube.shop\/produkt\/snapback-hat\/"},"modified":"2024-12-12T12:26:44","modified_gmt":"2024-12-12T11:26:44","slug":"snapback-czapka","status":"publish","type":"product","link":"https:\/\/antcube.shop\/pl\/produkt\/snapback-czapka\/","title":{"rendered":"Czapka Snapback"},"content":{"rendered":"<p>Ten kapelusz ma klasyczny kr\u00f3j, p\u0142aski rondel i pe\u0142ne obszycie. Regulowane zapi\u0119cie na zatrzask sprawia, \u017ce jest to wygodny kapelusz, kt\u00f3ry pasuje do wi\u0119kszo\u015bci rozmiar\u00f3w.<\/p>\n<p>- 80% akryl, 20% we\u0142na<br \/>\n- Green Camo to 60% bawe\u0142na, 40% poliester<br \/>\n- Strukturalny, 6-panelowy, wysokoprofilowy<br \/>\n- 6 haftowanych oczek<br \/>\n- Plastikowe zamkni\u0119cie na zatrzask<br \/>\n- Zielony undervisor<br \/>\n- Obw\u00f3d g\u0142owy: 21\u215d\u2033-23\u215d\u2033 (54,9 cm-60 cm)<br \/>\n- Pusty produkt pochodz\u0105cy z Wietnamu lub Bangladeszu<\/p>\n<p>&nbsp;<\/p>\n<p>Dostaw\u0105 i produkcj\u0105 produkt\u00f3w z kategorii Towary zajmuje si\u0119 nasz Partner PRINTFUL. Zamawiaj\u0105c jeden z tych produkt\u00f3w, akceptujesz Regulamin, Polityk\u0119 Prywatno\u015bci i Polityk\u0119 Zwrot\u00f3w firmy PRINTFUL.<\/p>\n<p><a href=\"https:\/\/www.printful.com\/policies\/terms-of-service\">Regulamin PRINTFUL znajduje si\u0119 tutaj.<\/a><\/p>\n<p><a href=\"https:\/\/www.printful.com\/policies\/returns\">Tutaj znajdziesz zasady zwrotu produkt\u00f3w PRINTFUL.<\/a><\/p>\n<p><a href=\"https:\/\/www.printful.com\/policies\/privacy\">Polityka prywatno\u015bci firmy PRINTFUL znajduje si\u0119 tutaj.<\/a><\/p>","protected":false},"excerpt":{"rendered":"<p>Ten kapelusz ma klasyczny kr\u00f3j, p\u0142aski rondel i pe\u0142ne obszycie. Regulowane zapi\u0119cie na zatrzaski sprawia, \u017ce jest to wygodna czapka, kt\u00f3ra pasuje do wi\u0119kszo\u015bci rozmiar\u00f3w. - 80% akryl, 20% we\u0142na - Green Camo to 60% bawe\u0142na, 40% poliester - Strukturalna, 6-panelowa, o wysokim profilu - 6 haftowanych oczek - Plastikowe zapi\u0119cie na zatrzaski - Zielony podnosek - Obw\u00f3d g\u0142owy: 21\u215d\u2033-23\u215d\u2033.","protected":false},"featured_media":3627,"comment_status":"open","ping_status":"closed","template":"","meta":{"_acf_changed":false,"content-type":"","_monsterinsights_skip_tracking":false,"_monsterinsights_sitenote_active":false,"_monsterinsights_sitenote_note":"","_monsterinsights_sitenote_category":0},"product_brand":[],"product_cat":[245],"product_tag":[],"class_list":{"0":"post-3625","1":"product","2":"type-product","3":"status-publish","4":"has-post-thumbnail","6":"product_cat-merchandise","8":"first","9":"instock","10":"taxable","11":"shipping-taxable","12":"purchasable","13":"product-type-simple"},"acf":[],"aioseo_notices":[],"jetpack_sharing_enabled":true,"_links":{"self":[{"href":"https:\/\/antcube.shop\/pl\/wp-json\/wp\/v2\/product\/3625","targetHints":{"allow":["GET"]}}],"collection":[{"href":"https:\/\/antcube.shop\/pl\/wp-json\/wp\/v2\/product"}],"about":[{"href":"https:\/\/antcube.shop\/pl\/wp-json\/wp\/v2\/types\/product"}],"replies":[{"embeddable":true,"href":"https:\/\/antcube.shop\/pl\/wp-json\/wp\/v2\/comments?post=3625"}],"wp:featuredmedia":[{"embeddable":true,"href":"https:\/\/antcube.shop\/pl\/wp-json\/wp\/v2\/media\/3627"}],"wp:attachment":[{"href":"https:\/\/antcube.shop\/pl\/wp-json\/wp\/v2\/media?parent=3625"}],"wp:term":[{"taxonomy":"product_brand","embeddable":true,"href":"https:\/\/antcube.shop\/pl\/wp-json\/wp\/v2\/product_brand?post=3625"},{"taxonomy":"product_cat","embeddable":true,"href":"https:\/\/antcube.shop\/pl\/wp-json\/wp\/v2\/product_cat?post=3625"},{"taxonomy":"product_tag","embeddable":true,"href":"https:\/\/antcube.shop\/pl\/wp-json\/wp\/v2\/product_tag?post=3625"}],"curies":[{"name":"wp","href":"https:\/\/api.w.org\/{rel}","templated":true}]}}