{"id":3599,"date":"2021-11-19T12:47:56","date_gmt":"2021-11-19T11:47:56","guid":{"rendered":"https:\/\/antcube.shop\/produkt\/premium-eco-hoodie\/"},"modified":"2024-12-12T12:27:02","modified_gmt":"2024-12-12T11:27:02","slug":"premium-eco-hoodie","status":"publish","type":"product","link":"https:\/\/antcube.shop\/pl\/produkt\/premium-eco-hoodie\/","title":{"rendered":"Ekologiczna bluza z kapturem Premium"},"content":{"rendered":"<p>Poznaj ekologiczn\u0105 bluz\u0119 z kapturem wykonan\u0105 z organicznych i przetworzonych materia\u0142\u00f3w. Wygodny kr\u00f3j, kiesze\u0144 z przodu i dwuwarstwowy kaptur sprawiaj\u0105, \u017ce bluza jest klasycznym elementem streetwearu, kt\u00f3ry mo\u017cna \u0142\u0105czy\u0107 z wieloma r\u00f3\u017cnymi stylami.<\/p>\n<p>- 85% bawe\u0142na organiczna, 15% poliester z recyklingu<br \/>\n- \u015aci\u0105gacz: 97% bawe\u0142na organiczna, 3% elastan<br \/>\n- Wewn\u0105trz szczotkowana tkanina polarowa<br \/>\n- Wygodny kr\u00f3j unisex<br \/>\n- Dwuwarstwowy kaptur<br \/>\n- P\u0142askie sznurki \u015bci\u0105gaj\u0105ce z metalowymi oczkami dla lepszego samopoczucia.<br \/>\n- Kiesze\u0144 typu kangur<br \/>\n- Wewn\u0119trzna\/zewn\u0119trzna naszywka na etykiet\u0119 do oznaczenia marki<br \/>\n- Odrywana etykieta piel\u0119gnacyjna<\/p>\n<p>&nbsp;<\/p>\n<p>Dostaw\u0105 i produkcj\u0105 produkt\u00f3w z kategorii Towary zajmuje si\u0119 nasz Partner PRINTFUL. Zamawiaj\u0105c jeden z tych produkt\u00f3w, akceptujesz Regulamin, Polityk\u0119 Prywatno\u015bci i Polityk\u0119 Zwrot\u00f3w firmy PRINTFUL.<\/p>\n<p><a href=\"https:\/\/www.printful.com\/policies\/terms-of-service\">Regulamin PRINTFUL znajduje si\u0119 tutaj.<\/a><\/p>\n<p><a href=\"https:\/\/www.printful.com\/policies\/returns\">Tutaj znajdziesz zasady zwrotu produkt\u00f3w PRINTFUL.<\/a><\/p>\n<p><a href=\"https:\/\/www.printful.com\/policies\/privacy\">Polityka prywatno\u015bci firmy PRINTFUL znajduje si\u0119 tutaj.<\/a><\/p>","protected":false},"excerpt":{"rendered":"<p>Poznaj ekologiczn\u0105 bluz\u0119 z kapturem wykonan\u0105 z organicznych i przetworzonych materia\u0142\u00f3w. Wygodny kr\u00f3j, kiesze\u0144 z przodu i dwuwarstwowy kaptur sprawiaj\u0105, \u017ce bluza jest klasycznym elementem streetwearu, kt\u00f3ry mo\u017cna \u0142\u0105czy\u0107 z wieloma r\u00f3\u017cnymi stylizacjami. - 85% bawe\u0142na organiczna, 15% poliester z recyklingu - \u015bci\u0105gacze: 97% bawe\u0142na organiczna, 3% elastan - wewn\u0105trz szczotkowany polar","protected":false},"featured_media":3607,"comment_status":"open","ping_status":"closed","template":"","meta":{"_acf_changed":false,"content-type":"","_monsterinsights_skip_tracking":false,"_monsterinsights_sitenote_active":false,"_monsterinsights_sitenote_note":"","_monsterinsights_sitenote_category":0},"product_brand":[],"product_cat":[245],"product_tag":[],"class_list":{"0":"post-3599","1":"product","2":"type-product","3":"status-publish","4":"has-post-thumbnail","6":"product_cat-merchandise","8":"first","9":"instock","10":"taxable","11":"shipping-taxable","12":"purchasable","13":"product-type-variable"},"acf":[],"aioseo_notices":[],"jetpack_sharing_enabled":true,"_links":{"self":[{"href":"https:\/\/antcube.shop\/pl\/wp-json\/wp\/v2\/product\/3599","targetHints":{"allow":["GET"]}}],"collection":[{"href":"https:\/\/antcube.shop\/pl\/wp-json\/wp\/v2\/product"}],"about":[{"href":"https:\/\/antcube.shop\/pl\/wp-json\/wp\/v2\/types\/product"}],"replies":[{"embeddable":true,"href":"https:\/\/antcube.shop\/pl\/wp-json\/wp\/v2\/comments?post=3599"}],"wp:featuredmedia":[{"embeddable":true,"href":"https:\/\/antcube.shop\/pl\/wp-json\/wp\/v2\/media\/3607"}],"wp:attachment":[{"href":"https:\/\/antcube.shop\/pl\/wp-json\/wp\/v2\/media?parent=3599"}],"wp:term":[{"taxonomy":"product_brand","embeddable":true,"href":"https:\/\/antcube.shop\/pl\/wp-json\/wp\/v2\/product_brand?post=3599"},{"taxonomy":"product_cat","embeddable":true,"href":"https:\/\/antcube.shop\/pl\/wp-json\/wp\/v2\/product_cat?post=3599"},{"taxonomy":"product_tag","embeddable":true,"href":"https:\/\/antcube.shop\/pl\/wp-json\/wp\/v2\/product_tag?post=3599"}],"curies":[{"name":"wp","href":"https:\/\/api.w.org\/{rel}","templated":true}]}}