{"id":3575,"date":"2021-11-19T12:45:26","date_gmt":"2021-11-19T11:45:26","guid":{"rendered":"https:\/\/antcube.shop\/produkt\/unisex-organic-cotton-t-shirt\/"},"modified":"2024-12-12T12:27:10","modified_gmt":"2024-12-12T11:27:10","slug":"koszulka-unisex-organiczna-bawelna","status":"publish","type":"product","link":"https:\/\/antcube.shop\/pl\/produkt\/koszulka-unisex-organiczna-bawelna\/","title":{"rendered":"Koszulka unisex z bawe\u0142ny organicznej"},"content":{"rendered":"<p>Wykonany z organicznej bawe\u0142ny ring-spun 100%, ten unisex t-shirt to absolutny must-have. Jest wysokiej jako\u015bci, superwygodny, a przede wszystkim przyjazny dla \u015brodowiska.<\/p>\n<p>- 100% bawe\u0142na organiczna ring-spun<br \/>\n- Waga tkaniny: 5,3 oz\/yd\u00b2 (180 g\/m\u00b2)<br \/>\n- Koszulka pojedyncza<br \/>\n- \u015arednie dopasowanie<br \/>\n- R\u0119kawy osadzone<br \/>\n- 1 \u00d7 1 \u017cebro przy ko\u0142nierzu<br \/>\n- Szeroki podw\u00f3jny \u015bcieg na r\u0119kawach i dolnym obszyciu<br \/>\n- Samodzielna tkaninowa ta\u015bma na szyj\u0119 (wewn\u0105trz, z ty\u0142u)<br \/>\n- Pusty produkt pochodz\u0105cy z Chin lub Bangladeszu<\/p>\n<p>&nbsp;<\/p>\n<p>Dostaw\u0105 i produkcj\u0105 produkt\u00f3w z kategorii Towary zajmuje si\u0119 nasz Partner PRINTFUL. Zamawiaj\u0105c jeden z tych produkt\u00f3w, akceptujesz Regulamin, Polityk\u0119 Prywatno\u015bci i Polityk\u0119 Zwrot\u00f3w firmy PRINTFUL.<\/p>\n<p><a href=\"https:\/\/www.printful.com\/policies\/terms-of-service\">Regulamin PRINTFUL znajduje si\u0119 tutaj.<\/a><\/p>\n<p><a href=\"https:\/\/www.printful.com\/policies\/returns\">Tutaj znajdziesz zasady zwrotu produkt\u00f3w PRINTFUL.<\/a><\/p>\n<p><a href=\"https:\/\/www.printful.com\/policies\/privacy\">Polityka prywatno\u015bci firmy PRINTFUL znajduje si\u0119 tutaj.<\/a><\/p>","protected":false},"excerpt":{"rendered":"<p>Wykonany z organicznej bawe\u0142ny ring-spun 100%, ten unisex t-shirt to absolutny must-have. Jest wysokiej jako\u015bci, superwygodny i przede wszystkim przyjazny dla \u015brodowiska. - 100% organiczna bawe\u0142na ring-spun - Gramatura materia\u0142u: 5,3 oz\/yd\u00b2 (180 g\/m\u00b2) - Pojedynczy d\u017cersej - \u015aredni kr\u00f3j - prosto wszyte r\u0119kawy - 1 \u00d7 1 \u015bci\u0105gacz przy ko\u0142nierzu - Szeroki podw\u00f3jny \u015bcieg na dole koszulki - Materia\u0142 nie jest obcis\u0142y.","protected":false},"featured_media":3582,"comment_status":"open","ping_status":"closed","template":"","meta":{"_acf_changed":false,"content-type":"","_monsterinsights_skip_tracking":false,"_monsterinsights_sitenote_active":false,"_monsterinsights_sitenote_note":"","_monsterinsights_sitenote_category":0},"product_brand":[],"product_cat":[245],"product_tag":[],"class_list":{"0":"post-3575","1":"product","2":"type-product","3":"status-publish","4":"has-post-thumbnail","6":"product_cat-merchandise","8":"first","9":"instock","10":"taxable","11":"shipping-taxable","12":"purchasable","13":"product-type-variable"},"acf":[],"aioseo_notices":[],"jetpack_sharing_enabled":true,"_links":{"self":[{"href":"https:\/\/antcube.shop\/pl\/wp-json\/wp\/v2\/product\/3575","targetHints":{"allow":["GET"]}}],"collection":[{"href":"https:\/\/antcube.shop\/pl\/wp-json\/wp\/v2\/product"}],"about":[{"href":"https:\/\/antcube.shop\/pl\/wp-json\/wp\/v2\/types\/product"}],"replies":[{"embeddable":true,"href":"https:\/\/antcube.shop\/pl\/wp-json\/wp\/v2\/comments?post=3575"}],"wp:featuredmedia":[{"embeddable":true,"href":"https:\/\/antcube.shop\/pl\/wp-json\/wp\/v2\/media\/3582"}],"wp:attachment":[{"href":"https:\/\/antcube.shop\/pl\/wp-json\/wp\/v2\/media?parent=3575"}],"wp:term":[{"taxonomy":"product_brand","embeddable":true,"href":"https:\/\/antcube.shop\/pl\/wp-json\/wp\/v2\/product_brand?post=3575"},{"taxonomy":"product_cat","embeddable":true,"href":"https:\/\/antcube.shop\/pl\/wp-json\/wp\/v2\/product_cat?post=3575"},{"taxonomy":"product_tag","embeddable":true,"href":"https:\/\/antcube.shop\/pl\/wp-json\/wp\/v2\/product_tag?post=3575"}],"curies":[{"name":"wp","href":"https:\/\/api.w.org\/{rel}","templated":true}]}}