{"id":3566,"date":"2021-11-19T12:43:48","date_gmt":"2021-11-19T11:43:48","guid":{"rendered":"https:\/\/antcube.shop\/produkt\/youth-short-sleeve-t-shirt\/"},"modified":"2024-12-12T12:27:18","modified_gmt":"2024-12-12T11:27:18","slug":"koszulka-z-krotkim-rekawem-dla-mlodziezy","status":"publish","type":"product","link":"https:\/\/antcube.shop\/pl\/produkt\/koszulka-z-krotkim-rekawem-dla-mlodziezy\/","title":{"rendered":"Koszulka m\u0142odzie\u017cowa z kr\u00f3tkim r\u0119kawem"},"content":{"rendered":"<p>To jest koszulka, kt\u00f3rej szuka\u0142e\u015b i kt\u00f3ra na pewno stanie si\u0119 ulubion\u0105 w szafie ka\u017cdego m\u0142odego cz\u0142owieka. Jest lekka, mi\u0119kka i ma unikalny wz\u00f3r.<\/p>\n<p>- 100% bawe\u0142na czesana i ring-spun<br \/>\n- Kolory wrzosowe to 52% bawe\u0142na czesana i ring-spun, 48% poliester<br \/>\n- Athletic Heather to 90% bawe\u0142na czesana i ring-spun, 10% poliester<br \/>\n- Waga tkaniny: 4,2 oz\/yd\u00b2 (142 g\/m2)<br \/>\n- Tkanina niekurczliwa<br \/>\n- 32 single<br \/>\n- Lu\u017any, unisexowy kr\u00f3j<br \/>\n- Konstrukcja z bocznymi szwami<br \/>\n- Pusty produkt pochodz\u0105cy z Nikaragui, USA lub Hondurasu<\/p>\n<p>&nbsp;<\/p>\n<p>Dostaw\u0105 i produkcj\u0105 produkt\u00f3w z kategorii Towary zajmuje si\u0119 nasz Partner PRINTFUL. Zamawiaj\u0105c jeden z tych produkt\u00f3w, akceptujesz Regulamin, Polityk\u0119 Prywatno\u015bci i Polityk\u0119 Zwrot\u00f3w firmy PRINTFUL.<\/p>\n<p><a href=\"https:\/\/www.printful.com\/policies\/terms-of-service\">Regulamin PRINTFUL znajduje si\u0119 tutaj.<\/a><\/p>\n<p><a href=\"https:\/\/www.printful.com\/policies\/returns\">Tutaj znajdziesz zasady zwrotu produkt\u00f3w PRINTFUL.<\/a><\/p>\n<p><a href=\"https:\/\/www.printful.com\/policies\/privacy\">Polityka prywatno\u015bci firmy PRINTFUL znajduje si\u0119 tutaj.<\/a><\/p>","protected":false},"excerpt":{"rendered":"<p>This is the tee that you&#8217;ve been looking for, and it&#8217;s bound to become a favorite in any youngster&#8217;s wardrobe. It&#8217;s light, soft, and comes with a unique design. \u2022 100% combed and ring-spun cotton \u2022 Heather colors are 52% combed and ring-spun cotton, 48% polyester \u2022 Athletic Heather is 90% combed and ring-spun cotton, [&#8230;]","protected":false},"featured_media":3573,"comment_status":"open","ping_status":"closed","template":"","meta":{"_acf_changed":false,"content-type":"","_monsterinsights_skip_tracking":false,"_monsterinsights_sitenote_active":false,"_monsterinsights_sitenote_note":"","_monsterinsights_sitenote_category":0},"product_brand":[],"product_cat":[245],"product_tag":[],"class_list":{"0":"post-3566","1":"product","2":"type-product","3":"status-publish","4":"has-post-thumbnail","6":"product_cat-merchandise","8":"first","9":"instock","10":"taxable","11":"shipping-taxable","12":"purchasable","13":"product-type-variable"},"acf":[],"aioseo_notices":[],"jetpack_sharing_enabled":true,"_links":{"self":[{"href":"https:\/\/antcube.shop\/pl\/wp-json\/wp\/v2\/product\/3566","targetHints":{"allow":["GET"]}}],"collection":[{"href":"https:\/\/antcube.shop\/pl\/wp-json\/wp\/v2\/product"}],"about":[{"href":"https:\/\/antcube.shop\/pl\/wp-json\/wp\/v2\/types\/product"}],"replies":[{"embeddable":true,"href":"https:\/\/antcube.shop\/pl\/wp-json\/wp\/v2\/comments?post=3566"}],"wp:featuredmedia":[{"embeddable":true,"href":"https:\/\/antcube.shop\/pl\/wp-json\/wp\/v2\/media\/3573"}],"wp:attachment":[{"href":"https:\/\/antcube.shop\/pl\/wp-json\/wp\/v2\/media?parent=3566"}],"wp:term":[{"taxonomy":"product_brand","embeddable":true,"href":"https:\/\/antcube.shop\/pl\/wp-json\/wp\/v2\/product_brand?post=3566"},{"taxonomy":"product_cat","embeddable":true,"href":"https:\/\/antcube.shop\/pl\/wp-json\/wp\/v2\/product_cat?post=3566"},{"taxonomy":"product_tag","embeddable":true,"href":"https:\/\/antcube.shop\/pl\/wp-json\/wp\/v2\/product_tag?post=3566"}],"curies":[{"name":"wp","href":"https:\/\/api.w.org\/{rel}","templated":true}]}}